{"id":130,"date":"2019-08-21T15:01:36","date_gmt":"2019-08-21T13:01:36","guid":{"rendered":"https:\/\/www.gsa-technology.ch\/?page_id=130"},"modified":"2026-03-05T16:40:53","modified_gmt":"2026-03-05T15:40:53","slug":"partenariat-avec-gsa","status":"publish","type":"page","link":"https:\/\/www.gsa-technology.ch\/fr\/partenariat-avec-gsa\/","title":{"rendered":"Partenariat avec GSA"},"content":{"rendered":"\n<p><strong>Technologie GSA \u2013 <strong>Le syst\u00e8me d\u2019assemblage parfait pour l\u2019ing\u00e9nierie de la construction en bois<\/strong><\/strong><\/p>\n\n\n\n<p>Depuis l&rsquo;an 2000, GSA Technology AG est \u00e0 la pointe de la recherche et du d\u00e9veloppement de syst\u00e8mes d&rsquo;assemblage haute performance pour l&rsquo;ing\u00e9nierie moderne de la construction en bois. Notre technologie GSA, une marque d\u00e9pos\u00e9e (n\u00b0 654036) dispose d&rsquo;une \u00e9valuation technique europ\u00e9enne ETA-19\/0752 depuis le 12.05.2020.<\/p>\n\n\n\n<p>Le syst\u00e8me est bas\u00e9 sur plusieurs solutions d&rsquo;application test\u00e9es et brevet\u00e9es, qui permettent des assemblages tr\u00e8s efficaces, standardis\u00e9s et embo\u00eetables pour la construction en bois. Par rapport aux moyens d&rsquo;assemblage traditionnels, la technologie GSA offre de nombreux avantages:<\/p>\n\n\n\n<ul class=\"wp-block-list\">\n<li>Syst\u00e8me standardis\u00e9: une grande disponibilit\u00e9 garantit des temps de r\u00e9action courts.<\/li>\n\n\n\n<li>Haut degr\u00e9 de pr\u00e9fabrication: pr\u00e9cision et qualit\u00e9, tout en r\u00e9duisant les co\u00fbts.<\/li>\n\n\n\n<li>Esth\u00e9tique: assemblages architecturaux presque invisibles.<\/li>\n\n\n\n<li>Meilleure protection incendie: les pi\u00e8ces d&rsquo;assemblage prot\u00e9g\u00e9es am\u00e9liorent le comportement au feu.<\/li>\n\n\n\n<li>Montage efficace: les \u00e9l\u00e9ments d&rsquo;assemblage GSA enfichables permettent un montage rapide et simple.<\/li>\n\n\n\n<li>D\u00e9veloppement en continu: des innovations permanentes gr\u00e2ce \u00e0 notre propre laboratoire d&rsquo;essai et aux nouveaux \u00e9l\u00e9ments d&rsquo;assemblage GSA.<\/li>\n<\/ul>\n\n\n\n<p>Gr\u00e2ce \u00e0 notre syst\u00e8me de partenariat, nous encourageons la diffusion de cette technologie de pointe.<\/p>\n\n\n\n<p><\/p>\n\n\n\n<p><strong>Choisissez votre syst\u00e8me de partenariat:<\/strong><\/p>\n\n\n\n<p><strong>1. Partenaire objet<\/strong><\/p>\n\n\n\n<p>En tant que partenaire objet, vous b\u00e9n\u00e9ficiez d&rsquo;un paquet de prestations pour des projets individuels. Nous prenons en charge tous les calculs statiques. Votre \u00e9quipe de planification et de production est initi\u00e9e \u00e0 la mise en \u0153uvre lors d&rsquo;une formation succincte mais compl\u00e8te. Nous fournissons tous les moyens d&rsquo;assemblage et l&rsquo;\u00e9quipement n\u00e9cessaires. Ce mod\u00e8le est id\u00e9al pour les entreprises qui souhaitent r\u00e9aliser des projets cibl\u00e9s avec un soutien maximal.<\/p>\n\n\n\n<p><a href=\"https:\/\/www.gsa-technology.ch\/fr\/wp-content\/uploads\/sites\/3\/2025\/06\/2025_Interview_Deneriaz.pdf\">Voici l\u2019interview de notre partenaire D\u00e9n\u00e9riaz<\/a><\/p>\n\n\n\n<p><strong>2. Partenaire technologie<\/strong><\/p>\n\n\n\n<p>En tant que partenaire technologie, vous b\u00e9n\u00e9ficiez d&rsquo;une formation compl\u00e8te, con\u00e7ue de mani\u00e8re modulaire et couvrant tous les domaines, du dimensionnement \u00e0 la r\u00e9alisation. Vous \u00eates ainsi en mesure de mettre en \u0153uvre des projets de mani\u00e8re autonome et b\u00e9n\u00e9ficiez ainsi d&rsquo;une grande flexibilit\u00e9. Ce mod\u00e8le est id\u00e9al pour les entreprises qui souhaitent agir de mani\u00e8re ind\u00e9pendante \u00e0 long terme et int\u00e9grer compl\u00e8tement la technologie GSA dans leurs processus.<\/p>\n\n\n\n<p>Contactez-nous pour choisir le syst\u00e8me de partenariat GSA le mieux adapt\u00e9 \u00e0 votre entreprise et construire ensemble l&rsquo;avenir de l&rsquo;ing\u00e9nierie du bois !<\/p>\n\n\n\n<p>En tant que partenaire, vous travaillez en \u00e9troite collaboration avec notre entreprise pour trouver des solutions ad\u00e9quates \u00e0 vos projets. Vous augmentez votre valeur ajout\u00e9e en prenant en charge des prestations partielles lors de la r\u00e9alisation de projets. De plus, vous repr\u00e9senterez la marque GSA et ferez partie de notre r\u00e9seau en pleine expansion.<\/p>\n\n\n\n<p><strong>Devenez partenaire et profitez de la technologie GSA!<\/strong><\/p>\n\n\n\n<p>Erich von Weissenfluh (<a href=\"mailto:erv@gsa-technology.ch\">erv@gsa-technology.ch<\/a>) se tiennent volontiers \u00e0 votre disposition pour de plus amples informations.<\/p>\n\n\n\n<p>.<\/p>\n\n\n\n<div class=\"wp-block-media-text alignwide is-stacked-on-mobile\"><figure class=\"wp-block-media-text__media\"><img decoding=\"async\" width=\"600\" height=\"401\" data-src=\"https:\/\/www.gsa-technology.ch\/fr\/wp-content\/uploads\/sites\/3\/2022\/02\/Beitragsbild-Lizenznehmer.jpg\" alt=\"\" class=\"wp-image-1501 size-full lazyload\" data-srcset=\"https:\/\/www.gsa-technology.ch\/fr\/wp-content\/uploads\/sites\/3\/2022\/02\/Beitragsbild-Lizenznehmer.jpg 600w, https:\/\/www.gsa-technology.ch\/fr\/wp-content\/uploads\/sites\/3\/2022\/02\/Beitragsbild-Lizenznehmer-300x201.jpg 300w\" data-sizes=\"(max-width: 600px) 100vw, 600px\" src=\"data:image\/svg+xml;base64,PHN2ZyB3aWR0aD0iMSIgaGVpZ2h0PSIxIiB4bWxucz0iaHR0cDovL3d3dy53My5vcmcvMjAwMC9zdmciPjwvc3ZnPg==\" style=\"--smush-placeholder-width: 600px; --smush-placeholder-aspect-ratio: 600\/401;\" \/><\/figure><div class=\"wp-block-media-text__content\">\n<p style=\"font-size:16px\">GSA Technology AG<br>Obseestrasse 11<br>CH-6078 Lungern<br>Tel.: +41 41 679 70 99<br>Mail: <a href=\"mailto:info@gsa-technology.ch\" target=\"_blank\" rel=\"noreferrer noopener\">info@gsa-technology.ch<\/a><\/p>\n<\/div><\/div>\n","protected":false},"excerpt":{"rendered":"<p>Technologie GSA \u2013 Le syst\u00e8me d\u2019assemblage parfait pour l\u2019ing\u00e9nierie de la construction en bois Depuis l&rsquo;an 2000, GSA Technology AG est \u00e0 la pointe de la recherche et du d\u00e9veloppement de syst\u00e8mes d&rsquo;assemblage haute performance pour l&rsquo;ing\u00e9nierie moderne de la construction en bois. Notre technologie GSA, une marque d\u00e9pos\u00e9e (n\u00b0 654036) dispose d&rsquo;une \u00e9valuation technique [&hellip;]<\/p>\n","protected":false},"author":1,"featured_media":0,"parent":0,"menu_order":0,"comment_status":"closed","ping_status":"closed","template":"","meta":{"footnotes":""},"class_list":["post-130","page","type-page","status-publish","hentry"],"_links":{"self":[{"href":"https:\/\/www.gsa-technology.ch\/fr\/wp-json\/wp\/v2\/pages\/130"}],"collection":[{"href":"https:\/\/www.gsa-technology.ch\/fr\/wp-json\/wp\/v2\/pages"}],"about":[{"href":"https:\/\/www.gsa-technology.ch\/fr\/wp-json\/wp\/v2\/types\/page"}],"author":[{"embeddable":true,"href":"https:\/\/www.gsa-technology.ch\/fr\/wp-json\/wp\/v2\/users\/1"}],"replies":[{"embeddable":true,"href":"https:\/\/www.gsa-technology.ch\/fr\/wp-json\/wp\/v2\/comments?post=130"}],"version-history":[{"count":23,"href":"https:\/\/www.gsa-technology.ch\/fr\/wp-json\/wp\/v2\/pages\/130\/revisions"}],"predecessor-version":[{"id":2034,"href":"https:\/\/www.gsa-technology.ch\/fr\/wp-json\/wp\/v2\/pages\/130\/revisions\/2034"}],"wp:attachment":[{"href":"https:\/\/www.gsa-technology.ch\/fr\/wp-json\/wp\/v2\/media?parent=130"}],"curies":[{"name":"wp","href":"https:\/\/api.w.org\/{rel}","templated":true}]}}