{"id":1651,"date":"2022-07-20T10:16:15","date_gmt":"2022-07-20T08:16:15","guid":{"rendered":"https:\/\/www.gsa-technology.ch\/fr\/?page_id=1651"},"modified":"2025-03-27T08:31:59","modified_gmt":"2025-03-27T07:31:59","slug":"gsa-k","status":"publish","type":"page","link":"https:\/\/www.gsa-technology.ch\/fr\/gsa-technologie\/gsa-k\/","title":{"rendered":"GSA-K"},"content":{"rendered":"\n<div class=\"wp-block-media-text alignwide is-stacked-on-mobile\"><figure class=\"wp-block-media-text__media\"><img decoding=\"async\" width=\"337\" height=\"160\" data-src=\"https:\/\/www.gsa-technology.ch\/fr\/wp-content\/uploads\/sites\/3\/2022\/07\/Skizze-GSA-K.png\" alt=\"\" class=\"wp-image-1654 size-full lazyload\" data-srcset=\"https:\/\/www.gsa-technology.ch\/fr\/wp-content\/uploads\/sites\/3\/2022\/07\/Skizze-GSA-K.png 337w, https:\/\/www.gsa-technology.ch\/fr\/wp-content\/uploads\/sites\/3\/2022\/07\/Skizze-GSA-K-300x142.png 300w\" data-sizes=\"(max-width: 337px) 100vw, 337px\" src=\"data:image\/svg+xml;base64,PHN2ZyB3aWR0aD0iMSIgaGVpZ2h0PSIxIiB4bWxucz0iaHR0cDovL3d3dy53My5vcmcvMjAwMC9zdmciPjwvc3ZnPg==\" style=\"--smush-placeholder-width: 337px; --smush-placeholder-aspect-ratio: 337\/160;\" \/><\/figure><div class=\"wp-block-media-text__content\">\n<p>Coupler deux tiges GSA non-visibles, c\u2019est la particularit\u00e9 du connecteur brevet\u00e9 GSA-K. Il permet de r\u00e9pondre aux exigences de protection incendie souvent d\u00e9terminantes tout en ayant une esth\u00e9tique de haut niveau, et ceci en ne n\u00e9cessitant aucune r\u00e9paration de trou ou d\u2019entaille. De plus, le m\u00e9canisme d\u2019embo\u00eetement permet d\u2019obtenir la pleine r\u00e9sistance de la technologie GSA dans le sens parall\u00e8le aux fibres.<\/p>\n<\/div><\/div>\n\n\n\n<p><a href=\"https:\/\/www.gsa-technology.ch\/fr\/wp-content\/uploads\/sites\/3\/2025\/03\/Plakat_GSA-K_FR.pdf\" data-type=\"URL\" data-id=\"\/fr\/wp-content\/uploads\/sites\/3\/2022\/07\/Plakat_GSA-K_FR.pdf\" target=\"_blank\" rel=\"noreferrer noopener\">Affiche GSA-K<\/a><\/p>\n\n\n\n<figure class=\"wp-block-gallery has-nested-images columns-default is-cropped wp-block-gallery-1 is-layout-flex wp-block-gallery-is-layout-flex\">\n<figure class=\"wp-block-image size-large\"><a href=\"https:\/\/www.gsa-technology.ch\/fr\/wp-content\/uploads\/sites\/3\/2022\/07\/GSA-K-1.jpg\" target=\"_blank\" rel=\"noopener\"><img decoding=\"async\" width=\"768\" height=\"1024\" data-id=\"1659\" data-src=\"https:\/\/www.gsa-technology.ch\/fr\/wp-content\/uploads\/sites\/3\/2022\/07\/GSA-K-1-768x1024.jpg\" alt=\"\" class=\"wp-image-1659 lazyload\" data-srcset=\"https:\/\/www.gsa-technology.ch\/fr\/wp-content\/uploads\/sites\/3\/2022\/07\/GSA-K-1-768x1024.jpg 768w, https:\/\/www.gsa-technology.ch\/fr\/wp-content\/uploads\/sites\/3\/2022\/07\/GSA-K-1-225x300.jpg 225w, https:\/\/www.gsa-technology.ch\/fr\/wp-content\/uploads\/sites\/3\/2022\/07\/GSA-K-1.jpg 1080w\" data-sizes=\"(max-width: 768px) 100vw, 768px\" src=\"data:image\/svg+xml;base64,PHN2ZyB3aWR0aD0iMSIgaGVpZ2h0PSIxIiB4bWxucz0iaHR0cDovL3d3dy53My5vcmcvMjAwMC9zdmciPjwvc3ZnPg==\" style=\"--smush-placeholder-width: 768px; --smush-placeholder-aspect-ratio: 768\/1024;\" \/><\/a><\/figure>\n\n\n\n<figure class=\"wp-block-image size-large\"><a href=\"https:\/\/www.gsa-technology.ch\/fr\/wp-content\/uploads\/sites\/3\/2022\/07\/GSA-K-2.jpg\" target=\"_blank\" rel=\"noopener\"><img decoding=\"async\" width=\"1024\" height=\"834\" data-id=\"1662\" data-src=\"https:\/\/www.gsa-technology.ch\/fr\/wp-content\/uploads\/sites\/3\/2022\/07\/GSA-K-2-1024x834.jpg\" alt=\"\" class=\"wp-image-1662 lazyload\" data-srcset=\"https:\/\/www.gsa-technology.ch\/fr\/wp-content\/uploads\/sites\/3\/2022\/07\/GSA-K-2-1024x834.jpg 1024w, https:\/\/www.gsa-technology.ch\/fr\/wp-content\/uploads\/sites\/3\/2022\/07\/GSA-K-2-300x244.jpg 300w, https:\/\/www.gsa-technology.ch\/fr\/wp-content\/uploads\/sites\/3\/2022\/07\/GSA-K-2-768x626.jpg 768w, https:\/\/www.gsa-technology.ch\/fr\/wp-content\/uploads\/sites\/3\/2022\/07\/GSA-K-2.jpg 1326w\" data-sizes=\"(max-width: 1024px) 100vw, 1024px\" src=\"data:image\/svg+xml;base64,PHN2ZyB3aWR0aD0iMSIgaGVpZ2h0PSIxIiB4bWxucz0iaHR0cDovL3d3dy53My5vcmcvMjAwMC9zdmciPjwvc3ZnPg==\" style=\"--smush-placeholder-width: 1024px; --smush-placeholder-aspect-ratio: 1024\/834;\" \/><\/a><\/figure>\n\n\n\n<figure class=\"wp-block-image size-large\"><a href=\"https:\/\/www.gsa-technology.ch\/fr\/wp-content\/uploads\/sites\/3\/2022\/07\/GSA-K-3.jpg\" target=\"_blank\" rel=\"noopener\"><img decoding=\"async\" width=\"1024\" height=\"768\" data-id=\"1663\" data-src=\"https:\/\/www.gsa-technology.ch\/fr\/wp-content\/uploads\/sites\/3\/2022\/07\/GSA-K-3-1024x768.jpg\" alt=\"\" class=\"wp-image-1663 lazyload\" data-srcset=\"https:\/\/www.gsa-technology.ch\/fr\/wp-content\/uploads\/sites\/3\/2022\/07\/GSA-K-3-1024x768.jpg 1024w, https:\/\/www.gsa-technology.ch\/fr\/wp-content\/uploads\/sites\/3\/2022\/07\/GSA-K-3-300x225.jpg 300w, https:\/\/www.gsa-technology.ch\/fr\/wp-content\/uploads\/sites\/3\/2022\/07\/GSA-K-3-768x576.jpg 768w, https:\/\/www.gsa-technology.ch\/fr\/wp-content\/uploads\/sites\/3\/2022\/07\/GSA-K-3.jpg 1440w\" data-sizes=\"(max-width: 1024px) 100vw, 1024px\" src=\"data:image\/svg+xml;base64,PHN2ZyB3aWR0aD0iMSIgaGVpZ2h0PSIxIiB4bWxucz0iaHR0cDovL3d3dy53My5vcmcvMjAwMC9zdmciPjwvc3ZnPg==\" style=\"--smush-placeholder-width: 1024px; --smush-placeholder-aspect-ratio: 1024\/768;\" \/><\/a><\/figure>\n\n\n\n<figure class=\"wp-block-image size-large\"><a href=\"https:\/\/www.gsa-technology.ch\/fr\/wp-content\/uploads\/sites\/3\/2022\/07\/GSA-K-4.jpg\" target=\"_blank\" rel=\"noopener\"><img decoding=\"async\" width=\"768\" height=\"1024\" data-id=\"1661\" data-src=\"https:\/\/www.gsa-technology.ch\/fr\/wp-content\/uploads\/sites\/3\/2022\/07\/GSA-K-4-768x1024.jpg\" alt=\"\" class=\"wp-image-1661 lazyload\" data-srcset=\"https:\/\/www.gsa-technology.ch\/fr\/wp-content\/uploads\/sites\/3\/2022\/07\/GSA-K-4-768x1024.jpg 768w, https:\/\/www.gsa-technology.ch\/fr\/wp-content\/uploads\/sites\/3\/2022\/07\/GSA-K-4-225x300.jpg 225w, https:\/\/www.gsa-technology.ch\/fr\/wp-content\/uploads\/sites\/3\/2022\/07\/GSA-K-4.jpg 1080w\" data-sizes=\"(max-width: 768px) 100vw, 768px\" src=\"data:image\/svg+xml;base64,PHN2ZyB3aWR0aD0iMSIgaGVpZ2h0PSIxIiB4bWxucz0iaHR0cDovL3d3dy53My5vcmcvMjAwMC9zdmciPjwvc3ZnPg==\" style=\"--smush-placeholder-width: 768px; --smush-placeholder-aspect-ratio: 768\/1024;\" \/><\/a><\/figure>\n\n\n\n<figure class=\"wp-block-image size-large\"><a href=\"https:\/\/www.gsa-technology.ch\/fr\/wp-content\/uploads\/sites\/3\/2022\/07\/GSA-K-5.jpg\" target=\"_blank\" rel=\"noopener\"><img decoding=\"async\" width=\"1024\" height=\"768\" data-id=\"1660\" data-src=\"https:\/\/www.gsa-technology.ch\/fr\/wp-content\/uploads\/sites\/3\/2022\/07\/GSA-K-5-1024x768.jpg\" alt=\"\" class=\"wp-image-1660 lazyload\" data-srcset=\"https:\/\/www.gsa-technology.ch\/fr\/wp-content\/uploads\/sites\/3\/2022\/07\/GSA-K-5-1024x768.jpg 1024w, https:\/\/www.gsa-technology.ch\/fr\/wp-content\/uploads\/sites\/3\/2022\/07\/GSA-K-5-300x225.jpg 300w, https:\/\/www.gsa-technology.ch\/fr\/wp-content\/uploads\/sites\/3\/2022\/07\/GSA-K-5-768x576.jpg 768w, https:\/\/www.gsa-technology.ch\/fr\/wp-content\/uploads\/sites\/3\/2022\/07\/GSA-K-5.jpg 1440w\" data-sizes=\"(max-width: 1024px) 100vw, 1024px\" src=\"data:image\/svg+xml;base64,PHN2ZyB3aWR0aD0iMSIgaGVpZ2h0PSIxIiB4bWxucz0iaHR0cDovL3d3dy53My5vcmcvMjAwMC9zdmciPjwvc3ZnPg==\" style=\"--smush-placeholder-width: 1024px; --smush-placeholder-aspect-ratio: 1024\/768;\" \/><\/a><\/figure>\n\n\n\n<figure class=\"wp-block-image size-large\"><a href=\"https:\/\/www.gsa-technology.ch\/fr\/wp-content\/uploads\/sites\/3\/2022\/07\/GSA-K-6.jpg\" target=\"_blank\" rel=\"noopener\"><img decoding=\"async\" width=\"1024\" height=\"639\" data-id=\"1664\" data-src=\"https:\/\/www.gsa-technology.ch\/fr\/wp-content\/uploads\/sites\/3\/2022\/07\/GSA-K-6-1024x639.jpg\" alt=\"\" class=\"wp-image-1664 lazyload\" data-srcset=\"https:\/\/www.gsa-technology.ch\/fr\/wp-content\/uploads\/sites\/3\/2022\/07\/GSA-K-6-1024x639.jpg 1024w, https:\/\/www.gsa-technology.ch\/fr\/wp-content\/uploads\/sites\/3\/2022\/07\/GSA-K-6-300x187.jpg 300w, https:\/\/www.gsa-technology.ch\/fr\/wp-content\/uploads\/sites\/3\/2022\/07\/GSA-K-6-768x479.jpg 768w, https:\/\/www.gsa-technology.ch\/fr\/wp-content\/uploads\/sites\/3\/2022\/07\/GSA-K-6-1536x958.jpg 1536w, https:\/\/www.gsa-technology.ch\/fr\/wp-content\/uploads\/sites\/3\/2022\/07\/GSA-K-6.jpg 1732w\" data-sizes=\"(max-width: 1024px) 100vw, 1024px\" src=\"data:image\/svg+xml;base64,PHN2ZyB3aWR0aD0iMSIgaGVpZ2h0PSIxIiB4bWxucz0iaHR0cDovL3d3dy53My5vcmcvMjAwMC9zdmciPjwvc3ZnPg==\" style=\"--smush-placeholder-width: 1024px; --smush-placeholder-aspect-ratio: 1024\/639;\" \/><\/a><\/figure>\n<\/figure>\n","protected":false},"excerpt":{"rendered":"<p>Coupler deux tiges GSA non-visibles, c\u2019est la particularit\u00e9 du connecteur brevet\u00e9 GSA-K. Il permet de r\u00e9pondre aux exigences de protection incendie souvent d\u00e9terminantes tout en ayant une esth\u00e9tique de haut niveau, et ceci en ne n\u00e9cessitant aucune r\u00e9paration de trou ou d\u2019entaille. De plus, le m\u00e9canisme d\u2019embo\u00eetement permet d\u2019obtenir la pleine r\u00e9sistance de la technologie [&hellip;]<\/p>\n","protected":false},"author":1,"featured_media":0,"parent":34,"menu_order":7,"comment_status":"closed","ping_status":"closed","template":"","meta":{"footnotes":""},"class_list":["post-1651","page","type-page","status-publish","hentry"],"_links":{"self":[{"href":"https:\/\/www.gsa-technology.ch\/fr\/wp-json\/wp\/v2\/pages\/1651","targetHints":{"allow":["GET"]}}],"collection":[{"href":"https:\/\/www.gsa-technology.ch\/fr\/wp-json\/wp\/v2\/pages"}],"about":[{"href":"https:\/\/www.gsa-technology.ch\/fr\/wp-json\/wp\/v2\/types\/page"}],"author":[{"embeddable":true,"href":"https:\/\/www.gsa-technology.ch\/fr\/wp-json\/wp\/v2\/users\/1"}],"replies":[{"embeddable":true,"href":"https:\/\/www.gsa-technology.ch\/fr\/wp-json\/wp\/v2\/comments?post=1651"}],"version-history":[{"count":7,"href":"https:\/\/www.gsa-technology.ch\/fr\/wp-json\/wp\/v2\/pages\/1651\/revisions"}],"predecessor-version":[{"id":1940,"href":"https:\/\/www.gsa-technology.ch\/fr\/wp-json\/wp\/v2\/pages\/1651\/revisions\/1940"}],"up":[{"embeddable":true,"href":"https:\/\/www.gsa-technology.ch\/fr\/wp-json\/wp\/v2\/pages\/34"}],"wp:attachment":[{"href":"https:\/\/www.gsa-technology.ch\/fr\/wp-json\/wp\/v2\/media?parent=1651"}],"curies":[{"name":"wp","href":"https:\/\/api.w.org\/{rel}","templated":true}]}}