{"id":1976,"date":"2025-07-22T06:54:12","date_gmt":"2025-07-22T04:54:12","guid":{"rendered":"https:\/\/www.gsa-technology.ch\/fr\/?page_id=1976"},"modified":"2026-04-07T11:41:10","modified_gmt":"2026-04-07T09:41:10","slug":"plakate-von-den-bachelorarbeiten-unserer-praktikantinnen","status":"publish","type":"page","link":"https:\/\/www.gsa-technology.ch\/fr\/gsa-technologie\/gsa-fe\/plakate-von-den-bachelorarbeiten-unserer-praktikantinnen\/","title":{"rendered":"Affiches des travaux de bachelor de nos stagiaires"},"content":{"rendered":"\n<p><strong>Nous sommes heureux de vous pr\u00e9senter les affiches passionnantes des m\u00e9moires de bachelor de nos stagiaires.<\/strong><br>Dans le cadre de leurs projets, ils ont explor\u00e9 une grande vari\u00e9t\u00e9 de sujets pratiques et pertinents, d\u00e9velopp\u00e9s en \u00e9troite collaboration avec notre \u00e9quipe.<br>Vous trouverez ici un aper\u00e7u de leurs travaux, y compris les pr\u00e9sentations sous forme d\u2019affiches <em>(toutes les affiches sont disponibles uniquement en allemand)<\/em>.<\/p>\n\n\n\n<ul class=\"wp-block-list\">\n<li>Timothy Fries<br><a href=\"https:\/\/www.gsa-technology.ch\/fr\/wp-content\/uploads\/sites\/3\/2026\/04\/GSA_Plakat_Timothy_Fries.pdf\" data-type=\"link\" data-id=\"https:\/\/www.gsa-technology.ch\/fr\/wp-content\/uploads\/sites\/3\/2026\/04\/GSA_Plakat_Timothy_Fries.pdf\" target=\"_blank\" rel=\"noreferrer noopener\">Entwicklung eines gelenkigen Tr\u00e4ger-St\u00fctzen-Anschlusses<\/a><\/li>\n\n\n\n<li>Fabiana Spitzer<br><a href=\"https:\/\/www.gsa-technology.ch\/wp-content\/uploads\/2025\/07\/GSA_Plakate-FABIANA-Spitzer.pdf\" target=\"_blank\" rel=\"noreferrer noopener\">Senkrecht und unter einem Winkel zur Faser eingeklebte GSA auf Druck<\/a><\/li>\n\n\n\n<li>Evan Lurati<br><a href=\"https:\/\/www.gsa-technology.ch\/wp-content\/uploads\/2025\/07\/GSA_Plakate_EVAN_Lurati.pdf\" target=\"_blank\" rel=\"noreferrer noopener\">Pr\u00fcfung des GSA-S-Verbinders<\/a><\/li>\n\n\n\n<li>Lukas Gammeter<br><a href=\"https:\/\/www.gsa-technology.ch\/wp-content\/uploads\/2025\/07\/GSA_Plakate-LUKAS-Gammeter.pdf\" target=\"_blank\" rel=\"noreferrer noopener\">Blockverklebung von Nadel- und Laubholz: Klebstoffe, Produktion und Qualit\u00e4tssicherung<\/a><\/li>\n\n\n\n<li>Samuel Pulfer<br><a href=\"https:\/\/www.gsa-technology.ch\/wp-content\/uploads\/2025\/07\/GSA_Plakate-SAMUEL-Pulfer.pdf\" target=\"_blank\" rel=\"noreferrer noopener\">Entwicklung des GSA-K-Verbinders<\/a><\/li>\n\n\n\n<li>Jan Cometta<br><a href=\"https:\/\/www.gsa-technology.ch\/wp-content\/uploads\/2025\/07\/GSA_Plakate-JAN-Cometta.pdf\" target=\"_blank\" rel=\"noreferrer noopener\">Buchen-Brettschichtholz als marktf\u00e4higes Hochleistungsbauteil<\/a><\/li>\n\n\n\n<li>Christophe M\u00fchleberg<br><a href=\"https:\/\/www.gsa-technology.ch\/wp-content\/uploads\/2025\/07\/GSA_Plakate-CHRISTOPHE-Muehleberg.pdf\" target=\"_blank\" rel=\"noreferrer noopener\">Dauerstands-Zugversuch an GSA in Esche unter Wechselklima<\/a><\/li>\n\n\n\n<li>Flavio Kienberger<br><a href=\"https:\/\/www.gsa-technology.ch\/wp-content\/uploads\/2025\/07\/GSA_Plakate-FLAVIO-Kienberger.pdf\" target=\"_blank\" rel=\"noreferrer noopener\">Weiterentwicklung und Standardisierung des Hartholzskelettbaus mit dem GSA-H Knoten<\/a><\/li>\n\n\n\n<li>Micha Bach<br><a href=\"https:\/\/www.gsa-technology.ch\/wp-content\/uploads\/2025\/07\/GSA_Plakate-MICHA-Bach.pdf\" target=\"_blank\" rel=\"noreferrer noopener\">Zyklische Duktilit\u00e4t der GSA Technology Untersuchung des zyklischen Tragverhaltens von eingeklebten Gewindestangen<\/a><\/li>\n<\/ul>\n\n\n\n<p><\/p>\n","protected":false},"excerpt":{"rendered":"<p>Nous sommes heureux de vous pr\u00e9senter les affiches passionnantes des m\u00e9moires de bachelor de nos stagiaires.Dans le cadre de leurs projets, ils ont explor\u00e9 une grande vari\u00e9t\u00e9 de sujets pratiques et pertinents, d\u00e9velopp\u00e9s en \u00e9troite collaboration avec notre \u00e9quipe.Vous trouverez ici un aper\u00e7u de leurs travaux, y compris les pr\u00e9sentations sous forme d\u2019affiches (toutes les [&hellip;]<\/p>\n","protected":false},"author":1,"featured_media":0,"parent":79,"menu_order":0,"comment_status":"closed","ping_status":"closed","template":"","meta":{"footnotes":""},"class_list":["post-1976","page","type-page","status-publish","hentry"],"_links":{"self":[{"href":"https:\/\/www.gsa-technology.ch\/fr\/wp-json\/wp\/v2\/pages\/1976","targetHints":{"allow":["GET"]}}],"collection":[{"href":"https:\/\/www.gsa-technology.ch\/fr\/wp-json\/wp\/v2\/pages"}],"about":[{"href":"https:\/\/www.gsa-technology.ch\/fr\/wp-json\/wp\/v2\/types\/page"}],"author":[{"embeddable":true,"href":"https:\/\/www.gsa-technology.ch\/fr\/wp-json\/wp\/v2\/users\/1"}],"replies":[{"embeddable":true,"href":"https:\/\/www.gsa-technology.ch\/fr\/wp-json\/wp\/v2\/comments?post=1976"}],"version-history":[{"count":5,"href":"https:\/\/www.gsa-technology.ch\/fr\/wp-json\/wp\/v2\/pages\/1976\/revisions"}],"predecessor-version":[{"id":2039,"href":"https:\/\/www.gsa-technology.ch\/fr\/wp-json\/wp\/v2\/pages\/1976\/revisions\/2039"}],"up":[{"embeddable":true,"href":"https:\/\/www.gsa-technology.ch\/fr\/wp-json\/wp\/v2\/pages\/79"}],"wp:attachment":[{"href":"https:\/\/www.gsa-technology.ch\/fr\/wp-json\/wp\/v2\/media?parent=1976"}],"curies":[{"name":"wp","href":"https:\/\/api.w.org\/{rel}","templated":true}]}}