{"id":1987,"date":"2025-09-12T07:54:28","date_gmt":"2025-09-12T05:54:28","guid":{"rendered":"https:\/\/www.gsa-technology.ch\/fr\/?page_id=1987"},"modified":"2025-09-22T08:03:59","modified_gmt":"2025-09-22T06:03:59","slug":"gsa-b","status":"publish","type":"page","link":"https:\/\/www.gsa-technology.ch\/fr\/gsa-technologie\/gsa-b\/","title":{"rendered":"GSA-B"},"content":{"rendered":"\n<div class=\"wp-block-media-text is-stacked-on-mobile\"><figure class=\"wp-block-media-text__media\"><img decoding=\"async\" width=\"1024\" height=\"504\" data-src=\"https:\/\/www.gsa-technology.ch\/fr\/wp-content\/uploads\/sites\/3\/2025\/08\/GSA_B-1024x504.png\" alt=\"\" class=\"wp-image-1989 size-full lazyload\" data-srcset=\"https:\/\/www.gsa-technology.ch\/fr\/wp-content\/uploads\/sites\/3\/2025\/08\/GSA_B-1024x504.png 1024w, https:\/\/www.gsa-technology.ch\/fr\/wp-content\/uploads\/sites\/3\/2025\/08\/GSA_B-300x148.png 300w, https:\/\/www.gsa-technology.ch\/fr\/wp-content\/uploads\/sites\/3\/2025\/08\/GSA_B-768x378.png 768w, https:\/\/www.gsa-technology.ch\/fr\/wp-content\/uploads\/sites\/3\/2025\/08\/GSA_B.png 1163w\" data-sizes=\"(max-width: 1024px) 100vw, 1024px\" src=\"data:image\/svg+xml;base64,PHN2ZyB3aWR0aD0iMSIgaGVpZ2h0PSIxIiB4bWxucz0iaHR0cDovL3d3dy53My5vcmcvMjAwMC9zdmciPjwvc3ZnPg==\" style=\"--smush-placeholder-width: 1024px; --smush-placeholder-aspect-ratio: 1024\/504;\" \/><\/figure><div class=\"wp-block-media-text__content\">\n<p>Avec GSA-B, il est possible de r\u00e9aliser des angles de cadre rigides et invisibles. Cet assemblage convient \u00e9galement aux barres coud\u00e9es soumises \u00e0 un moment de flexion positif (d\u00e9tail au fa\u00eete). Les dimensions de ces \u00e9l\u00e9ments pr\u00e9mont\u00e9s en usine sont g\u00e9n\u00e9ralement uniquement limit\u00e9es par les contraintes de transport. En plus d\u2019une rigidit\u00e9 parfaite et d\u2019une grande capacit\u00e9 portante, le syst\u00e8me s\u00e9duit aussi par son apparence \u00e9l\u00e9gante de haute qualit\u00e9.<\/p>\n<\/div><\/div>\n\n\n\n<p><a href=\"https:\/\/www.gsa-technology.ch\/fr\/wp-content\/uploads\/sites\/3\/2025\/09\/Produktdatenblatt_GSA-B_FR.pdf\">Affiche GSA-B<\/a><br><a href=\"https:\/\/www.gsa-technology.ch\/wp-content\/uploads\/2025\/09\/Ausschreibungstext-BFirst.pdf\">Textes de soumission GSA-B (fa\u00eete)<\/a> (en allemand)<br><a href=\"https:\/\/www.gsa-technology.ch\/wp-content\/uploads\/2025\/09\/Ausschreibungstext-BEcke.pdf\">Textes de soumission GSA-B (coin)<\/a> (en allemand)<\/p>\n\n\n\n<figure class=\"wp-block-gallery has-nested-images columns-default is-cropped wp-block-gallery-1 is-layout-flex wp-block-gallery-is-layout-flex\">\n<figure class=\"wp-block-image size-large\"><a href=\"https:\/\/www.gsa-technology.ch\/fr\/wp-content\/uploads\/sites\/3\/2025\/08\/38842-1-scaled.jpg\" target=\"_blank\" rel=\"noreferrer noopener\"><img decoding=\"async\" width=\"1024\" height=\"576\" data-id=\"1991\" data-src=\"https:\/\/www.gsa-technology.ch\/fr\/wp-content\/uploads\/sites\/3\/2025\/08\/38842-1-1024x576.jpg\" alt=\"\" class=\"wp-image-1991 lazyload\" data-srcset=\"https:\/\/www.gsa-technology.ch\/fr\/wp-content\/uploads\/sites\/3\/2025\/08\/38842-1-1024x576.jpg 1024w, https:\/\/www.gsa-technology.ch\/fr\/wp-content\/uploads\/sites\/3\/2025\/08\/38842-1-300x169.jpg 300w, https:\/\/www.gsa-technology.ch\/fr\/wp-content\/uploads\/sites\/3\/2025\/08\/38842-1-768x432.jpg 768w, https:\/\/www.gsa-technology.ch\/fr\/wp-content\/uploads\/sites\/3\/2025\/08\/38842-1-1536x864.jpg 1536w, https:\/\/www.gsa-technology.ch\/fr\/wp-content\/uploads\/sites\/3\/2025\/08\/38842-1-2048x1152.jpg 2048w\" data-sizes=\"(max-width: 1024px) 100vw, 1024px\" src=\"data:image\/svg+xml;base64,PHN2ZyB3aWR0aD0iMSIgaGVpZ2h0PSIxIiB4bWxucz0iaHR0cDovL3d3dy53My5vcmcvMjAwMC9zdmciPjwvc3ZnPg==\" style=\"--smush-placeholder-width: 1024px; --smush-placeholder-aspect-ratio: 1024\/576;\" \/><\/a><\/figure>\n\n\n\n<figure class=\"wp-block-image size-large\"><a href=\"https:\/\/www.gsa-technology.ch\/fr\/wp-content\/uploads\/sites\/3\/2025\/08\/38842-4-scaled.jpg\" target=\"_blank\" rel=\"noreferrer noopener\"><img decoding=\"async\" width=\"1024\" height=\"576\" data-id=\"1992\" data-src=\"https:\/\/www.gsa-technology.ch\/fr\/wp-content\/uploads\/sites\/3\/2025\/08\/38842-4-1024x576.jpg\" alt=\"\" class=\"wp-image-1992 lazyload\" data-srcset=\"https:\/\/www.gsa-technology.ch\/fr\/wp-content\/uploads\/sites\/3\/2025\/08\/38842-4-1024x576.jpg 1024w, https:\/\/www.gsa-technology.ch\/fr\/wp-content\/uploads\/sites\/3\/2025\/08\/38842-4-300x169.jpg 300w, https:\/\/www.gsa-technology.ch\/fr\/wp-content\/uploads\/sites\/3\/2025\/08\/38842-4-768x432.jpg 768w, https:\/\/www.gsa-technology.ch\/fr\/wp-content\/uploads\/sites\/3\/2025\/08\/38842-4-1536x864.jpg 1536w, https:\/\/www.gsa-technology.ch\/fr\/wp-content\/uploads\/sites\/3\/2025\/08\/38842-4-2048x1152.jpg 2048w\" data-sizes=\"(max-width: 1024px) 100vw, 1024px\" src=\"data:image\/svg+xml;base64,PHN2ZyB3aWR0aD0iMSIgaGVpZ2h0PSIxIiB4bWxucz0iaHR0cDovL3d3dy53My5vcmcvMjAwMC9zdmciPjwvc3ZnPg==\" style=\"--smush-placeholder-width: 1024px; --smush-placeholder-aspect-ratio: 1024\/576;\" \/><\/a><\/figure>\n\n\n\n<figure class=\"wp-block-image size-large\"><a href=\"https:\/\/www.gsa-technology.ch\/fr\/wp-content\/uploads\/sites\/3\/2025\/08\/39779-2.jpg\" target=\"_blank\" rel=\"noreferrer noopener\"><img decoding=\"async\" width=\"1024\" height=\"576\" data-id=\"1990\" data-src=\"https:\/\/www.gsa-technology.ch\/fr\/wp-content\/uploads\/sites\/3\/2025\/08\/39779-2-1024x576.jpg\" alt=\"\" class=\"wp-image-1990 lazyload\" data-srcset=\"https:\/\/www.gsa-technology.ch\/fr\/wp-content\/uploads\/sites\/3\/2025\/08\/39779-2-1024x576.jpg 1024w, https:\/\/www.gsa-technology.ch\/fr\/wp-content\/uploads\/sites\/3\/2025\/08\/39779-2-300x169.jpg 300w, https:\/\/www.gsa-technology.ch\/fr\/wp-content\/uploads\/sites\/3\/2025\/08\/39779-2-768x432.jpg 768w, https:\/\/www.gsa-technology.ch\/fr\/wp-content\/uploads\/sites\/3\/2025\/08\/39779-2.jpg 1399w\" data-sizes=\"(max-width: 1024px) 100vw, 1024px\" src=\"data:image\/svg+xml;base64,PHN2ZyB3aWR0aD0iMSIgaGVpZ2h0PSIxIiB4bWxucz0iaHR0cDovL3d3dy53My5vcmcvMjAwMC9zdmciPjwvc3ZnPg==\" style=\"--smush-placeholder-width: 1024px; --smush-placeholder-aspect-ratio: 1024\/576;\" \/><\/a><\/figure>\n\n\n\n<figure class=\"wp-block-image size-large\"><a href=\"https:\/\/www.gsa-technology.ch\/fr\/wp-content\/uploads\/sites\/3\/2025\/08\/39779-16-scaled.jpg\" target=\"_blank\" rel=\"noreferrer noopener\"><img decoding=\"async\" width=\"1024\" height=\"576\" data-id=\"1993\" data-src=\"https:\/\/www.gsa-technology.ch\/fr\/wp-content\/uploads\/sites\/3\/2025\/08\/39779-16-1024x576.jpg\" alt=\"\" class=\"wp-image-1993 lazyload\" data-srcset=\"https:\/\/www.gsa-technology.ch\/fr\/wp-content\/uploads\/sites\/3\/2025\/08\/39779-16-1024x576.jpg 1024w, https:\/\/www.gsa-technology.ch\/fr\/wp-content\/uploads\/sites\/3\/2025\/08\/39779-16-300x169.jpg 300w, https:\/\/www.gsa-technology.ch\/fr\/wp-content\/uploads\/sites\/3\/2025\/08\/39779-16-768x432.jpg 768w, https:\/\/www.gsa-technology.ch\/fr\/wp-content\/uploads\/sites\/3\/2025\/08\/39779-16-1536x864.jpg 1536w, https:\/\/www.gsa-technology.ch\/fr\/wp-content\/uploads\/sites\/3\/2025\/08\/39779-16-2048x1152.jpg 2048w\" data-sizes=\"(max-width: 1024px) 100vw, 1024px\" src=\"data:image\/svg+xml;base64,PHN2ZyB3aWR0aD0iMSIgaGVpZ2h0PSIxIiB4bWxucz0iaHR0cDovL3d3dy53My5vcmcvMjAwMC9zdmciPjwvc3ZnPg==\" style=\"--smush-placeholder-width: 1024px; --smush-placeholder-aspect-ratio: 1024\/576;\" \/><\/a><\/figure>\n<\/figure>\n","protected":false},"excerpt":{"rendered":"<p>Avec GSA-B, il est possible de r\u00e9aliser des angles de cadre rigides et invisibles. Cet assemblage convient \u00e9galement aux barres coud\u00e9es soumises \u00e0 un moment de flexion positif (d\u00e9tail au fa\u00eete). Les dimensions de ces \u00e9l\u00e9ments pr\u00e9mont\u00e9s en usine sont g\u00e9n\u00e9ralement uniquement limit\u00e9es par les contraintes de transport. En plus d\u2019une rigidit\u00e9 parfaite et d\u2019une [&hellip;]<\/p>\n","protected":false},"author":1,"featured_media":0,"parent":34,"menu_order":0,"comment_status":"closed","ping_status":"closed","template":"","meta":{"footnotes":""},"class_list":["post-1987","page","type-page","status-publish","hentry"],"_links":{"self":[{"href":"https:\/\/www.gsa-technology.ch\/fr\/wp-json\/wp\/v2\/pages\/1987","targetHints":{"allow":["GET"]}}],"collection":[{"href":"https:\/\/www.gsa-technology.ch\/fr\/wp-json\/wp\/v2\/pages"}],"about":[{"href":"https:\/\/www.gsa-technology.ch\/fr\/wp-json\/wp\/v2\/types\/page"}],"author":[{"embeddable":true,"href":"https:\/\/www.gsa-technology.ch\/fr\/wp-json\/wp\/v2\/users\/1"}],"replies":[{"embeddable":true,"href":"https:\/\/www.gsa-technology.ch\/fr\/wp-json\/wp\/v2\/comments?post=1987"}],"version-history":[{"count":4,"href":"https:\/\/www.gsa-technology.ch\/fr\/wp-json\/wp\/v2\/pages\/1987\/revisions"}],"predecessor-version":[{"id":2012,"href":"https:\/\/www.gsa-technology.ch\/fr\/wp-json\/wp\/v2\/pages\/1987\/revisions\/2012"}],"up":[{"embeddable":true,"href":"https:\/\/www.gsa-technology.ch\/fr\/wp-json\/wp\/v2\/pages\/34"}],"wp:attachment":[{"href":"https:\/\/www.gsa-technology.ch\/fr\/wp-json\/wp\/v2\/media?parent=1987"}],"curies":[{"name":"wp","href":"https:\/\/api.w.org\/{rel}","templated":true}]}}