{"id":1996,"date":"2025-09-15T10:35:13","date_gmt":"2025-09-15T08:35:13","guid":{"rendered":"https:\/\/www.gsa-technology.ch\/fr\/?page_id=1996"},"modified":"2025-09-23T06:50:35","modified_gmt":"2025-09-23T04:50:35","slug":"gsa-s","status":"publish","type":"page","link":"https:\/\/www.gsa-technology.ch\/fr\/gsa-s\/","title":{"rendered":"GSA-S"},"content":{"rendered":"\n<div class=\"wp-block-media-text is-stacked-on-mobile\"><figure class=\"wp-block-media-text__media\"><img decoding=\"async\" data-src=\"https:\/\/www.gsa-technology.ch\/wp-content\/uploads\/2025\/08\/GSA_S.png\" alt=\"\" class=\"wp-image-2819 size-full lazyload\" src=\"data:image\/svg+xml;base64,PHN2ZyB3aWR0aD0iMSIgaGVpZ2h0PSIxIiB4bWxucz0iaHR0cDovL3d3dy53My5vcmcvMjAwMC9zdmciPjwvc3ZnPg==\" \/><\/figure><div class=\"wp-block-media-text__content\">\n<p>GSA-S a \u00e9t\u00e9 con\u00e7u pour r\u00e9pondre au besoin de structures de stabilisation hautement ductiles et est utilis\u00e9 pour la r\u00e9alisation de portiques avec contreventements excentr\u00e9s (EBF) en bois. Gr\u00e2ce \u00e0 la d\u00e9formation plastique de ses maillons ductiles, l\u2019\u00e9nergie sismique est dissip\u00e9e dans le GSA-S. Cela permet un dimensionnement de la structure en fonction de son comportement ductile, avec un coefficient de comportement favorable et \u00e9conomique.<\/p>\n<\/div><\/div>\n\n\n\n<p><a href=\"https:\/\/www.gsa-technology.ch\/fr\/wp-content\/uploads\/sites\/3\/2025\/09\/Produktedatenblatt_GSA-S_FR.pdf\" target=\"_blank\" rel=\"noreferrer noopener\">Affiche GSA-S<\/a><br><a href=\"https:\/\/www.gsa-technology.ch\/wp-content\/uploads\/2025\/09\/Ausschreibungstext-SLasten.pdf\" target=\"_blank\" rel=\"noreferrer noopener\">Texte de soumission GSA-S (charges) <\/a>(allemand)<br><a href=\"https:\/\/www.gsa-technology.ch\/wp-content\/uploads\/2025\/09\/Ausschreibungstext-SKraefte.pdf\" target=\"_blank\" rel=\"noreferrer noopener\">Texte de soumission GSA-S (forces)<\/a> (allemand)<\/p>\n\n\n\n<figure class=\"wp-block-gallery has-nested-images columns-default is-cropped wp-block-gallery-1 is-layout-flex wp-block-gallery-is-layout-flex\">\n<figure class=\"wp-block-image size-large\"><a href=\"https:\/\/www.gsa-technology.ch\/fr\/wp-content\/uploads\/sites\/3\/2025\/09\/9505_Explo_brm_2-2.jpg\" target=\"_blank\" rel=\"noreferrer noopener\"><img decoding=\"async\" width=\"1024\" height=\"576\" data-id=\"2002\" data-src=\"https:\/\/www.gsa-technology.ch\/fr\/wp-content\/uploads\/sites\/3\/2025\/09\/9505_Explo_brm_2-2-1024x576.jpg\" alt=\"\" class=\"wp-image-2002 lazyload\" data-srcset=\"https:\/\/www.gsa-technology.ch\/fr\/wp-content\/uploads\/sites\/3\/2025\/09\/9505_Explo_brm_2-2-1024x576.jpg 1024w, https:\/\/www.gsa-technology.ch\/fr\/wp-content\/uploads\/sites\/3\/2025\/09\/9505_Explo_brm_2-2-300x169.jpg 300w, https:\/\/www.gsa-technology.ch\/fr\/wp-content\/uploads\/sites\/3\/2025\/09\/9505_Explo_brm_2-2-768x432.jpg 768w, https:\/\/www.gsa-technology.ch\/fr\/wp-content\/uploads\/sites\/3\/2025\/09\/9505_Explo_brm_2-2-1536x864.jpg 1536w, https:\/\/www.gsa-technology.ch\/fr\/wp-content\/uploads\/sites\/3\/2025\/09\/9505_Explo_brm_2-2-2048x1152.jpg 2048w\" data-sizes=\"(max-width: 1024px) 100vw, 1024px\" src=\"data:image\/svg+xml;base64,PHN2ZyB3aWR0aD0iMSIgaGVpZ2h0PSIxIiB4bWxucz0iaHR0cDovL3d3dy53My5vcmcvMjAwMC9zdmciPjwvc3ZnPg==\" style=\"--smush-placeholder-width: 1024px; --smush-placeholder-aspect-ratio: 1024\/576;\" \/><\/a><\/figure>\n\n\n\n<figure class=\"wp-block-image size-large\"><a href=\"https:\/\/www.gsa-technology.ch\/fr\/wp-content\/uploads\/sites\/3\/2025\/09\/9505-162-249-scaled.jpg\" target=\"_blank\" rel=\"noreferrer noopener\"><img decoding=\"async\" width=\"1024\" height=\"576\" data-id=\"2005\" data-src=\"https:\/\/www.gsa-technology.ch\/fr\/wp-content\/uploads\/sites\/3\/2025\/09\/9505-162-249-1024x576.jpg\" alt=\"\" class=\"wp-image-2005 lazyload\" data-srcset=\"https:\/\/www.gsa-technology.ch\/fr\/wp-content\/uploads\/sites\/3\/2025\/09\/9505-162-249-1024x576.jpg 1024w, https:\/\/www.gsa-technology.ch\/fr\/wp-content\/uploads\/sites\/3\/2025\/09\/9505-162-249-300x169.jpg 300w, https:\/\/www.gsa-technology.ch\/fr\/wp-content\/uploads\/sites\/3\/2025\/09\/9505-162-249-768x432.jpg 768w, https:\/\/www.gsa-technology.ch\/fr\/wp-content\/uploads\/sites\/3\/2025\/09\/9505-162-249-1536x864.jpg 1536w, https:\/\/www.gsa-technology.ch\/fr\/wp-content\/uploads\/sites\/3\/2025\/09\/9505-162-249-2048x1152.jpg 2048w\" data-sizes=\"(max-width: 1024px) 100vw, 1024px\" src=\"data:image\/svg+xml;base64,PHN2ZyB3aWR0aD0iMSIgaGVpZ2h0PSIxIiB4bWxucz0iaHR0cDovL3d3dy53My5vcmcvMjAwMC9zdmciPjwvc3ZnPg==\" style=\"--smush-placeholder-width: 1024px; --smush-placeholder-aspect-ratio: 1024\/576;\" \/><\/a><\/figure>\n\n\n\n<figure class=\"wp-block-image size-large\"><a href=\"https:\/\/www.gsa-technology.ch\/fr\/wp-content\/uploads\/sites\/3\/2025\/09\/Erlenmatt-Goldbachweg-Fachwerktrager-scaled.jpg\" target=\"_blank\" rel=\"noreferrer noopener\"><img decoding=\"async\" width=\"1024\" height=\"683\" data-id=\"2016\" data-src=\"https:\/\/www.gsa-technology.ch\/fr\/wp-content\/uploads\/sites\/3\/2025\/09\/Erlenmatt-Goldbachweg-Fachwerktrager-1024x683.jpg\" alt=\"\" class=\"wp-image-2016 lazyload\" data-srcset=\"https:\/\/www.gsa-technology.ch\/fr\/wp-content\/uploads\/sites\/3\/2025\/09\/Erlenmatt-Goldbachweg-Fachwerktrager-1024x683.jpg 1024w, https:\/\/www.gsa-technology.ch\/fr\/wp-content\/uploads\/sites\/3\/2025\/09\/Erlenmatt-Goldbachweg-Fachwerktrager-300x200.jpg 300w, https:\/\/www.gsa-technology.ch\/fr\/wp-content\/uploads\/sites\/3\/2025\/09\/Erlenmatt-Goldbachweg-Fachwerktrager-768x512.jpg 768w, https:\/\/www.gsa-technology.ch\/fr\/wp-content\/uploads\/sites\/3\/2025\/09\/Erlenmatt-Goldbachweg-Fachwerktrager-1536x1024.jpg 1536w, https:\/\/www.gsa-technology.ch\/fr\/wp-content\/uploads\/sites\/3\/2025\/09\/Erlenmatt-Goldbachweg-Fachwerktrager-2048x1365.jpg 2048w\" data-sizes=\"(max-width: 1024px) 100vw, 1024px\" src=\"data:image\/svg+xml;base64,PHN2ZyB3aWR0aD0iMSIgaGVpZ2h0PSIxIiB4bWxucz0iaHR0cDovL3d3dy53My5vcmcvMjAwMC9zdmciPjwvc3ZnPg==\" style=\"--smush-placeholder-width: 1024px; --smush-placeholder-aspect-ratio: 1024\/683;\" \/><\/a><\/figure>\n\n\n\n<figure class=\"wp-block-image size-large\"><a href=\"https:\/\/www.gsa-technology.ch\/fr\/wp-content\/uploads\/sites\/3\/2025\/09\/20231102_122747350_iOS_a-scaled.jpg\" target=\"_blank\" rel=\"noreferrer noopener\"><img decoding=\"async\" width=\"1024\" height=\"576\" data-id=\"2003\" data-src=\"https:\/\/www.gsa-technology.ch\/fr\/wp-content\/uploads\/sites\/3\/2025\/09\/20231102_122747350_iOS_a-1024x576.jpg\" alt=\"\" class=\"wp-image-2003 lazyload\" data-srcset=\"https:\/\/www.gsa-technology.ch\/fr\/wp-content\/uploads\/sites\/3\/2025\/09\/20231102_122747350_iOS_a-1024x576.jpg 1024w, https:\/\/www.gsa-technology.ch\/fr\/wp-content\/uploads\/sites\/3\/2025\/09\/20231102_122747350_iOS_a-300x169.jpg 300w, https:\/\/www.gsa-technology.ch\/fr\/wp-content\/uploads\/sites\/3\/2025\/09\/20231102_122747350_iOS_a-768x432.jpg 768w, https:\/\/www.gsa-technology.ch\/fr\/wp-content\/uploads\/sites\/3\/2025\/09\/20231102_122747350_iOS_a-1536x864.jpg 1536w, https:\/\/www.gsa-technology.ch\/fr\/wp-content\/uploads\/sites\/3\/2025\/09\/20231102_122747350_iOS_a-2048x1152.jpg 2048w\" data-sizes=\"(max-width: 1024px) 100vw, 1024px\" src=\"data:image\/svg+xml;base64,PHN2ZyB3aWR0aD0iMSIgaGVpZ2h0PSIxIiB4bWxucz0iaHR0cDovL3d3dy53My5vcmcvMjAwMC9zdmciPjwvc3ZnPg==\" style=\"--smush-placeholder-width: 1024px; --smush-placeholder-aspect-ratio: 1024\/576;\" \/><\/a><\/figure>\n<\/figure>\n","protected":false},"excerpt":{"rendered":"<p>GSA-S a \u00e9t\u00e9 con\u00e7u pour r\u00e9pondre au besoin de structures de stabilisation hautement ductiles et est utilis\u00e9 pour la r\u00e9alisation de portiques avec contreventements excentr\u00e9s (EBF) en bois. Gr\u00e2ce \u00e0 la d\u00e9formation plastique de ses maillons ductiles, l\u2019\u00e9nergie sismique est dissip\u00e9e dans le GSA-S. Cela permet un dimensionnement de la structure en fonction de son [&hellip;]<\/p>\n","protected":false},"author":1,"featured_media":0,"parent":0,"menu_order":0,"comment_status":"closed","ping_status":"closed","template":"","meta":{"footnotes":""},"class_list":["post-1996","page","type-page","status-publish","hentry"],"_links":{"self":[{"href":"https:\/\/www.gsa-technology.ch\/fr\/wp-json\/wp\/v2\/pages\/1996","targetHints":{"allow":["GET"]}}],"collection":[{"href":"https:\/\/www.gsa-technology.ch\/fr\/wp-json\/wp\/v2\/pages"}],"about":[{"href":"https:\/\/www.gsa-technology.ch\/fr\/wp-json\/wp\/v2\/types\/page"}],"author":[{"embeddable":true,"href":"https:\/\/www.gsa-technology.ch\/fr\/wp-json\/wp\/v2\/users\/1"}],"replies":[{"embeddable":true,"href":"https:\/\/www.gsa-technology.ch\/fr\/wp-json\/wp\/v2\/comments?post=1996"}],"version-history":[{"count":5,"href":"https:\/\/www.gsa-technology.ch\/fr\/wp-json\/wp\/v2\/pages\/1996\/revisions"}],"predecessor-version":[{"id":2019,"href":"https:\/\/www.gsa-technology.ch\/fr\/wp-json\/wp\/v2\/pages\/1996\/revisions\/2019"}],"wp:attachment":[{"href":"https:\/\/www.gsa-technology.ch\/fr\/wp-json\/wp\/v2\/media?parent=1996"}],"curies":[{"name":"wp","href":"https:\/\/api.w.org\/{rel}","templated":true}]}}