{"id":3,"date":"2019-08-19T09:39:18","date_gmt":"2019-08-19T07:39:18","guid":{"rendered":"https:\/\/www.gsa-technology.ch\/?page_id=3"},"modified":"2023-09-04T14:08:15","modified_gmt":"2023-09-04T12:08:15","slug":"datenschutzerklaerung","status":"publish","type":"page","link":"https:\/\/www.gsa-technology.ch\/fr\/datenschutzerklaerung\/","title":{"rendered":"D\u00e9claratoin de confidentialit\u00e9"},"content":{"rendered":"\n<p><em>Version en vigueur au 01.09.2023\u00a0<\/em><\/p>\n\n\n\n<p>Par la pr\u00e9sente d\u00e9claration de confidentialit\u00e9, nous donnons des informations sur les donn\u00e9es personnelles que nous traitons dans le cadre de nos activit\u00e9s et de nos op\u00e9rations, y compris de notre site web. Nous vous indiquons en particulier comment et o\u00f9 nous traitons les donn\u00e9es personnelles et pour quelle finalit\u00e9, et vous informons des droits des personnes dont nous traitons les donn\u00e9es. Par donn\u00e9es personnelles sont entendues toutes les indications qui se rapportent \u00e0 une personne identifi\u00e9e ou identifiable.<\/p>\n\n\n\n<p>Si vous nous fournissez des donn\u00e9es personnelles d\u2019autres personnes (par exemple de fournisseurs, etc.), nous partons du principe que vous \u00eates autoris\u00e9\/e \u00e0 le faire et que ces donn\u00e9es sont exactes. En transmettant des donn\u00e9es sur des tiers, vous le confirmez. Veuillez vous assurer que ces tiers ont \u00e9t\u00e9 inform\u00e9s de la pr\u00e9sente d\u00e9claration de confidentialit\u00e9.<\/p>\n\n\n\n<p>La pr\u00e9sente d\u00e9claration de confidentialit\u00e9 est destin\u00e9e \u00e0 r\u00e9pondre aux exigences du R\u00e8glement g\u00e9n\u00e9ral sur la protection des donn\u00e9es de l\u2019UE (\u00abRGPD\u00bb), de la loi suisse sur la protection des donn\u00e9es (\u00abLPD\u00bb) et de la loi suisse r\u00e9vis\u00e9e sur la protection des donn\u00e9es (\u00abLPD r\u00e9vis\u00e9e\u00bb). Cependant, l\u2019applicabilit\u00e9 de ces lois et la mesure dans laquelle elles s\u2019appliquent d\u00e9pendent de chaque cas.<\/p>\n\n\n\n<h2 class=\"wp-block-heading\">Adresse de contact pour les questions concernant la protection des donn\u00e9es<\/h2>\n\n\n\n<p>La soci\u00e9t\u00e9 neue Holzbau AG, Obseestrasse 11, 6078 Lungern, est responsable des traitements de donn\u00e9es d\u00e9crits dans la pr\u00e9sente d\u00e9claration de confidentialit\u00e9, sauf indication contraire, notamment dans d\u2019autres d\u00e9clarations de confidentialit\u00e9, sur des formulaires ou dans des contrats.<\/p>\n\n\n\n<p>Si vous avez des questions concernant la protection des donn\u00e9es, vous pouvez nous les communiquer \u00e0 l\u2019adresse de contact suivante:\u00a0<\/p>\n\n\n\n<p>GSA Technology AG<br>Obseestrasse 11<br>6078 Lungern<br>Tel: 041 679 70 99<br>Mail:\u00a0<a rel=\"noreferrer noopener\" href=\"mailto:info@gsa-technology.ch\" target=\"_blank\">info@gsa-technology.ch<\/a><\/p>\n\n\n\n<h2 class=\"wp-block-heading\">Collecte et traitement des donn\u00e9es personnelles<\/h2>\n\n\n\n<p>Nous traitons principalement les donn\u00e9es personnelles qui nous sont transmises par nos clients et autres partenaires commerciaux dans le cadre de nos relations commerciales avec eux ainsi que par d\u2019autres personnes impliqu\u00e9es ou que nous collectons aupr\u00e8s de leurs utilisateurs lors de l\u2019exploitation de notre site web et d\u2019autres applications.&nbsp;<\/p>\n\n\n\n<p>Dans la mesure o\u00f9 cela est autoris\u00e9, nous pr\u00e9levons \u00e9galement certaines donn\u00e9es de sources accessibles au public (par exemple registre des poursuites, registre foncier, registre du commerce, presse, Internet) ou en recevons de la part des autorit\u00e9s et d\u2019autres tiers. Outre les donn\u00e9es que vous nous fournissez directement, les cat\u00e9gories de donn\u00e9es personnelles que nous recevons par des tiers \u00e0 votre sujet comprennent notamment des indications provenant de registres publics, des indications port\u00e9es \u00e0 notre connaissance dans le cadre de proc\u00e9dures administratives et judiciaires, des indications en rapport avec vos fonctions et activit\u00e9s professionnelles, des indications vous concernant dans le cadre de correspondances et d\u2019entretiens men\u00e9s avec des tiers, des renseignements sur votre solvabilit\u00e9 (dans la mesure o\u00f9 nous traitons personnellement avec vous), des indications vous concernant que des personnes de votre entourage (famille, conseillers, repr\u00e9sentants juridiques, etc.) nous fournissent afin que nous puissions conclure ou ex\u00e9cuter des contrats avec vous ou avec votre participation (par exemple procurations, indications des banques), vos adresses, les donn\u00e9es en rapport avec l\u2019utilisation du site web (par exemple adresse&nbsp;IP, adresse&nbsp;MAC du smartphone ou de l\u2019ordinateur, indications sur votre appareil et param\u00e8tres, cookies, date et heure de la visite, pages et contenus consult\u00e9s, fonctions utilis\u00e9es, site web de r\u00e9f\u00e9rence, indications de localisation).&nbsp;<\/p>\n\n\n\n<h2 class=\"wp-block-heading\">Finalit\u00e9s du traitement des donn\u00e9es et bases juridiques<\/h2>\n\n\n\n<p>Nous utilisons les donn\u00e9es personnelles que nous collectons principalement pour fournir nos services dans le domaine de la construction en bois lamell\u00e9-coll\u00e9 et\/ou pour conclure et ex\u00e9cuter nos contrats avec nos clients et partenaires commerciaux, ainsi que pour remplir nos obligations l\u00e9gales.<\/p>\n\n\n\n<p>En outre, nous traitons des donn\u00e9es personnelles vous concernant et concernant d\u2019autres personnes, dans la mesure o\u00f9 cela est autoris\u00e9 et nous semble indiqu\u00e9, \u00e9galement aux fins suivantes pour lesquelles il existe un int\u00e9r\u00eat l\u00e9gitime correspondant \u00e0 la finalit\u00e9:&nbsp;<\/p>\n\n\n\n<ul class=\"wp-block-list\">\n<li>Offre et perfectionnement de nos services et de notre site web, ainsi que d\u2019autres plateformes sur lesquelles nous sommes pr\u00e9sents;<\/li>\n\n\n\n<li>Communication avec des tiers et traitement de leurs demandes;<\/li>\n\n\n\n<li>Examen et optimisation des proc\u00e9dures d\u2019analyse des besoins en vue d\u2019un contact direct avec les clients, ainsi que collecte de donn\u00e9es personnelles \u00e0 partir de sources accessibles au public en vue de la prospection de client\u00e8le;\u00a0<\/li>\n\n\n\n<li>Publicit\u00e9 et marketing, dans la mesure o\u00f9 vous ne vous \u00eates pas oppos\u00e9\/e \u00e0 l\u2019utilisation de vos donn\u00e9es (Si nous vous envoyons de la publicit\u00e9 en tant que client, vous pouvez vous y opposer \u00e0 tout moment; nous vous inscrivons alors sur une liste d\u2019opposition \u00e0 d\u2019autres envois publicitaires);\u00a0<\/li>\n\n\n\n<li>Exercice des droits juridiques et d\u00e9fense dans le cadre de litiges juridiques et de proc\u00e9dures administratives;\u00a0<\/li>\n\n\n\n<li>Pr\u00e9vention et \u00e9lucidation des infractions p\u00e9nales et autres comportements r\u00e9pr\u00e9hensibles (par exemple, r\u00e9alisation d\u2019enqu\u00eates internes);\u00a0<\/li>\n\n\n\n<li>prevention and investigation of criminal offences and other misconduct (e.g. conducting internal investigations, data analysis to combat fraud);<\/li>\n\n\n\n<li>Garanties de notre exploitation, en particulier l\u2019informatique, notre site web et d\u2019autres plateformes;\u00a0<\/li>\n\n\n\n<li>Transactions relevant du droit des soci\u00e9t\u00e9s et donc transfert de donn\u00e9es personnelles, mesures relatives \u00e0 la conduite des affaires ainsi qu\u2019au respect des obligations l\u00e9gales et r\u00e9glementaires, et prescriptions internes.\u00a0<\/li>\n<\/ul>\n\n\n\n<p>Si vous nous avez donn\u00e9 votre consentement au traitement de vos donn\u00e9es personnelles \u00e0 des fins particuli\u00e8res, nous traitons vos donn\u00e9es personnelles dans le cadre et sur la base de ce consentement, dans la mesure o\u00f9 nous ne disposons pas d\u2019une autre base juridique et o\u00f9 nous avons besoin d\u2019une telle base. Un consentement donn\u00e9 peut \u00eatre r\u00e9voqu\u00e9 \u00e0 tout moment (cf. \u00e9galement point\u00a09 sur le sujet), ce qui n\u2019a toutefois aucune incidence sur les traitements de donn\u00e9es d\u00e9j\u00e0 effectu\u00e9s.\u00a0<\/p>\n\n\n\n<h2 class=\"wp-block-heading\">Cookies \/ tra\u00e7age en relation avec l&rsquo;utilisatoin de notre site web<\/h2>\n\n\n\n<p>Sur notre site web, nous utilisons habituellement des \u00abcookies\u00bb et des techniques comparables qui permettent d\u2019identifier votre navigateur ou votre appareil. Les cookies que nous utilisons servent en premier lieu \u00e0 garantir les fonctions de notre site web. En outre, nous utilisons des cookies pour rendre votre navigation sur notre site web aussi confortable que possible. Un cookie est un petit fichier qui est envoy\u00e9 \u00e0 votre ordinateur et\/ou qui est automatiquement stock\u00e9 sur votre ordinateur ou appareil mobile par le navigateur web utilis\u00e9 lorsque vous visitez notre site web. Il nous permet de vous reconna\u00eetre lorsque vous revenez sur le site web, m\u00eame si nous ne savons pas qui vous \u00eates. Outre les cookies qui ne sont utilis\u00e9s que pendant une session et qui sont supprim\u00e9s apr\u00e8s votre visite sur le site web (\u00abcookies de session\u00bb), les cookies peuvent \u00e9galement \u00eatre utilis\u00e9s pour enregistrer les pr\u00e9f\u00e9rences de l\u2019utilisateur et d\u2019autres informations pendant une dur\u00e9e d\u00e9termin\u00e9e (par exemple deux ans) (\u00abcookies permanents\u00bb). Vous pouvez toutefois configurer votre navigateur de sorte qu\u2019il refuse les cookies, qu\u2019il ne les enregistre que pour une session ou qu\u2019il les supprime pr\u00e9matur\u00e9ment. La plupart des navigateurs sont param\u00e9tr\u00e9s au pr\u00e9alable pour accepter les cookies. Si vous bloquez les cookies, il se peut que certaines fonctionnalit\u00e9s du site web ne fonctionnent plus.&nbsp;<\/p>\n\n\n\n<p>En utilisant notre site web et en acceptant de recevoir des newsletters et autres e-mails marketing, vous consentez \u00e0 l\u2019utilisation de ces techniques. Dans le cas contraire, vous devez configurer votre navigateur ou votre programme de messagerie en cons\u00e9quence.<\/p>\n\n\n\n<p>Nous utilisons parfois Google Analytics ou des services comparables sur notre site web. Les donn\u00e9es relatives \u00e0 l\u2019utilisation d\u2019un site web sont alors transmises au serveur utilis\u00e9 \u00e0 cet effet. Selon le fournisseur, ces serveurs peuvent se trouver \u00e0 l\u2019\u00e9tranger. Pour Google Analytics, l\u2019outil d\u2019analyse web le plus fr\u00e9quemment utilis\u00e9, ces donn\u00e9es sont transmises, y compris les adresses&nbsp;IP abr\u00e9g\u00e9es, ce qui emp\u00eache l\u2019identification d\u2019appareils individuels. Google respecte les dispositions relatives \u00e0 la protection des donn\u00e9es de l\u2019accord \u00abBouclier de protection des donn\u00e9es Suisse-\u00c9tats-Unis\u00bb et s\u2019est fait enregistrer aupr\u00e8s du minist\u00e8re am\u00e9ricain du Commerce pour le \u00abBouclier de protection des donn\u00e9es Suisse-\u00c9tats-Unis\u00bb. L\u2019adresse&nbsp;IP transmise par votre navigateur dans le cadre de Google Analytics n\u2019est pas recoup\u00e9e avec d\u2019autres donn\u00e9es de Google. Une transmission des donn\u00e9es par Google \u00e0 des tiers n\u2019a lieu que sur la base de prescriptions l\u00e9gales ou dans le cadre du traitement des donn\u00e9es de commande. Vous pouvez emp\u00eacher l\u2019enregistrement par Google des donn\u00e9es g\u00e9n\u00e9r\u00e9es par les cookies et relatives \u00e0 votre utilisation du site web (y compris votre adresse&nbsp;IP) ainsi que le traitement de ces donn\u00e9es par Google en t\u00e9l\u00e9chargeant et en installant le plugin de navigateur disponible aupr\u00e8s de Google.<\/p>\n\n\n\n<p>Nous utilisons \u00e9galement sur nos sites web des plugins de r\u00e9seaux sociaux tels que Facebook, LinkedIn ou Instagram, comme vous pouvez le voir (g\u00e9n\u00e9ralement par des symboles correspondants). Nous avons configur\u00e9 ces \u00e9l\u00e9ments de sorte qu\u2019ils soient d\u00e9sactiv\u00e9s par d\u00e9faut. Si vous les activez (en cliquant dessus), les exploitants des r\u00e9seaux sociaux concern\u00e9s peuvent enregistrer votre pr\u00e9sence sur notre site web et utiliser ces informations \u00e0 leurs propres fins. Le traitement de vos donn\u00e9es personnelles s\u2019effectue alors sous la responsabilit\u00e9 de cet exploitant conform\u00e9ment \u00e0 ses dispositions relatives \u00e0 la protection des donn\u00e9es. Nous ne recevons aucune indication vous concernant de sa part.<\/p>\n\n\n\n<h2 class=\"wp-block-heading\">Transfer et transmission de donn\u00e9es \u00e0 l&rsquo;\u00e9tranger<\/h2>\n\n\n\n<p>Dans le cadre de nos activit\u00e9s commerciales et des finalit\u00e9s mentionn\u00e9es au point&nbsp;3, nous communiquons \u00e9galement des donn\u00e9es \u00e0 des tiers, dans la mesure o\u00f9 cela est autoris\u00e9 et indiqu\u00e9, notamment s\u2019ils les traitent pour notre compte. Il s\u2019agit en particulier des entit\u00e9s suivantes (destinataires):<\/p>\n\n\n\n<ul class=\"wp-block-list\">\n<li>nos prestataires de services (comme les banques, les assurances), y compris les sous-traitants (comme les fournisseurs de services informatiques);\u00a0<\/li>\n\n\n\n<li>les distributeurs, fournisseurs, sous-traitants et autres partenaires commerciaux;\u00a0<\/li>\n\n\n\n<li>les clients:<\/li>\n\n\n\n<li>les autorit\u00e9s, les services administratifs ou les tribunaux;\u00a0<\/li>\n\n\n\n<li>les m\u00e9dias;<\/li>\n\n\n\n<li>les public, y compris les visiteurs des sites web et des r\u00e9seaux sociaux;\u00a0<\/li>\n\n\n\n<li>les acqu\u00e9reurs ou les personnes int\u00e9ress\u00e9es par l\u2019acquisition d\u2019activit\u00e9s, de soci\u00e9t\u00e9s ou d\u2019autres divisions;\u00a0<\/li>\n\n\n\n<li>d&rsquo;autres parties intervenant dans des proc\u00e9dures juridiques \u00e9ventuelles ou r\u00e9elles;\u00a0<\/li>\n<\/ul>\n\n\n\n<p>Ces destinataires se trouvent en partie sur le territoire national, mais peuvent \u00e9galement se trouver \u00e0 l\u2019\u00e9tranger. Vous devez notamment vous attendre \u00e0 ce que vos donn\u00e9es soient transmises dans tous les pays o\u00f9 se trouvent les prestataires de services auquel nous recourons.&nbsp;<\/p>\n\n\n\n<p>Si un destinataire se trouve dans un pays ne disposant pas d\u2019une protection l\u00e9gale suffisante des donn\u00e9es, nous obligeons contractuellement le destinataire \u00e0 respecter la protection des donn\u00e9es applicable (Nous utilisons \u00e0 cet effet les clauses contractuelles types r\u00e9vis\u00e9es de la Commission europ\u00e9enne, qui peuvent \u00eatre consult\u00e9es <a href=\"https:\/\/eur-lex.europa.eu\/eli\/dec_impl\/2021\/914\/oj\">ici<\/a>: dans la mesure o\u00f9 il n\u2019est pas d\u00e9j\u00e0 soumis \u00e0 un ensemble de r\u00e8gles reconnues par la loi pour garantir la protection des donn\u00e9es et o\u00f9 nous ne pouvons pas nous appuyer sur une disposition d\u00e9rogatoire. Une exception peut s\u2019appliquer notamment en cas de proc\u00e9dure juridique \u00e0 l\u2019\u00e9tranger, n\u00e9anmoins \u00e9galement dans des cas d\u2019int\u00e9r\u00eat public pr\u00e9pond\u00e9rant ou si l\u2019ex\u00e9cution d\u2019un contrat n\u00e9cessite une telle communication, si vous avez donn\u00e9 votre consentement ou s\u2019il s\u2019agit de donn\u00e9es que vous avez rendues g\u00e9n\u00e9ralement accessibles et dont vous n\u2019avez pas refus\u00e9 le traitement.<\/p>\n\n\n\n<h2 class=\"wp-block-heading\">Dur\u00e9e de conservation des donn\u00e9es personnelles<\/h2>\n\n\n\n<p>Nous traitons et conservons vos donn\u00e9es personnelles aussi longtemps que cela est n\u00e9cessaire pour remplir nos obligations contractuelles et l\u00e9gales ou pour atteindre les objectifs poursuivis par le traitement, par exemple pendant toute la dur\u00e9e de la relation commerciale (de la pr\u00e9paration jusqu\u2019\u00e0 la fin d\u2019un contrat en passant par son ex\u00e9cution) ainsi qu\u2019au-del\u00e0, conform\u00e9ment aux obligations l\u00e9gales de conservation et de documentation. Dans ce contexte, il est possible que les donn\u00e9es personnelles soient conserv\u00e9es pendant la p\u00e9riode au cours de laquelle des droits peuvent \u00eatre exerc\u00e9s \u00e0 l\u2019encontre de notre entreprise et dans la mesure o\u00f9 nous y sommes contraints autrement par la loi ou si des int\u00e9r\u00eats commerciaux l\u00e9gitimes l\u2019imposent (par exemple \u00e0 des fins de preuve et de documentation). D\u00e8s que vos donn\u00e9es personnelles ne sont plus n\u00e9cessaires aux fins susmentionn\u00e9es, elles sont en principe et dans la mesure du possible supprim\u00e9es ou rendues anonymes. Des d\u00e9lais de conservation plus courts, de douze mois ou moins, s\u2019appliquent g\u00e9n\u00e9ralement aux donn\u00e9es d\u2019entreprise<\/p>\n\n\n\n<h2 class=\"wp-block-heading\">S\u00e9curit\u00e9 des donn\u00e9es<\/h2>\n\n\n\n<p>Nous prenons, dans la mesure du possible et de la faisabilit\u00e9, des mesures de s\u00e9curit\u00e9 techniques et organisationnelles appropri\u00e9es pour prot\u00e9ger vos donn\u00e9es personnelles contre tout acc\u00e8s non autoris\u00e9 et toute utilisation abusive.\u00a0<\/p>\n\n\n\n<h2 class=\"wp-block-heading\">Obligation de fournir des donn\u00e9es personnelles<\/h2>\n\n\n\n<p>Dans le cadre de notre relation commerciale, vous devez fournir les donn\u00e9es personnelles n\u00e9cessaires \u00e0 l\u2019\u00e9tablissement et \u00e0 l\u2019ex\u00e9cution d\u2019une relation commerciale ainsi qu\u2019\u00e0 l\u2019accomplissement des obligations contractuelles qui y sont apparent\u00e9es (De fa\u00e7on g\u00e9n\u00e9rale, vous n\u2019avez pas d\u2019obligation l\u00e9gale de nous fournir des donn\u00e9es). Sans ces donn\u00e9es, nous ne serons g\u00e9n\u00e9ralement pas en mesure de conclure un contrat avec vous (ou avec l\u2019organisme ou la personne que vous repr\u00e9sentez) ou de l\u2019ex\u00e9cuter. Par ailleurs, le site web ne peut pas \u00eatre utilis\u00e9 si certaines indications permettant de garantir le trafic de donn\u00e9es (comme l\u2019adresse\u00a0IP) ne sont pas divulgu\u00e9es.<\/p>\n\n\n\n<h2 class=\"wp-block-heading\">Droits de la personne concern\u00e9e<\/h2>\n\n\n\n<p>Dans le cadre de la l\u00e9gislation applicable en mati\u00e8re de protection des donn\u00e9es et dans la mesure o\u00f9 celle-ci le pr\u00e9voit, vous avez le droit d\u2019obtenir des informations, de rectifier, d\u2019effacer, de limiter le traitement des donn\u00e9es et, dans le cas contraire, de <strong>vous opposer \u00e0 nos traitements de donn\u00e9es et \u00e0 d\u2019autres int\u00e9r\u00eats l\u00e9gitimes \u00e0 l\u2019\u00e9gard du traitement,<\/strong> ainsi que de demander la remise de certaines donn\u00e9es personnelles en vue de leur transfert \u00e0 un autre organisme (ce qu\u2019on appelle la portabilit\u00e9 des donn\u00e9es). Veuillez toutefois noter que nous nous r\u00e9servons le droit de faire valoir pour notre part les restrictions pr\u00e9vues par la loi, par exemple si nous sommes tenus de conserver ou de traiter certaines donn\u00e9es, si nous avons un int\u00e9r\u00eat pr\u00e9pond\u00e9rant \u00e0 le faire (dans la mesure o\u00f9 nous pouvons l\u2019invoquer) ou si nous en avons besoin pour faire valoir des droits. Nous avons d\u00e9j\u00e0 indiqu\u00e9 au point&nbsp;3 la possibilit\u00e9 de r\u00e9voquer votre consentement.<\/p>\n\n\n\n<p>L\u2019exercice de tels droits suppose g\u00e9n\u00e9ralement que vous prouviez votre identit\u00e9 (par exemple copie d\u2019une pi\u00e8ce d\u2019identit\u00e9, lorsque votre identit\u00e9 n\u2019est pas claire ou ne peut \u00eatre v\u00e9rifi\u00e9e autrement). Pour faire valoir vos droits, vous pouvez nous contacter \u00e0 l\u2019adresse indiqu\u00e9e au point 1.<\/p>\n\n\n\n<p>Par ailleurs, toute personne concern\u00e9e a le droit de faire valoir ses droits en justice ou de d\u00e9poser une plainte aupr\u00e8s de l\u2019autorit\u00e9 comp\u00e9tente en mati\u00e8re de protection des donn\u00e9es. L\u2019autorit\u00e9 comp\u00e9tente en mati\u00e8re de protection des donn\u00e9es en Suisse est le Pr\u00e9pos\u00e9 f\u00e9d\u00e9ral \u00e0 la protection des donn\u00e9es et \u00e0 la transparence <a href=\"http:\/\/www.edoeb.admin.ch\/\">(<\/a><a href=\"http:\/\/www.edoeb.admin.ch\/\">http:\/\/www.edoeb.admin.ch<\/a><a href=\"http:\/\/www.edoeb.admin.ch\/\">)<\/a>.<\/p>\n\n\n\n<h2 class=\"wp-block-heading\">Cryptage SSL ou TLS<\/h2>\n\n\n\n<p>Pour des raisons de s\u00e9curit\u00e9 et pour prot\u00e9ger la transmission de contenus confidentiels, comme les demandes que vous nous envoyez en tant qu\u2019exploitant du site, ce site web utilise un cryptage\u00a0SSL ou TLS.\u00a0<\/p>\n\n\n\n<h2 class=\"wp-block-heading\">Modifications<\/h2>\n\n\n\n<p>Nous pouvons adapter la pr\u00e9sente d\u00e9claration de confidentialit\u00e9 \u00e0 tout moment et sans pr\u00e9avis. La version actuelle publi\u00e9e sur notre site web fait foi. Si la d\u00e9claration de confidentialit\u00e9 fait partie d\u2019un accord conclu avec vous, nous vous informerons de la modification par e-mail ou par tout autre moyen appropri\u00e9 en cas de mise \u00e0 jour.\u00a0<\/p>\n","protected":false},"excerpt":{"rendered":"<p>Version en vigueur au 01.09.2023\u00a0 Par la pr\u00e9sente d\u00e9claration de confidentialit\u00e9, nous donnons des informations sur les donn\u00e9es personnelles que nous traitons dans le cadre de nos activit\u00e9s et de nos op\u00e9rations, y compris de notre site web. Nous vous indiquons en particulier comment et o\u00f9 nous traitons les donn\u00e9es personnelles et pour quelle finalit\u00e9, [&hellip;]<\/p>\n","protected":false},"author":1,"featured_media":0,"parent":0,"menu_order":0,"comment_status":"closed","ping_status":"open","template":"","meta":{"footnotes":""},"class_list":["post-3","page","type-page","status-publish","hentry"],"_links":{"self":[{"href":"https:\/\/www.gsa-technology.ch\/fr\/wp-json\/wp\/v2\/pages\/3","targetHints":{"allow":["GET"]}}],"collection":[{"href":"https:\/\/www.gsa-technology.ch\/fr\/wp-json\/wp\/v2\/pages"}],"about":[{"href":"https:\/\/www.gsa-technology.ch\/fr\/wp-json\/wp\/v2\/types\/page"}],"author":[{"embeddable":true,"href":"https:\/\/www.gsa-technology.ch\/fr\/wp-json\/wp\/v2\/users\/1"}],"replies":[{"embeddable":true,"href":"https:\/\/www.gsa-technology.ch\/fr\/wp-json\/wp\/v2\/comments?post=3"}],"version-history":[{"count":5,"href":"https:\/\/www.gsa-technology.ch\/fr\/wp-json\/wp\/v2\/pages\/3\/revisions"}],"predecessor-version":[{"id":1798,"href":"https:\/\/www.gsa-technology.ch\/fr\/wp-json\/wp\/v2\/pages\/3\/revisions\/1798"}],"wp:attachment":[{"href":"https:\/\/www.gsa-technology.ch\/fr\/wp-json\/wp\/v2\/media?parent=3"}],"curies":[{"name":"wp","href":"https:\/\/api.w.org\/{rel}","templated":true}]}}