{"id":31,"date":"2019-08-19T13:24:02","date_gmt":"2019-08-19T11:24:02","guid":{"rendered":"https:\/\/www.gsa-technology.ch\/?page_id=31"},"modified":"2026-04-16T11:40:14","modified_gmt":"2026-04-16T09:40:14","slug":"aesthetik-in-holz","status":"publish","type":"page","link":"https:\/\/www.gsa-technology.ch\/fr\/aesthetik-in-holz\/","title":{"rendered":"L\u2019esth\u00e9tique du Bois"},"content":{"rendered":"\n<div class=\"wp-block-columns is-layout-flex wp-container-core-columns-is-layout-9d6595d7 wp-block-columns-is-layout-flex\">\n<div class=\"wp-block-column is-layout-flow wp-block-column-is-layout-flow\" style=\"flex-basis:66.66%\">\n<p><strong>Das <strong>Assemblage avec haute performance pour l\u2019ing\u00e9nieur en construction bois<\/strong><\/strong><\/p>\n\n\n\n<p>Le bois en tant que mat\u00e9riau de construction est une tradition mill\u00e9naire. De nos jours, la construction en bois est plus efficace que jamais. De nouvelles techniques d&rsquo;usinage et d&rsquo;assemblage ont consid\u00e9rablement \u00e9largi le champ d&rsquo;application. Gr\u00e2ce \u00e0 la technologie GSA, les grandes port\u00e9es, des arcs \u00e9l\u00e9gants et les structures filigranes ne sont plus un probl\u00e8me. Les diff\u00e9rentes essences de bois \u00e9largissent le spectre et les possibilit\u00e9s d\u2019utilisation de ce syst\u00e8me en architecture. <\/p>\n\n\n\n<p>La technologie GSA apporte des avantages \u00e0 tous les niveaux:<\/p>\n\n\n\n<ul class=\"wp-block-list\">\n<li>Pour le ma\u00eetre d\u2019ouvrage on peut cr\u00e9er de mani\u00e8re rentable des \u00e9l\u00e9ments standardis\u00e9s pour ses projets de construction individuels.<\/li>\n\n\n\n<li>La technologie GSA offre aux architectes la possibilit\u00e9 de cr\u00e9er une structure porteuse sophistiqu\u00e9e et esth\u00e9tique. L&rsquo;apparence n&rsquo;est pas affect\u00e9e par des assemblages visibles.<\/li>\n\n\n\n<li>Gr\u00e2ce aux techniques CAD et CNC, des assemblages complexes et faciles \u00e0 assembler sont r\u00e9alis\u00e9s avec la plus grande pr\u00e9cision possible et offrent ainsi au charpentier un montage ais\u00e9 et sans difficult\u00e9.<\/li>\n\n\n\n<li>Ce syst\u00e8me arrive \u00e0 convaincre les ing\u00e9nieurs par la facilit\u00e9 \u00e0 dimensionner des assemblages. La technologie GSA<sup> <\/sup>garantit ces trois crit\u00e8res essentiels&nbsp;: la rigidit\u00e9, la capacit\u00e9 portante et que la ductilit\u00e9.<\/li>\n\n\n\n<li>Le comportement au feu des composants GSA<sup> <\/sup>est optimal car les assemblages restent prot\u00e9g\u00e9s par le rev\u00eatement en bois.<\/li>\n<\/ul>\n\n\n\n<p>Les objets de r\u00e9f\u00e9rence s\u00e9lectionn\u00e9s montrent la diversit\u00e9 de notre entreprise. Nous attendons avec impatience votre id\u00e9e de projet, aussi originale qu\u2019elle soit.<\/p>\n<\/div>\n\n\n\n<div class=\"wp-block-column is-layout-flow wp-block-column-is-layout-flow\" style=\"flex-basis:33.33%\"><div class=\"wp-block-image\">\n<figure class=\"alignright size-full\"><img decoding=\"async\" width=\"150\" height=\"150\" data-src=\"https:\/\/www.gsa-technology.ch\/fr\/wp-content\/uploads\/sites\/3\/2026\/04\/Reto_Schneider.png\" alt=\"\" class=\"wp-image-2043 lazyload\" src=\"data:image\/svg+xml;base64,PHN2ZyB3aWR0aD0iMSIgaGVpZ2h0PSIxIiB4bWxucz0iaHR0cDovL3d3dy53My5vcmcvMjAwMC9zdmciPjwvc3ZnPg==\" style=\"--smush-placeholder-width: 150px; --smush-placeholder-aspect-ratio: 150\/150;\" \/><\/figure>\n<\/div>\n\n\n<p class=\"has-text-align-right\"><strong>Accompagnement des architectes:<\/strong><br>Reto Schneider<br><a href=\"mailto:reto.schneider@gsa-technology.ch\">reto.schneider@gsa-technology.ch<\/a><br>Tel.: <a href=\"tel:+41797688080\" data-type=\"tel\" data-id=\"tel:\">+41 79 768 80 80<\/a><\/p>\n<\/div>\n<\/div>\n\n\n\n<div class=\"wp-block-columns is-layout-flex wp-container-core-columns-is-layout-9d6595d7 wp-block-columns-is-layout-flex\">\n<div class=\"wp-block-column is-layout-flow wp-block-column-is-layout-flow\">\n<figure class=\"wp-block-embed is-type-rich is-provider-prise-en-charge-des-contenus-embarqu-s wp-block-embed-prise-en-charge-des-contenus-embarqu-s wp-embed-aspect-16-9 wp-has-aspect-ratio\"><div class=\"wp-block-embed__wrapper\">\n<iframe title=\"Research &amp; Development of GSA-Technology\" width=\"1200\" height=\"675\" data-src=\"https:\/\/www.youtube.com\/embed\/orvURiY3rjs?feature=oembed\" frameborder=\"0\" allow=\"accelerometer; autoplay; clipboard-write; encrypted-media; gyroscope; picture-in-picture\" allowfullscreen src=\"data:image\/svg+xml;base64,PHN2ZyB3aWR0aD0iMSIgaGVpZ2h0PSIxIiB4bWxucz0iaHR0cDovL3d3dy53My5vcmcvMjAwMC9zdmciPjwvc3ZnPg==\" class=\"lazyload\" data-load-mode=\"1\"><\/iframe>\n<\/div><\/figure>\n<\/div>\n\n\n\n<div class=\"wp-block-column is-layout-flow wp-block-column-is-layout-flow\"><\/div>\n<\/div>\n\n\n\n<p>Cliquez sur les hommes GSA<sup> <\/sup> pour plus de d\u00e9tails sur les produits GSA.<\/p>\n\n\n\n<h2 class=\"wp-block-heading\" id=\"nouveau-restoroute-gotthard-erstfeld\"><a aria-label=\"Nouveau restoroute Gotthard, Erstfeld   (\u00f6ffnet in einem neuem Tab)\" href=\"https:\/\/neueholzbau.ch\/fr\/neubau-gotthard-autobahnraststaette-erstfeld\/\" target=\"_blank\" rel=\"noreferrer noopener\">Nouveau restoroute Gotthard, Erstfeld  <\/a><\/h2>\n\n\n<div class='cdt-sketch alignwide'>    <div class=\"cdt-sketch-img\">\n        <figure>\n            <img decoding=\"async\" alt=\"Neubau Gotthard Autobahnrastst\u00e4tte, Erstfeld\" data-src=\"https:\/\/www.gsa-technology.ch\/fr\/wp-content\/themes\/cdt\/modules\/sketches\/gotthard\/raststaette-gotthard.jpg\" src=\"data:image\/svg+xml;base64,PHN2ZyB3aWR0aD0iMSIgaGVpZ2h0PSIxIiB4bWxucz0iaHR0cDovL3d3dy53My5vcmcvMjAwMC9zdmciPjwvc3ZnPg==\" class=\"lazyload\" style=\"--smush-placeholder-width: 1566px; --smush-placeholder-aspect-ratio: 1566\/962;\">\n        <\/figure>\n    <\/div>\n    <div class=\"cdt-sketch-nav cdt-sketch-gotthard-nav\">\n        <a target=\"_blank\" href=\"\/fr\/wp-content\/uploads\/sites\/3\/2025\/03\/Produktdatenblatt_GSA-LMV_FR.pdf\" class=\"cdt-sketch-btn-gotthard-lmv\"><span>GSA<sup>\u00ae<\/sup>-LMV<\/span><\/a>\n        <a target=\"_blank\" href=\"\/fr\/wp-content\/uploads\/sites\/3\/2025\/03\/Produktdatenblatt_GSA-G_FR.pdf\" class=\"cdt-sketch-btn-gotthard-g\"><span>GSA<sup>\u00ae<\/sup>-G<\/span><\/a>\n    <\/div>\n<\/div>\n\n\n\n<h2 class=\"wp-block-heading\" id=\"nouveau-hall-de-formation-hcd\"><a aria-label=\"Nouveau hall de formation HCD  (\u00f6ffnet in einem neuem Tab)\" href=\"https:\/\/neueholzbau.ch\/fr\/nouveau-hall-de-formation-hcd\/\" target=\"_blank\" rel=\"noreferrer noopener\">Nouveau hall de formation HCD <\/a><\/h2>\n\n\n<div class='cdt-sketch alignwide'>    <div class=\"cdt-sketch-img\">\n        <figure>\n            <img decoding=\"async\" alt=\"Neue Trainingshalle HC Davos\" data-src=\"https:\/\/www.gsa-technology.ch\/fr\/wp-content\/themes\/cdt\/modules\/sketches\/hcd\/hcd.jpg\" src=\"data:image\/svg+xml;base64,PHN2ZyB3aWR0aD0iMSIgaGVpZ2h0PSIxIiB4bWxucz0iaHR0cDovL3d3dy53My5vcmcvMjAwMC9zdmciPjwvc3ZnPg==\" class=\"lazyload\" style=\"--smush-placeholder-width: 1920px; --smush-placeholder-aspect-ratio: 1920\/1290;\">\n        <\/figure>\n    <\/div>\n    <div class=\"cdt-sketch-nav cdt-sketch-hcd-nav\">\n        <a target=\"_blank\" href=\"\/fr\/wp-content\/uploads\/sites\/3\/2025\/03\/Produktdatenblatt_GSA-R_FR.pdf\" class=\"cdt-sketch-btn-hcd-r\"><span>GSA<sup>\u00ae<\/sup>-R<\/span><\/a>\n        <a target=\"_blank\" href=\"\/fr\/wp-content\/uploads\/sites\/3\/2025\/03\/Produktdatenblatt_GSA-FW_FR1.pdf\" class=\"cdt-sketch-btn-hcd-fw\"><span>GSA<sup>\u00ae<\/sup>-FW<\/span><\/a>\n        <a target=\"_blank\" href=\"\/fr\/wp-content\/uploads\/sites\/3\/2025\/03\/Produktdatenblatt_GSA-VS_FR.pdf\" class=\"cdt-sketch-btn-hcd-vs\"><span>GSA<sup>\u00ae<\/sup>-VS<\/span><\/a>\n        <a target=\"_blank\" href=\"\/fr\/wp-content\/uploads\/sites\/3\/2025\/03\/Produktdatenblatt_GSA-VGS_FR.pdf\" class=\"cdt-sketch-btn-hcd-vgs\"><span>GSA<sup>\u00ae<\/sup>-VGS<\/span><\/a>\n        <a target=\"_blank\" href=\"\/fr\/wp-content\/uploads\/sites\/3\/2025\/03\/Produktdatenblatt_GSA-AL_FR.pdf\" class=\"cdt-sketch-btn-hcd-al\"><span>GSA<sup>\u00ae<\/sup>-AL<\/span><\/a>\n    <\/div>\n<\/div>\n\n\n\n<h2 class=\"wp-block-heading\" id=\"centre-de-bois-d-energie-muttenz-bureau-foret-bois-scrap-bois\"><a aria-label=\"Centre de bois d\u2019\u00e9nergie Muttenz \/ Bureau, F\u00f4ret bois- &amp; Scrap bois  (\u00f6ffnet in einem neuem Tab)\" href=\"https:\/\/neueholzbau.ch\/fr\/energieholz-zentrum-muttenz-buero-waldholz-altholzlager\/\" target=\"_blank\" rel=\"noreferrer noopener\">Centre de bois d\u2019\u00e9nergie Muttenz \/ Bureau, F\u00f4ret bois- &amp; Scrap bois <\/a><\/h2>\n\n\n<div class='cdt-sketch alignwide'>    <div class=\"cdt-sketch-img\">\n        <figure>\n            <img decoding=\"async\" alt=\"Energieholz-Zentrum Muttenz \/ B\u00fcro, Waldholz- & Altholzlager\" data-src=\"https:\/\/www.gsa-technology.ch\/fr\/wp-content\/themes\/cdt\/modules\/sketches\/raurica\/raurica.jpg\" src=\"data:image\/svg+xml;base64,PHN2ZyB3aWR0aD0iMSIgaGVpZ2h0PSIxIiB4bWxucz0iaHR0cDovL3d3dy53My5vcmcvMjAwMC9zdmciPjwvc3ZnPg==\" class=\"lazyload\" style=\"--smush-placeholder-width: 1720px; --smush-placeholder-aspect-ratio: 1720\/1439;\">\n        <\/figure>\n    <\/div>\n    <div class=\"cdt-sketch-nav cdt-sketch-raurica-nav\">\n        <a target=\"_blank\" href=\"\/fr\/wp-content\/uploads\/sites\/3\/2025\/03\/Produktdatenblatt_GSA-H_FR.pdf\" class=\"cdt-sketch-btn-raurica-h\"><span>GSA<sup>\u00ae<\/sup>-H<\/span><\/a>\n        <a target=\"_blank\" href=\"\/fr\/wp-content\/uploads\/sites\/3\/2025\/03\/Produktdatenblatt_GSA-LMV_FR.pdf\" class=\"cdt-sketch-btn-raurica-lmv\"><span>GSA<sup>\u00ae<\/sup>-LMV<\/span><\/a>\n        <a target=\"_blank\" href=\"\/fr\/wp-content\/uploads\/sites\/3\/2025\/03\/Produktdatenblatt_GSA-ALP_FR.pdf\" class=\"cdt-sketch-btn-raurica-alp\"><span>GSA<sup>\u00ae<\/sup>-ALP<\/span><\/a>\n        <a target=\"_blank\" href=\"\/fr\/wp-content\/uploads\/sites\/3\/2025\/03\/Produktdatenblatt_GSA-AL_FR.pdf\" class=\"cdt-sketch-btn-raurica-al\"><span>GSA<sup>\u00ae<\/sup>-AL<\/span><\/a>\n    <\/div>\n<\/div>\n\n\n\n<h2 class=\"wp-block-heading\" id=\"passerelle-serata-thalwil\"><a aria-label=\" (\u00f6ffnet in einem neuem Tab)\" href=\"https:\/\/neueholzbau.ch\/fr\/passerelle-serata-thalwil\/\" target=\"_blank\" rel=\"noreferrer noopener\">Passerelle Serata, Thalwil<\/a><\/h2>\n\n\n<div class='cdt-sketch alignwide'>    <div class=\"cdt-sketch-img\">\n        <figure>\n            <img decoding=\"async\" alt=\"Passerelle Serata, Thalwil\" data-src=\"https:\/\/www.gsa-technology.ch\/fr\/wp-content\/themes\/cdt\/modules\/sketches\/serata\/serata.jpg\" src=\"data:image\/svg+xml;base64,PHN2ZyB3aWR0aD0iMSIgaGVpZ2h0PSIxIiB4bWxucz0iaHR0cDovL3d3dy53My5vcmcvMjAwMC9zdmciPjwvc3ZnPg==\" class=\"lazyload\" style=\"--smush-placeholder-width: 1862px; --smush-placeholder-aspect-ratio: 1862\/795;\">\n        <\/figure>\n    <\/div>\n    <div class=\"cdt-sketch-nav cdt-sketch-serata-nav\">\n        <a target=\"_blank\" href=\"\/fr\/wp-content\/uploads\/sites\/3\/2025\/03\/Produktdatenblatt_GSA-FW_FR1.pdf\" class=\"cdt-sketch-btn-serata-fw\"><span>GSA<sup>\u00ae<\/sup>-FW<\/span><\/a>\n        <a target=\"_blank\" href=\"\/fr\/wp-content\/uploads\/sites\/3\/2025\/03\/Produktdatenblatt_GSA-LMV_FR.pdf\" class=\"cdt-sketch-btn-serata-lmv\"><span>GSA<sup>\u00ae<\/sup>-LMV<\/span><\/a>\n        <a target=\"_blank\" href=\"\/fr\/wp-content\/uploads\/sites\/3\/2025\/03\/Produktdatenblatt_GSA-AL_FR.pdf\" class=\"cdt-sketch-btn-serata-al\"><span>GSA<sup>\u00ae<\/sup>-AL<\/span><\/a>\n    <\/div>\n<\/div>\n\n\n\n<h2 class=\"wp-block-heading\" id=\"nouveau-siege-social-max-felchlin-ag-ibach\"><a aria-label=\"Nouveau si\u00e8ge social Max Felchlin AG, Ibach  (\u00f6ffnet in einem neuem Tab)\" href=\"https:\/\/neueholzbau.ch\/fr\/nouveau-siege-social-max-felchlin-ag-ibach\/\" target=\"_blank\" rel=\"noreferrer noopener\">Nouveau si\u00e8ge social Max Felchlin AG, Ibach <\/a><\/h2>\n\n\n<div class='cdt-sketch alignwide'>    <div class=\"cdt-sketch-img\">\n        <figure>\n            <img decoding=\"async\" alt=\"Neubau Firmensitz Max Felchlin AG, Ibach\" data-src=\"https:\/\/www.gsa-technology.ch\/fr\/wp-content\/themes\/cdt\/modules\/sketches\/felchlin\/felchlin.jpg\" src=\"data:image\/svg+xml;base64,PHN2ZyB3aWR0aD0iMSIgaGVpZ2h0PSIxIiB4bWxucz0iaHR0cDovL3d3dy53My5vcmcvMjAwMC9zdmciPjwvc3ZnPg==\" class=\"lazyload\" style=\"--smush-placeholder-width: 2001px; --smush-placeholder-aspect-ratio: 2001\/1823;\">\n        <\/figure>\n    <\/div>\n    <div class=\"cdt-sketch-nav cdt-sketch-felchlin-nav\">\n        <a target=\"_blank\" href=\"\/fr\/wp-content\/uploads\/sites\/3\/2025\/03\/Produktdatenblatt_GSA-HBV_FR1.pdf\" class=\"cdt-sketch-btn-felchlin-hbv\"><span>GSA<sup>\u00ae<\/sup>-HBV<\/span><\/a>\n        <a target=\"_blank\" href=\"\/fr\/wp-content\/uploads\/sites\/3\/2025\/03\/Produktdatenblatt_GSA-L_FR.pdf\" class=\"cdt-sketch-btn-felchlin-leiste\"><span>GSA<sup>\u00ae<\/sup>-L<\/span><\/a>\n        <a target=\"_blank\" href=\"\/fr\/wp-content\/uploads\/sites\/3\/2025\/03\/Produktdatenblatt_GSA-T_FR.pdf\" class=\"cdt-sketch-btn-felchlin-t\"><span>GSA<sup>\u00ae<\/sup>-T<\/span><\/a>\n        <a target=\"_blank\" href=\"\/fr\/wp-content\/uploads\/sites\/3\/2025\/03\/Produktdatenblatt_GSA-ALP_FR.pdf\" class=\"cdt-sketch-btn-felchlin-alp\"><span>GSA<sup>\u00ae<\/sup>-ALP<\/span><\/a>\n        <a target=\"_blank\" href=\"\/fr\/wp-content\/uploads\/sites\/3\/2025\/03\/Produktdatenblatt_GSA-FW_FR1.pdf\" class=\"cdt-sketch-btn-felchlin-fw\"><span>GSA<sup>\u00ae<\/sup>-FW<\/span><\/a>\n        <a target=\"_blank\" href=\"\/fr\/wp-content\/uploads\/sites\/3\/2025\/03\/Produktdatenblatt_GSA-VGS_FR.pdf\" class=\"cdt-sketch-btn-felchlin-vgs\"><span>GSA<sup>\u00ae<\/sup>-VGS<\/span><\/a>\n        <a target=\"_blank\" href=\"\/fr\/wp-content\/uploads\/sites\/3\/2025\/03\/Produktdatenblatt_GSA-R_FR.pdf\" class=\"cdt-sketch-btn-felchlin-r\"><span>GSA<sup>\u00ae<\/sup>-R<\/span><\/a>\n    <\/div>\n<\/div>\n\n\n\n<h2 class=\"wp-block-heading\" id=\"nouveau-pont-gletschersand-grindelwald\"><a aria-label=\"Nouveau pont Gletschersand, Grindelwald  (\u00f6ffnet in einem neuem Tab)\" href=\"https:\/\/neueholzbau.ch\/fr\/nouveau-pont-gletschersand-grindelwald\/\" target=\"_blank\" rel=\"noreferrer noopener\">Nouveau pont Gletschersand, Grindelwald <\/a><\/h2>\n\n\n<div class='cdt-sketch alignwide'>    <div class=\"cdt-sketch-img\">\n        <figure>\n            <img decoding=\"async\" alt=\"Neubau Br\u00fccke Gletschersand, Grindelwald\" data-src=\"https:\/\/www.gsa-technology.ch\/fr\/wp-content\/themes\/cdt\/modules\/sketches\/gletschersand\/gletschersand.jpg\" src=\"data:image\/svg+xml;base64,PHN2ZyB3aWR0aD0iMSIgaGVpZ2h0PSIxIiB4bWxucz0iaHR0cDovL3d3dy53My5vcmcvMjAwMC9zdmciPjwvc3ZnPg==\" class=\"lazyload\" style=\"--smush-placeholder-width: 1603px; --smush-placeholder-aspect-ratio: 1603\/738;\">\n        <\/figure>\n    <\/div>\n    <div class=\"cdt-sketch-nav cdt-sketch-gletschersand-nav\">\n        <a target=\"_blank\" href=\"\/fr\/wp-content\/uploads\/sites\/3\/2025\/03\/Produktdatenblatt_GSA-HBV_FR1.pdf\" class=\"cdt-sketch-btn-gletschersand-hbv\"><span>GSA<sup>\u00ae<\/sup>-HBV<\/span><\/a>\n        <a target=\"_blank\" href=\"\/fr\/wp-content\/uploads\/sites\/3\/2025\/03\/Produktdatenblatt_GSA-AL_FR.pdf\" class=\"cdt-sketch-btn-gletschersand-al\"><span>GSA<sup>\u00ae<\/sup>-AL<\/span><\/a>\n    <\/div>\n<\/div>\n\n\n\n<h2 class=\"wp-block-heading\" id=\"nouvelle-ecurie-marmet-saanen\"><a aria-label=\"Nouvelle \u00e9curie Marmet, Saanen  (\u00f6ffnet in einem neuem Tab)\" href=\"https:\/\/neueholzbau.ch\/fr\/nouvelle-ecurie-marmet-saanen\/\" target=\"_blank\" rel=\"noreferrer noopener\">Nouvelle \u00e9curie Marmet, Saanen <\/a><\/h2>\n\n\n<div class='cdt-sketch alignwide'>    <div class=\"cdt-sketch-img\">\n        <figure>\n            <img decoding=\"async\" alt=\"Neubau Scheune Marmet, Saanen\" data-src=\"https:\/\/www.gsa-technology.ch\/fr\/wp-content\/themes\/cdt\/modules\/sketches\/marmet\/marmet.jpg\" src=\"data:image\/svg+xml;base64,PHN2ZyB3aWR0aD0iMSIgaGVpZ2h0PSIxIiB4bWxucz0iaHR0cDovL3d3dy53My5vcmcvMjAwMC9zdmciPjwvc3ZnPg==\" class=\"lazyload\" style=\"--smush-placeholder-width: 2470px; --smush-placeholder-aspect-ratio: 2470\/1482;\">\n        <\/figure>\n    <\/div>\n    <div class=\"cdt-sketch-nav cdt-sketch-marmet-nav\">\n        <a target=\"_blank\" href=\"\/fr\/wp-content\/uploads\/sites\/3\/2025\/03\/Produktdatenblatt_GSA-G_FR.pdf\" class=\"cdt-sketch-btn-marmet-g\"><span>GSA<sup>\u00ae<\/sup>-G<\/span><\/a>\n        <a target=\"_blank\" href=\"\/fr\/wp-content\/uploads\/sites\/3\/2025\/03\/Produktdatenblatt_GSA-WV_FR.pdf\" class=\"cdt-sketch-btn-marmet-wv\"><span>GSA<sup>\u00ae<\/sup>-WV<\/span><\/a>\n        <a target=\"_blank\" href=\"\/fr\/wp-content\/uploads\/sites\/3\/2025\/03\/Produktdatenblatt_GSA-T_FR.pdf\" class=\"cdt-sketch-btn-marmet-t\"><span>GSA<sup>\u00ae<\/sup>-T<\/span><\/a>\n        <a href=\"\/fr\/gsa-technologie\/gsa-grundlagen-2\/\" class=\"cdt-sketch-btn-marmet-tech\"><span>GSA<sup>\u00ae<\/sup>-Technologie<\/span><\/a>\n    <\/div>\n<\/div>\n\n\n\n<p><\/p>\n","protected":false},"excerpt":{"rendered":"<p>Das Assemblage avec haute performance pour l\u2019ing\u00e9nieur en construction bois Le bois en tant que mat\u00e9riau de construction est une tradition mill\u00e9naire. De nos jours, la construction en bois est plus efficace que jamais. De nouvelles techniques d&rsquo;usinage et d&rsquo;assemblage ont consid\u00e9rablement \u00e9largi le champ d&rsquo;application. Gr\u00e2ce \u00e0 la technologie GSA, les grandes port\u00e9es, des [&hellip;]<\/p>\n","protected":false},"author":1,"featured_media":0,"parent":0,"menu_order":0,"comment_status":"closed","ping_status":"closed","template":"","meta":{"footnotes":""},"class_list":["post-31","page","type-page","status-publish","hentry"],"_links":{"self":[{"href":"https:\/\/www.gsa-technology.ch\/fr\/wp-json\/wp\/v2\/pages\/31","targetHints":{"allow":["GET"]}}],"collection":[{"href":"https:\/\/www.gsa-technology.ch\/fr\/wp-json\/wp\/v2\/pages"}],"about":[{"href":"https:\/\/www.gsa-technology.ch\/fr\/wp-json\/wp\/v2\/types\/page"}],"author":[{"embeddable":true,"href":"https:\/\/www.gsa-technology.ch\/fr\/wp-json\/wp\/v2\/users\/1"}],"replies":[{"embeddable":true,"href":"https:\/\/www.gsa-technology.ch\/fr\/wp-json\/wp\/v2\/comments?post=31"}],"version-history":[{"count":74,"href":"https:\/\/www.gsa-technology.ch\/fr\/wp-json\/wp\/v2\/pages\/31\/revisions"}],"predecessor-version":[{"id":2045,"href":"https:\/\/www.gsa-technology.ch\/fr\/wp-json\/wp\/v2\/pages\/31\/revisions\/2045"}],"wp:attachment":[{"href":"https:\/\/www.gsa-technology.ch\/fr\/wp-json\/wp\/v2\/media?parent=31"}],"curies":[{"name":"wp","href":"https:\/\/api.w.org\/{rel}","templated":true}]}}