{"id":338,"date":"2019-08-30T07:54:13","date_gmt":"2019-08-30T05:54:13","guid":{"rendered":"https:\/\/www.gsa-technology.ch\/?page_id=338"},"modified":"2025-03-27T08:29:38","modified_gmt":"2025-03-27T07:29:38","slug":"gsa-h","status":"publish","type":"page","link":"https:\/\/www.gsa-technology.ch\/fr\/gsa-technologie\/gsa-h\/","title":{"rendered":"GSA-H"},"content":{"rendered":"\n<div class=\"wp-block-media-text\"><figure class=\"wp-block-media-text__media\"><img decoding=\"async\" width=\"337\" height=\"312\" data-src=\"https:\/\/www.gsa-technology.ch\/wp-content\/uploads\/sites\/3\/2019\/09\/Skizze-GSA-H.png\" alt=\"\" class=\"wp-image-565 size-full lazyload\" data-srcset=\"https:\/\/www.gsa-technology.ch\/fr\/wp-content\/uploads\/sites\/3\/2019\/09\/Skizze-GSA-H.png 337w, https:\/\/www.gsa-technology.ch\/fr\/wp-content\/uploads\/sites\/3\/2019\/09\/Skizze-GSA-H-300x278.png 300w\" data-sizes=\"(max-width: 337px) 100vw, 337px\" src=\"data:image\/svg+xml;base64,PHN2ZyB3aWR0aD0iMSIgaGVpZ2h0PSIxIiB4bWxucz0iaHR0cDovL3d3dy53My5vcmcvMjAwMC9zdmciPjwvc3ZnPg==\" style=\"--smush-placeholder-width: 337px; --smush-placeholder-aspect-ratio: 337\/312;\" \/><\/figure><div class=\"wp-block-media-text__content\">\n<p>Le mode de construction poteaux-poutres garanti une flexibilit\u00e9 maximale dans l\u2019agencement. Il permet \u00e9galement la cr\u00e9ation cibl\u00e9e de zones ductiles qui d\u00e9truisent l\u2019\u00e9nergie en situation sismique. Cela n\u00e9cessite des assemblages entre les poteaux et les poutres r\u00e9sistants et rigides. Parall\u00e8lement, l\u2019affaiblissement des poteaux doit \u00eatre aussi faible que possible. Le n\u0153ud GSA-H rempli ces exigences. En combinaison avec du bois de feuillu il convainc avec un besoin de place minimal, une rigidit\u00e9 plus grande et un aspect s\u00e9duisant.&nbsp;<\/p>\n<\/div><\/div>\n\n\n\n<p><a href=\"https:\/\/www.gsa-technology.ch\/fr\/wp-content\/uploads\/sites\/3\/2025\/03\/Produktdatenblatt_GSA-H_FR.pdf\" data-type=\"URL\" data-id=\"\/fr\/wp-content\/uploads\/sites\/3\/2022\/02\/Produktdatenblatt_GSA-H_FR.pdf\" target=\"_blank\" rel=\"noreferrer noopener\">Affiche GSA-H<\/a><br><a href=\"\/fr\/wp-content\/uploads\/sites\/3\/2022\/02\/Ausschreibungstext-H.pdf\" data-type=\"URL\" data-id=\"\/fr\/wp-content\/uploads\/sites\/3\/2022\/02\/Ausschreibungstext-H.pdf\" target=\"_blank\" rel=\"noreferrer noopener\">Textes de soumission GSA-H<\/a> (en allemand)<\/p>\n\n\n\n<figure class=\"wp-block-gallery has-nested-images columns-default is-cropped wp-block-gallery-1 is-layout-flex wp-block-gallery-is-layout-flex\">\n<figure class=\"wp-block-image size-large\"><a href=\"https:\/\/www.gsa-technology.ch\/fr\/wp-content\/uploads\/sites\/3\/2019\/08\/gsa-h-1.jpg\" target=\"_blank\" rel=\"noopener\"><img decoding=\"async\" width=\"1024\" height=\"576\" data-id=\"406\" data-src=\"https:\/\/www.gsa-technology.ch\/wp-content\/uploads\/sites\/3\/2019\/08\/gsa-h-1-1024x576.jpg\" alt=\"\" class=\"wp-image-406 lazyload\" data-srcset=\"https:\/\/www.gsa-technology.ch\/fr\/wp-content\/uploads\/sites\/3\/2019\/08\/gsa-h-1-1024x576.jpg 1024w, https:\/\/www.gsa-technology.ch\/fr\/wp-content\/uploads\/sites\/3\/2019\/08\/gsa-h-1-300x169.jpg 300w, https:\/\/www.gsa-technology.ch\/fr\/wp-content\/uploads\/sites\/3\/2019\/08\/gsa-h-1-768x432.jpg 768w, https:\/\/www.gsa-technology.ch\/fr\/wp-content\/uploads\/sites\/3\/2019\/08\/gsa-h-1.jpg 1920w\" data-sizes=\"(max-width: 1024px) 100vw, 1024px\" src=\"data:image\/svg+xml;base64,PHN2ZyB3aWR0aD0iMSIgaGVpZ2h0PSIxIiB4bWxucz0iaHR0cDovL3d3dy53My5vcmcvMjAwMC9zdmciPjwvc3ZnPg==\" style=\"--smush-placeholder-width: 1024px; --smush-placeholder-aspect-ratio: 1024\/576;\" \/><\/a><\/figure>\n\n\n\n<figure class=\"wp-block-image size-large\"><a href=\"https:\/\/www.gsa-technology.ch\/fr\/wp-content\/uploads\/sites\/3\/2019\/08\/gsa-h-2.jpg\" target=\"_blank\" rel=\"noopener\"><img decoding=\"async\" width=\"1024\" height=\"576\" data-id=\"407\" data-src=\"https:\/\/www.gsa-technology.ch\/wp-content\/uploads\/sites\/3\/2019\/08\/gsa-h-2-1024x576.jpg\" alt=\"\" class=\"wp-image-407 lazyload\" data-srcset=\"https:\/\/www.gsa-technology.ch\/fr\/wp-content\/uploads\/sites\/3\/2019\/08\/gsa-h-2-1024x576.jpg 1024w, https:\/\/www.gsa-technology.ch\/fr\/wp-content\/uploads\/sites\/3\/2019\/08\/gsa-h-2-300x169.jpg 300w, https:\/\/www.gsa-technology.ch\/fr\/wp-content\/uploads\/sites\/3\/2019\/08\/gsa-h-2-768x432.jpg 768w, https:\/\/www.gsa-technology.ch\/fr\/wp-content\/uploads\/sites\/3\/2019\/08\/gsa-h-2.jpg 1920w\" data-sizes=\"(max-width: 1024px) 100vw, 1024px\" src=\"data:image\/svg+xml;base64,PHN2ZyB3aWR0aD0iMSIgaGVpZ2h0PSIxIiB4bWxucz0iaHR0cDovL3d3dy53My5vcmcvMjAwMC9zdmciPjwvc3ZnPg==\" style=\"--smush-placeholder-width: 1024px; --smush-placeholder-aspect-ratio: 1024\/576;\" \/><\/a><\/figure>\n\n\n\n<figure class=\"wp-block-image size-large\"><a href=\"https:\/\/www.gsa-technology.ch\/fr\/wp-content\/uploads\/sites\/3\/2019\/08\/gsa-h-3.jpg\" target=\"_blank\" rel=\"noopener\"><img decoding=\"async\" width=\"681\" height=\"1024\" data-id=\"408\" data-src=\"https:\/\/www.gsa-technology.ch\/wp-content\/uploads\/sites\/3\/2019\/08\/gsa-h-3-681x1024.jpg\" alt=\"\" class=\"wp-image-408 lazyload\" data-srcset=\"https:\/\/www.gsa-technology.ch\/fr\/wp-content\/uploads\/sites\/3\/2019\/08\/gsa-h-3-681x1024.jpg 681w, https:\/\/www.gsa-technology.ch\/fr\/wp-content\/uploads\/sites\/3\/2019\/08\/gsa-h-3-199x300.jpg 199w, https:\/\/www.gsa-technology.ch\/fr\/wp-content\/uploads\/sites\/3\/2019\/08\/gsa-h-3-768x1156.jpg 768w, https:\/\/www.gsa-technology.ch\/fr\/wp-content\/uploads\/sites\/3\/2019\/08\/gsa-h-3.jpg 1276w\" data-sizes=\"(max-width: 681px) 100vw, 681px\" src=\"data:image\/svg+xml;base64,PHN2ZyB3aWR0aD0iMSIgaGVpZ2h0PSIxIiB4bWxucz0iaHR0cDovL3d3dy53My5vcmcvMjAwMC9zdmciPjwvc3ZnPg==\" style=\"--smush-placeholder-width: 681px; --smush-placeholder-aspect-ratio: 681\/1024;\" \/><\/a><\/figure>\n\n\n\n<figure class=\"wp-block-image size-large\"><a href=\"https:\/\/www.gsa-technology.ch\/fr\/wp-content\/uploads\/sites\/3\/2019\/08\/gsa-h-4.jpg\" target=\"_blank\" rel=\"noopener\"><img decoding=\"async\" width=\"1024\" height=\"576\" data-id=\"409\" data-src=\"https:\/\/www.gsa-technology.ch\/wp-content\/uploads\/sites\/3\/2019\/08\/gsa-h-4-1024x576.jpg\" alt=\"\" class=\"wp-image-409 lazyload\" data-srcset=\"https:\/\/www.gsa-technology.ch\/fr\/wp-content\/uploads\/sites\/3\/2019\/08\/gsa-h-4-1024x576.jpg 1024w, https:\/\/www.gsa-technology.ch\/fr\/wp-content\/uploads\/sites\/3\/2019\/08\/gsa-h-4-300x169.jpg 300w, https:\/\/www.gsa-technology.ch\/fr\/wp-content\/uploads\/sites\/3\/2019\/08\/gsa-h-4-768x432.jpg 768w, https:\/\/www.gsa-technology.ch\/fr\/wp-content\/uploads\/sites\/3\/2019\/08\/gsa-h-4.jpg 1920w\" data-sizes=\"(max-width: 1024px) 100vw, 1024px\" src=\"data:image\/svg+xml;base64,PHN2ZyB3aWR0aD0iMSIgaGVpZ2h0PSIxIiB4bWxucz0iaHR0cDovL3d3dy53My5vcmcvMjAwMC9zdmciPjwvc3ZnPg==\" style=\"--smush-placeholder-width: 1024px; --smush-placeholder-aspect-ratio: 1024\/576;\" \/><\/a><\/figure>\n<\/figure>\n","protected":false},"excerpt":{"rendered":"<p>Le mode de construction poteaux-poutres garanti une flexibilit\u00e9 maximale dans l\u2019agencement. Il permet \u00e9galement la cr\u00e9ation cibl\u00e9e de zones ductiles qui d\u00e9truisent l\u2019\u00e9nergie en situation sismique. Cela n\u00e9cessite des assemblages entre les poteaux et les poutres r\u00e9sistants et rigides. Parall\u00e8lement, l\u2019affaiblissement des poteaux doit \u00eatre aussi faible que possible. Le n\u0153ud GSA-H rempli ces exigences. [&hellip;]<\/p>\n","protected":false},"author":1,"featured_media":0,"parent":34,"menu_order":0,"comment_status":"closed","ping_status":"closed","template":"","meta":{"footnotes":""},"class_list":["post-338","page","type-page","status-publish","hentry"],"_links":{"self":[{"href":"https:\/\/www.gsa-technology.ch\/fr\/wp-json\/wp\/v2\/pages\/338","targetHints":{"allow":["GET"]}}],"collection":[{"href":"https:\/\/www.gsa-technology.ch\/fr\/wp-json\/wp\/v2\/pages"}],"about":[{"href":"https:\/\/www.gsa-technology.ch\/fr\/wp-json\/wp\/v2\/types\/page"}],"author":[{"embeddable":true,"href":"https:\/\/www.gsa-technology.ch\/fr\/wp-json\/wp\/v2\/users\/1"}],"replies":[{"embeddable":true,"href":"https:\/\/www.gsa-technology.ch\/fr\/wp-json\/wp\/v2\/comments?post=338"}],"version-history":[{"count":22,"href":"https:\/\/www.gsa-technology.ch\/fr\/wp-json\/wp\/v2\/pages\/338\/revisions"}],"predecessor-version":[{"id":1936,"href":"https:\/\/www.gsa-technology.ch\/fr\/wp-json\/wp\/v2\/pages\/338\/revisions\/1936"}],"up":[{"embeddable":true,"href":"https:\/\/www.gsa-technology.ch\/fr\/wp-json\/wp\/v2\/pages\/34"}],"wp:attachment":[{"href":"https:\/\/www.gsa-technology.ch\/fr\/wp-json\/wp\/v2\/media?parent=338"}],"curies":[{"name":"wp","href":"https:\/\/api.w.org\/{rel}","templated":true}]}}