{"id":34,"date":"2019-08-19T13:24:15","date_gmt":"2019-08-19T11:24:15","guid":{"rendered":"https:\/\/www.gsa-technology.ch\/?page_id=34"},"modified":"2021-01-27T17:27:31","modified_gmt":"2021-01-27T16:27:31","slug":"gsa-technologie","status":"publish","type":"page","link":"https:\/\/www.gsa-technology.ch\/fr\/gsa-technologie\/","title":{"rendered":"Technologie GSA"},"content":{"rendered":"\n<p>Le bois lamell\u00e9-coll\u00e9, la r\u00e9sine \u00e9poxy et l\u2019acier sont les \u00e9l\u00e9ments essentiels de la technologie GSA. Ce moyen d\u2019assemblage \u00e0 haute performance permet le collage de tiges filet\u00e9es en acier avec de la r\u00e9sine \u00e9poxy dans du BLC, du bois massif ou dans du BLC en feuillus. Les trois crit\u00e8res d\u00e9terminants pour la statique (la rigidit\u00e9, la capacit\u00e9 portante et la ductilit\u00e9) sont garantis par la technologie GSA.<\/p>\n\n\n\n<p>Ce syst\u00e8me arrive \u00e0 convaincre les ing\u00e9nieurs par la facilit\u00e9 \u00e0 dimensionner des assemblages. En ce qui concerne la rigidit\u00e9, c\u2019est possible de calculer avec les valeurs brutes du bois ce qui donne une approximation suffisante pour la plupart des objets \u00e0 r\u00e9aliser.<\/p>\n\n\n\n<p>Vous trouverez des informations suppl\u00e9mentaires dans la collection de solutions:<\/p>\n\n\n\n<div class=\"wp-block-columns has-2-columns cdt-caption-columns is-layout-flex wp-container-core-columns-is-layout-9d6595d7 wp-block-columns-is-layout-flex\">\n<div class=\"wp-block-column is-layout-flow wp-block-column-is-layout-flow\">\n<figure class=\"wp-block-image cdt-caption\"><a href=\"https:\/\/www.gsa-technology.ch\/fr\/gsa-technologie\/gsa-grundlagen-2\/\" target=\"_blank\" rel=\"noreferrer noopener\"><img decoding=\"async\" width=\"700\" height=\"400\" data-src=\"https:\/\/www.gsa-technology.ch\/wp-content\/uploads\/sites\/3\/2019\/09\/gsa-grundlagen.jpg\" alt=\"\" class=\"wp-image-640 lazyload\" data-srcset=\"https:\/\/www.gsa-technology.ch\/fr\/wp-content\/uploads\/sites\/3\/2019\/09\/gsa-grundlagen.jpg 700w, https:\/\/www.gsa-technology.ch\/fr\/wp-content\/uploads\/sites\/3\/2019\/09\/gsa-grundlagen-300x171.jpg 300w\" data-sizes=\"(max-width: 700px) 100vw, 700px\" src=\"data:image\/svg+xml;base64,PHN2ZyB3aWR0aD0iMSIgaGVpZ2h0PSIxIiB4bWxucz0iaHR0cDovL3d3dy53My5vcmcvMjAwMC9zdmciPjwvc3ZnPg==\" style=\"--smush-placeholder-width: 700px; --smush-placeholder-aspect-ratio: 700\/400;\" \/><\/a><figcaption>GSA-Principes<\/figcaption><\/figure>\n\n\n\n<figure class=\"wp-block-image cdt-caption\"><a href=\"https:\/\/www.gsa-technology.ch\/fr\/gsa-technologie\/gsa-alp\/\" target=\"_blank\" rel=\"noreferrer noopener\"><img decoding=\"async\" width=\"700\" height=\"400\" data-src=\"https:\/\/www.gsa-technology.ch\/wp-content\/uploads\/sites\/3\/2019\/08\/gsa-alp2.jpg\" alt=\"\" class=\"wp-image-312 lazyload\" data-srcset=\"https:\/\/www.gsa-technology.ch\/fr\/wp-content\/uploads\/sites\/3\/2019\/08\/gsa-alp2.jpg 700w, https:\/\/www.gsa-technology.ch\/fr\/wp-content\/uploads\/sites\/3\/2019\/08\/gsa-alp2-300x171.jpg 300w\" data-sizes=\"(max-width: 700px) 100vw, 700px\" src=\"data:image\/svg+xml;base64,PHN2ZyB3aWR0aD0iMSIgaGVpZ2h0PSIxIiB4bWxucz0iaHR0cDovL3d3dy53My5vcmcvMjAwMC9zdmciPjwvc3ZnPg==\" style=\"--smush-placeholder-width: 700px; --smush-placeholder-aspect-ratio: 700\/400;\" \/><\/a><figcaption>GSA-ALP<\/figcaption><\/figure>\n\n\n\n<figure class=\"wp-block-image cdt-caption\"><a href=\"https:\/\/www.gsa-technology.ch\/fr\/gsa-technologie\/gsa-fw\/\" target=\"_blank\" rel=\"noreferrer noopener\"><img decoding=\"async\" width=\"700\" height=\"400\" data-src=\"https:\/\/www.gsa-technology.ch\/wp-content\/uploads\/sites\/3\/2019\/08\/gsa-fw.jpg\" alt=\"\" class=\"wp-image-224 lazyload\" data-srcset=\"https:\/\/www.gsa-technology.ch\/fr\/wp-content\/uploads\/sites\/3\/2019\/08\/gsa-fw.jpg 700w, https:\/\/www.gsa-technology.ch\/fr\/wp-content\/uploads\/sites\/3\/2019\/08\/gsa-fw-300x171.jpg 300w\" data-sizes=\"(max-width: 700px) 100vw, 700px\" src=\"data:image\/svg+xml;base64,PHN2ZyB3aWR0aD0iMSIgaGVpZ2h0PSIxIiB4bWxucz0iaHR0cDovL3d3dy53My5vcmcvMjAwMC9zdmciPjwvc3ZnPg==\" style=\"--smush-placeholder-width: 700px; --smush-placeholder-aspect-ratio: 700\/400;\" \/><\/a><figcaption>GSA-FW<\/figcaption><\/figure>\n\n\n\n<figure class=\"wp-block-image cdt-caption\"><a href=\"https:\/\/www.gsa-technology.ch\/fr\/gsa-technologie\/gsa-h\/\" target=\"_blank\" rel=\"noreferrer noopener\"><img decoding=\"async\" width=\"700\" height=\"400\" data-src=\"https:\/\/www.gsa-technology.ch\/wp-content\/uploads\/sites\/3\/2019\/08\/gsa-h.jpg\" alt=\"\" class=\"wp-image-394 lazyload\" data-srcset=\"https:\/\/www.gsa-technology.ch\/fr\/wp-content\/uploads\/sites\/3\/2019\/08\/gsa-h.jpg 700w, https:\/\/www.gsa-technology.ch\/fr\/wp-content\/uploads\/sites\/3\/2019\/08\/gsa-h-300x171.jpg 300w\" data-sizes=\"(max-width: 700px) 100vw, 700px\" src=\"data:image\/svg+xml;base64,PHN2ZyB3aWR0aD0iMSIgaGVpZ2h0PSIxIiB4bWxucz0iaHR0cDovL3d3dy53My5vcmcvMjAwMC9zdmciPjwvc3ZnPg==\" style=\"--smush-placeholder-width: 700px; --smush-placeholder-aspect-ratio: 700\/400;\" \/><\/a><figcaption>GSA-H<\/figcaption><\/figure>\n\n\n\n<figure class=\"wp-block-image cdt-caption\"><a href=\"https:\/\/www.gsa-technology.ch\/fr\/gsa-technologie\/gsa-l\/\" target=\"_blank\" rel=\"noreferrer noopener\"><img decoding=\"async\" width=\"700\" height=\"400\" data-src=\"https:\/\/www.gsa-technology.ch\/wp-content\/uploads\/sites\/3\/2019\/08\/gsa-leiste.jpg\" alt=\"\" class=\"wp-image-241 lazyload\" data-srcset=\"https:\/\/www.gsa-technology.ch\/fr\/wp-content\/uploads\/sites\/3\/2019\/08\/gsa-leiste.jpg 700w, https:\/\/www.gsa-technology.ch\/fr\/wp-content\/uploads\/sites\/3\/2019\/08\/gsa-leiste-300x171.jpg 300w\" data-sizes=\"(max-width: 700px) 100vw, 700px\" src=\"data:image\/svg+xml;base64,PHN2ZyB3aWR0aD0iMSIgaGVpZ2h0PSIxIiB4bWxucz0iaHR0cDovL3d3dy53My5vcmcvMjAwMC9zdmciPjwvc3ZnPg==\" style=\"--smush-placeholder-width: 700px; --smush-placeholder-aspect-ratio: 700\/400;\" \/><\/a><figcaption>GSA-L<\/figcaption><\/figure>\n\n\n\n<figure class=\"wp-block-image cdt-caption\"><a href=\"https:\/\/www.gsa-technology.ch\/fr\/gsa-technologie\/gsa-r\/\" target=\"_blank\" rel=\"noreferrer noopener\"><img decoding=\"async\" width=\"700\" height=\"400\" data-src=\"https:\/\/www.gsa-technology.ch\/wp-content\/uploads\/sites\/3\/2019\/08\/gsa-r.jpg\" alt=\"\" class=\"wp-image-245 lazyload\" data-srcset=\"https:\/\/www.gsa-technology.ch\/fr\/wp-content\/uploads\/sites\/3\/2019\/08\/gsa-r.jpg 700w, https:\/\/www.gsa-technology.ch\/fr\/wp-content\/uploads\/sites\/3\/2019\/08\/gsa-r-300x171.jpg 300w\" data-sizes=\"(max-width: 700px) 100vw, 700px\" src=\"data:image\/svg+xml;base64,PHN2ZyB3aWR0aD0iMSIgaGVpZ2h0PSIxIiB4bWxucz0iaHR0cDovL3d3dy53My5vcmcvMjAwMC9zdmciPjwvc3ZnPg==\" style=\"--smush-placeholder-width: 700px; --smush-placeholder-aspect-ratio: 700\/400;\" \/><\/a><figcaption>GSA-R<\/figcaption><\/figure>\n\n\n\n<figure class=\"wp-block-image cdt-caption\"><a href=\"https:\/\/www.gsa-technology.ch\/fr\/gsa-technologie\/gsa-t\/\" target=\"_blank\" rel=\"noreferrer noopener\"><img decoding=\"async\" width=\"700\" height=\"400\" data-src=\"https:\/\/www.gsa-technology.ch\/wp-content\/uploads\/sites\/3\/2019\/08\/gsa-t.jpg\" alt=\"\" class=\"wp-image-248 lazyload\" data-srcset=\"https:\/\/www.gsa-technology.ch\/fr\/wp-content\/uploads\/sites\/3\/2019\/08\/gsa-t.jpg 700w, https:\/\/www.gsa-technology.ch\/fr\/wp-content\/uploads\/sites\/3\/2019\/08\/gsa-t-300x171.jpg 300w\" data-sizes=\"(max-width: 700px) 100vw, 700px\" src=\"data:image\/svg+xml;base64,PHN2ZyB3aWR0aD0iMSIgaGVpZ2h0PSIxIiB4bWxucz0iaHR0cDovL3d3dy53My5vcmcvMjAwMC9zdmciPjwvc3ZnPg==\" style=\"--smush-placeholder-width: 700px; --smush-placeholder-aspect-ratio: 700\/400;\" \/><\/a><figcaption>GSA<sup>\u00ae<\/sup>-T<\/figcaption><\/figure>\n\n\n\n<figure class=\"wp-block-image cdt-caption\"><a href=\"https:\/\/www.gsa-technology.ch\/fr\/gsa-technologie\/gsa-vs\/\" target=\"_blank\" rel=\"noreferrer noopener\"><img decoding=\"async\" width=\"700\" height=\"400\" data-src=\"https:\/\/www.gsa-technology.ch\/wp-content\/uploads\/sites\/3\/2019\/08\/gsa-vs.jpg\" alt=\"\" class=\"wp-image-251 lazyload\" data-srcset=\"https:\/\/www.gsa-technology.ch\/fr\/wp-content\/uploads\/sites\/3\/2019\/08\/gsa-vs.jpg 700w, https:\/\/www.gsa-technology.ch\/fr\/wp-content\/uploads\/sites\/3\/2019\/08\/gsa-vs-300x171.jpg 300w\" data-sizes=\"(max-width: 700px) 100vw, 700px\" src=\"data:image\/svg+xml;base64,PHN2ZyB3aWR0aD0iMSIgaGVpZ2h0PSIxIiB4bWxucz0iaHR0cDovL3d3dy53My5vcmcvMjAwMC9zdmciPjwvc3ZnPg==\" style=\"--smush-placeholder-width: 700px; --smush-placeholder-aspect-ratio: 700\/400;\" \/><\/a><figcaption>GSA-VS<\/figcaption><\/figure>\n<\/div>\n\n\n\n<div class=\"wp-block-column is-layout-flow wp-block-column-is-layout-flow\">\n<figure class=\"wp-block-image cdt-caption\"><a href=\"https:\/\/www.gsa-technology.ch\/fr\/gsa-technologie\/gsa-al\/\" target=\"_blank\" rel=\"noreferrer noopener\"><img decoding=\"async\" width=\"700\" height=\"400\" data-src=\"https:\/\/www.gsa-technology.ch\/wp-content\/uploads\/sites\/3\/2019\/08\/gsa-al.jpg\" alt=\"\" class=\"wp-image-182 lazyload\" data-srcset=\"https:\/\/www.gsa-technology.ch\/fr\/wp-content\/uploads\/sites\/3\/2019\/08\/gsa-al.jpg 700w, https:\/\/www.gsa-technology.ch\/fr\/wp-content\/uploads\/sites\/3\/2019\/08\/gsa-al-300x171.jpg 300w\" data-sizes=\"(max-width: 700px) 100vw, 700px\" src=\"data:image\/svg+xml;base64,PHN2ZyB3aWR0aD0iMSIgaGVpZ2h0PSIxIiB4bWxucz0iaHR0cDovL3d3dy53My5vcmcvMjAwMC9zdmciPjwvc3ZnPg==\" style=\"--smush-placeholder-width: 700px; --smush-placeholder-aspect-ratio: 700\/400;\" \/><\/a><figcaption>GSA-AL<\/figcaption><\/figure>\n\n\n\n<figure class=\"wp-block-image cdt-caption\"><a href=\"https:\/\/www.gsa-technology.ch\/fr\/gsa-technologie\/gsa-fe\/\" target=\"_blank\" rel=\"noreferrer noopener\"><img decoding=\"async\" width=\"700\" height=\"400\" data-src=\"https:\/\/www.gsa-technology.ch\/wp-content\/uploads\/sites\/3\/2019\/08\/gsa-fe2.jpg\" alt=\"\" class=\"wp-image-298 lazyload\" data-srcset=\"https:\/\/www.gsa-technology.ch\/fr\/wp-content\/uploads\/sites\/3\/2019\/08\/gsa-fe2.jpg 700w, https:\/\/www.gsa-technology.ch\/fr\/wp-content\/uploads\/sites\/3\/2019\/08\/gsa-fe2-300x171.jpg 300w\" data-sizes=\"(max-width: 700px) 100vw, 700px\" src=\"data:image\/svg+xml;base64,PHN2ZyB3aWR0aD0iMSIgaGVpZ2h0PSIxIiB4bWxucz0iaHR0cDovL3d3dy53My5vcmcvMjAwMC9zdmciPjwvc3ZnPg==\" style=\"--smush-placeholder-width: 700px; --smush-placeholder-aspect-ratio: 700\/400;\" \/><\/a><figcaption>GSA-F&amp;E<\/figcaption><\/figure>\n\n\n\n<figure class=\"wp-block-image cdt-caption\"><a href=\"https:\/\/www.gsa-technology.ch\/fr\/gsa-technologie\/gsa-g\/\" target=\"_blank\" rel=\"noreferrer noopener\"><img decoding=\"async\" width=\"700\" height=\"400\" data-src=\"https:\/\/www.gsa-technology.ch\/wp-content\/uploads\/sites\/3\/2019\/08\/gsa-g.jpg\" alt=\"\" class=\"wp-image-229 lazyload\" data-srcset=\"https:\/\/www.gsa-technology.ch\/fr\/wp-content\/uploads\/sites\/3\/2019\/08\/gsa-g.jpg 700w, https:\/\/www.gsa-technology.ch\/fr\/wp-content\/uploads\/sites\/3\/2019\/08\/gsa-g-300x171.jpg 300w\" data-sizes=\"(max-width: 700px) 100vw, 700px\" src=\"data:image\/svg+xml;base64,PHN2ZyB3aWR0aD0iMSIgaGVpZ2h0PSIxIiB4bWxucz0iaHR0cDovL3d3dy53My5vcmcvMjAwMC9zdmciPjwvc3ZnPg==\" style=\"--smush-placeholder-width: 700px; --smush-placeholder-aspect-ratio: 700\/400;\" \/><\/a><figcaption>GSA-G<\/figcaption><\/figure>\n\n\n\n<figure class=\"wp-block-image cdt-caption\"><a href=\"https:\/\/www.gsa-technology.ch\/fr\/gsa-technologie\/gsa-hbv-system\/\" target=\"_blank\" rel=\"noreferrer noopener\"><img decoding=\"async\" width=\"700\" height=\"400\" data-src=\"https:\/\/www.gsa-technology.ch\/wp-content\/uploads\/sites\/3\/2019\/08\/gsa-hbv1.jpg\" alt=\"\" class=\"wp-image-301 lazyload\" data-srcset=\"https:\/\/www.gsa-technology.ch\/fr\/wp-content\/uploads\/sites\/3\/2019\/08\/gsa-hbv1.jpg 700w, https:\/\/www.gsa-technology.ch\/fr\/wp-content\/uploads\/sites\/3\/2019\/08\/gsa-hbv1-300x171.jpg 300w\" data-sizes=\"(max-width: 700px) 100vw, 700px\" src=\"data:image\/svg+xml;base64,PHN2ZyB3aWR0aD0iMSIgaGVpZ2h0PSIxIiB4bWxucz0iaHR0cDovL3d3dy53My5vcmcvMjAwMC9zdmciPjwvc3ZnPg==\" style=\"--smush-placeholder-width: 700px; --smush-placeholder-aspect-ratio: 700\/400;\" \/><\/a><figcaption>GSA-HBV<\/figcaption><\/figure>\n\n\n\n<figure class=\"wp-block-image cdt-caption\"><a href=\"https:\/\/www.gsa-technology.ch\/fr\/gsa-technologie\/gsa-lmv\/\" target=\"_blank\" rel=\"noreferrer noopener\"><img decoding=\"async\" width=\"700\" height=\"400\" data-src=\"https:\/\/www.gsa-technology.ch\/wp-content\/uploads\/sites\/3\/2019\/08\/gsa-lmv-1.jpg\" alt=\"\" class=\"wp-image-200 lazyload\" data-srcset=\"https:\/\/www.gsa-technology.ch\/fr\/wp-content\/uploads\/sites\/3\/2019\/08\/gsa-lmv-1.jpg 700w, https:\/\/www.gsa-technology.ch\/fr\/wp-content\/uploads\/sites\/3\/2019\/08\/gsa-lmv-1-300x171.jpg 300w\" data-sizes=\"(max-width: 700px) 100vw, 700px\" src=\"data:image\/svg+xml;base64,PHN2ZyB3aWR0aD0iMSIgaGVpZ2h0PSIxIiB4bWxucz0iaHR0cDovL3d3dy53My5vcmcvMjAwMC9zdmciPjwvc3ZnPg==\" style=\"--smush-placeholder-width: 700px; --smush-placeholder-aspect-ratio: 700\/400;\" \/><\/a><figcaption>GSA-LMV<\/figcaption><\/figure>\n\n\n\n<figure class=\"wp-block-image cdt-caption\"><a href=\"https:\/\/www.gsa-technology.ch\/fr\/gsa-technologie\/gsa-san\/\" target=\"_blank\" rel=\"noreferrer noopener\"><img decoding=\"async\" width=\"700\" height=\"400\" data-src=\"https:\/\/www.gsa-technology.ch\/wp-content\/uploads\/sites\/3\/2019\/08\/gsa-san.jpg\" alt=\"\" class=\"wp-image-246 lazyload\" data-srcset=\"https:\/\/www.gsa-technology.ch\/fr\/wp-content\/uploads\/sites\/3\/2019\/08\/gsa-san.jpg 700w, https:\/\/www.gsa-technology.ch\/fr\/wp-content\/uploads\/sites\/3\/2019\/08\/gsa-san-300x171.jpg 300w\" data-sizes=\"(max-width: 700px) 100vw, 700px\" src=\"data:image\/svg+xml;base64,PHN2ZyB3aWR0aD0iMSIgaGVpZ2h0PSIxIiB4bWxucz0iaHR0cDovL3d3dy53My5vcmcvMjAwMC9zdmciPjwvc3ZnPg==\" style=\"--smush-placeholder-width: 700px; --smush-placeholder-aspect-ratio: 700\/400;\" \/><\/a><figcaption>GSA-SAN<\/figcaption><\/figure>\n\n\n\n<figure class=\"wp-block-image cdt-caption\"><a href=\"https:\/\/www.gsa-technology.ch\/fr\/gsa-technologie\/gsa-vgs\/\" target=\"_blank\" rel=\"noreferrer noopener\"><img decoding=\"async\" width=\"700\" height=\"400\" data-src=\"https:\/\/www.gsa-technology.ch\/wp-content\/uploads\/sites\/3\/2019\/08\/gsa-vgs.jpg\" alt=\"\" class=\"wp-image-249 lazyload\" data-srcset=\"https:\/\/www.gsa-technology.ch\/fr\/wp-content\/uploads\/sites\/3\/2019\/08\/gsa-vgs.jpg 700w, https:\/\/www.gsa-technology.ch\/fr\/wp-content\/uploads\/sites\/3\/2019\/08\/gsa-vgs-300x171.jpg 300w\" data-sizes=\"(max-width: 700px) 100vw, 700px\" src=\"data:image\/svg+xml;base64,PHN2ZyB3aWR0aD0iMSIgaGVpZ2h0PSIxIiB4bWxucz0iaHR0cDovL3d3dy53My5vcmcvMjAwMC9zdmciPjwvc3ZnPg==\" style=\"--smush-placeholder-width: 700px; --smush-placeholder-aspect-ratio: 700\/400;\" \/><\/a><figcaption>GSA<sup>\u00ae<\/sup>-VGS<\/figcaption><\/figure>\n\n\n\n<figure class=\"wp-block-image cdt-caption\"><a href=\"https:\/\/www.gsa-technology.ch\/fr\/gsa-technologie\/gsa-wv\/\" target=\"_blank\" rel=\"noreferrer noopener\"><img decoding=\"async\" width=\"700\" height=\"400\" data-src=\"https:\/\/www.gsa-technology.ch\/wp-content\/uploads\/sites\/3\/2019\/09\/gsa-wv-3-1.jpg\" alt=\"\" class=\"wp-image-512 lazyload\" data-srcset=\"https:\/\/www.gsa-technology.ch\/fr\/wp-content\/uploads\/sites\/3\/2019\/09\/gsa-wv-3-1.jpg 700w, https:\/\/www.gsa-technology.ch\/fr\/wp-content\/uploads\/sites\/3\/2019\/09\/gsa-wv-3-1-300x171.jpg 300w\" data-sizes=\"(max-width: 700px) 100vw, 700px\" src=\"data:image\/svg+xml;base64,PHN2ZyB3aWR0aD0iMSIgaGVpZ2h0PSIxIiB4bWxucz0iaHR0cDovL3d3dy53My5vcmcvMjAwMC9zdmciPjwvc3ZnPg==\" style=\"--smush-placeholder-width: 700px; --smush-placeholder-aspect-ratio: 700\/400;\" \/><\/a><figcaption>GSA-WV<\/figcaption><\/figure>\n<\/div>\n<\/div>\n","protected":false},"excerpt":{"rendered":"<p>Le bois lamell\u00e9-coll\u00e9, la r\u00e9sine \u00e9poxy et l\u2019acier sont les \u00e9l\u00e9ments essentiels de la technologie GSA. Ce moyen d\u2019assemblage \u00e0 haute performance permet le collage de tiges filet\u00e9es en acier avec de la r\u00e9sine \u00e9poxy dans du BLC, du bois massif ou dans du BLC en feuillus. Les trois crit\u00e8res d\u00e9terminants pour la statique (la [&hellip;]<\/p>\n","protected":false},"author":1,"featured_media":0,"parent":0,"menu_order":0,"comment_status":"closed","ping_status":"closed","template":"","meta":{"footnotes":""},"class_list":["post-34","page","type-page","status-publish","hentry"],"_links":{"self":[{"href":"https:\/\/www.gsa-technology.ch\/fr\/wp-json\/wp\/v2\/pages\/34","targetHints":{"allow":["GET"]}}],"collection":[{"href":"https:\/\/www.gsa-technology.ch\/fr\/wp-json\/wp\/v2\/pages"}],"about":[{"href":"https:\/\/www.gsa-technology.ch\/fr\/wp-json\/wp\/v2\/types\/page"}],"author":[{"embeddable":true,"href":"https:\/\/www.gsa-technology.ch\/fr\/wp-json\/wp\/v2\/users\/1"}],"replies":[{"embeddable":true,"href":"https:\/\/www.gsa-technology.ch\/fr\/wp-json\/wp\/v2\/comments?post=34"}],"version-history":[{"count":84,"href":"https:\/\/www.gsa-technology.ch\/fr\/wp-json\/wp\/v2\/pages\/34\/revisions"}],"predecessor-version":[{"id":1325,"href":"https:\/\/www.gsa-technology.ch\/fr\/wp-json\/wp\/v2\/pages\/34\/revisions\/1325"}],"wp:attachment":[{"href":"https:\/\/www.gsa-technology.ch\/fr\/wp-json\/wp\/v2\/media?parent=34"}],"curies":[{"name":"wp","href":"https:\/\/api.w.org\/{rel}","templated":true}]}}