{"id":49,"date":"2019-08-20T10:43:08","date_gmt":"2019-08-20T08:43:08","guid":{"rendered":"https:\/\/www.gsa-technology.ch\/?page_id=49"},"modified":"2024-08-20T09:58:19","modified_gmt":"2024-08-20T07:58:19","slug":"home","status":"publish","type":"page","link":"https:\/\/www.gsa-technology.ch\/fr\/","title":{"rendered":"Home"},"content":{"rendered":"\n<div class=\"wp-block-media-text is-stacked-on-mobile has-light-background-color has-background\"><figure class=\"wp-block-media-text__media\"><a href=\"\/fr\/aesthetik-in-holz\/\"><img decoding=\"async\" data-src=\"https:\/\/www.gsa-technology.ch\/wp-content\/uploads\/2022\/01\/placeholder-front-1024x576.jpg\" alt=\"\" class=\"wp-image-1293 size-full lazyload\" src=\"data:image\/svg+xml;base64,PHN2ZyB3aWR0aD0iMSIgaGVpZ2h0PSIxIiB4bWxucz0iaHR0cDovL3d3dy53My5vcmcvMjAwMC9zdmciPjwvc3ZnPg==\" style=\"--smush-placeholder-width: 1024px; --smush-placeholder-aspect-ratio: 1024\/576;\" \/><\/a><\/figure><div class=\"wp-block-media-text__content\">\n<h2 class=\"wp-block-heading\">L&rsquo;esth\u00e9tique du Bois<\/h2>\n\n\n\n<p>Assemblage avec haute performance pour l\u2019ing\u00e9nieur en construction bois.<\/p>\n\n\n\n<p><a href=\"\/fr\/aesthetik-in-holz\/\">plus<\/a><\/p>\n<\/div><\/div>\n\n\n\n<div class=\"wp-block-media-text has-media-on-the-right is-stacked-on-mobile has-light-background-color has-background\"><div class=\"wp-block-media-text__content\">\n<h2 class=\"wp-block-heading\">Technologie GSA<\/h2>\n\n\n\n<p>Bois lamell\u00e9-coll\u00e9, r\u00e9sine \u00e9poxy et acier &#8211; tels sont les \u00e9l\u00e9ments essentiels de la technologie GSA.<\/p>\n\n\n\n<p><a href=\"\/fr\/gsa-technologie\/\">plus<\/a><\/p>\n<\/div><figure class=\"wp-block-media-text__media\"><a href=\"\/fr\/gsa-technologie\/\"><img decoding=\"async\" width=\"1024\" height=\"576\" data-src=\"https:\/\/www.gsa-technology.ch\/fr\/wp-content\/uploads\/sites\/3\/2022\/01\/front_GSA-Technologie-1024x576.jpg\" alt=\"\" class=\"wp-image-1463 size-full lazyload\" data-srcset=\"https:\/\/www.gsa-technology.ch\/fr\/wp-content\/uploads\/sites\/3\/2022\/01\/front_GSA-Technologie-1024x576.jpg 1024w, https:\/\/www.gsa-technology.ch\/fr\/wp-content\/uploads\/sites\/3\/2022\/01\/front_GSA-Technologie-300x169.jpg 300w, https:\/\/www.gsa-technology.ch\/fr\/wp-content\/uploads\/sites\/3\/2022\/01\/front_GSA-Technologie-768x432.jpg 768w, https:\/\/www.gsa-technology.ch\/fr\/wp-content\/uploads\/sites\/3\/2022\/01\/front_GSA-Technologie-1536x864.jpg 1536w, https:\/\/www.gsa-technology.ch\/fr\/wp-content\/uploads\/sites\/3\/2022\/01\/front_GSA-Technologie.jpg 1920w\" data-sizes=\"(max-width: 1024px) 100vw, 1024px\" src=\"data:image\/svg+xml;base64,PHN2ZyB3aWR0aD0iMSIgaGVpZ2h0PSIxIiB4bWxucz0iaHR0cDovL3d3dy53My5vcmcvMjAwMC9zdmciPjwvc3ZnPg==\" style=\"--smush-placeholder-width: 1024px; --smush-placeholder-aspect-ratio: 1024\/576;\" \/><\/a><\/figure><\/div>\n\n\n\n<div class=\"wp-block-media-text is-stacked-on-mobile has-light-background-color has-background\"><figure class=\"wp-block-media-text__media\"><a href=\"\/fr\/gsa-technologie\/gsa-fe\/\"><img decoding=\"async\" width=\"1024\" height=\"576\" data-src=\"https:\/\/www.gsa-technology.ch\/fr\/wp-content\/uploads\/sites\/3\/2022\/01\/front_Forschung-Entwicklung-1024x576.jpg\" alt=\"\" class=\"wp-image-1462 size-full lazyload\" data-srcset=\"https:\/\/www.gsa-technology.ch\/fr\/wp-content\/uploads\/sites\/3\/2022\/01\/front_Forschung-Entwicklung-1024x576.jpg 1024w, https:\/\/www.gsa-technology.ch\/fr\/wp-content\/uploads\/sites\/3\/2022\/01\/front_Forschung-Entwicklung-300x169.jpg 300w, https:\/\/www.gsa-technology.ch\/fr\/wp-content\/uploads\/sites\/3\/2022\/01\/front_Forschung-Entwicklung-768x432.jpg 768w, https:\/\/www.gsa-technology.ch\/fr\/wp-content\/uploads\/sites\/3\/2022\/01\/front_Forschung-Entwicklung-1536x864.jpg 1536w, https:\/\/www.gsa-technology.ch\/fr\/wp-content\/uploads\/sites\/3\/2022\/01\/front_Forschung-Entwicklung.jpg 1920w\" data-sizes=\"(max-width: 1024px) 100vw, 1024px\" src=\"data:image\/svg+xml;base64,PHN2ZyB3aWR0aD0iMSIgaGVpZ2h0PSIxIiB4bWxucz0iaHR0cDovL3d3dy53My5vcmcvMjAwMC9zdmciPjwvc3ZnPg==\" style=\"--smush-placeholder-width: 1024px; --smush-placeholder-aspect-ratio: 1024\/576;\" \/><\/a><\/figure><div class=\"wp-block-media-text__content\">\n<h2 class=\"wp-block-heading\">Recherche &amp; D\u00e9veloppement<\/h2>\n\n\n\n<p>Nous consid\u00e9rons la Recherche &amp; le d\u00e9veloppement comme le berceau des technologies d&rsquo;assemblage les plus r\u00e9centes de l&rsquo;ing\u00e9nierie moderne du bois.<\/p>\n\n\n\n<p><a href=\"\/fr\/gsa-technologie\/gsa-fe\/\">plus<\/a><\/p>\n<\/div><\/div>\n\n\n\n<div class=\"wp-block-media-text has-media-on-the-right is-stacked-on-mobile has-light-background-color has-background\"><div class=\"wp-block-media-text__content\">\n<h2 class=\"wp-block-heading\">Partenariat avec GSA<\/h2>\n\n\n\n<p>Souhaitez-vous devenir tutulaire d\u2019une partenariat pour cette syst\u00e8me haute performance?<\/p>\n\n\n\n<p><a href=\"https:\/\/www.gsa-technology.ch\/fr\/partenariat-avec-gsa\/\">plus<\/a><\/p>\n<\/div><figure class=\"wp-block-media-text__media\"><a href=\"\/fr\/lizenznehmer\/?noredirect=fr_CH\"><img decoding=\"async\" width=\"1024\" height=\"576\" data-src=\"https:\/\/www.gsa-technology.ch\/fr\/wp-content\/uploads\/sites\/3\/2022\/01\/front_Lizenznehmer-1024x576.jpg\" alt=\"\" class=\"wp-image-1460 size-full lazyload\" data-srcset=\"https:\/\/www.gsa-technology.ch\/fr\/wp-content\/uploads\/sites\/3\/2022\/01\/front_Lizenznehmer-1024x576.jpg 1024w, https:\/\/www.gsa-technology.ch\/fr\/wp-content\/uploads\/sites\/3\/2022\/01\/front_Lizenznehmer-300x169.jpg 300w, https:\/\/www.gsa-technology.ch\/fr\/wp-content\/uploads\/sites\/3\/2022\/01\/front_Lizenznehmer-768x432.jpg 768w, https:\/\/www.gsa-technology.ch\/fr\/wp-content\/uploads\/sites\/3\/2022\/01\/front_Lizenznehmer-1536x864.jpg 1536w, https:\/\/www.gsa-technology.ch\/fr\/wp-content\/uploads\/sites\/3\/2022\/01\/front_Lizenznehmer.jpg 1920w\" data-sizes=\"(max-width: 1024px) 100vw, 1024px\" src=\"data:image\/svg+xml;base64,PHN2ZyB3aWR0aD0iMSIgaGVpZ2h0PSIxIiB4bWxucz0iaHR0cDovL3d3dy53My5vcmcvMjAwMC9zdmciPjwvc3ZnPg==\" style=\"--smush-placeholder-width: 1024px; --smush-placeholder-aspect-ratio: 1024\/576;\" \/><\/a><\/figure><\/div>\n","protected":false},"excerpt":{"rendered":"<p>L&rsquo;esth\u00e9tique du Bois Assemblage avec haute performance pour l\u2019ing\u00e9nieur en construction bois. plus Technologie GSA Bois lamell\u00e9-coll\u00e9, r\u00e9sine \u00e9poxy et acier &#8211; tels sont les \u00e9l\u00e9ments essentiels de la technologie GSA. plus Recherche &amp; D\u00e9veloppement Nous consid\u00e9rons la Recherche &amp; le d\u00e9veloppement comme le berceau des technologies d&rsquo;assemblage les plus r\u00e9centes de l&rsquo;ing\u00e9nierie moderne du [&hellip;]<\/p>\n","protected":false},"author":1,"featured_media":0,"parent":0,"menu_order":0,"comment_status":"closed","ping_status":"closed","template":"","meta":{"footnotes":""},"class_list":["post-49","page","type-page","status-publish","hentry"],"_links":{"self":[{"href":"https:\/\/www.gsa-technology.ch\/fr\/wp-json\/wp\/v2\/pages\/49","targetHints":{"allow":["GET"]}}],"collection":[{"href":"https:\/\/www.gsa-technology.ch\/fr\/wp-json\/wp\/v2\/pages"}],"about":[{"href":"https:\/\/www.gsa-technology.ch\/fr\/wp-json\/wp\/v2\/types\/page"}],"author":[{"embeddable":true,"href":"https:\/\/www.gsa-technology.ch\/fr\/wp-json\/wp\/v2\/users\/1"}],"replies":[{"embeddable":true,"href":"https:\/\/www.gsa-technology.ch\/fr\/wp-json\/wp\/v2\/comments?post=49"}],"version-history":[{"count":54,"href":"https:\/\/www.gsa-technology.ch\/fr\/wp-json\/wp\/v2\/pages\/49\/revisions"}],"predecessor-version":[{"id":1899,"href":"https:\/\/www.gsa-technology.ch\/fr\/wp-json\/wp\/v2\/pages\/49\/revisions\/1899"}],"wp:attachment":[{"href":"https:\/\/www.gsa-technology.ch\/fr\/wp-json\/wp\/v2\/media?parent=49"}],"curies":[{"name":"wp","href":"https:\/\/api.w.org\/{rel}","templated":true}]}}