{"id":67,"date":"2019-08-20T10:47:10","date_gmt":"2019-08-20T08:47:10","guid":{"rendered":"https:\/\/www.gsa-technology.ch\/?page_id=67"},"modified":"2025-03-27T08:38:49","modified_gmt":"2025-03-27T07:38:49","slug":"gsa-wv","status":"publish","type":"page","link":"https:\/\/www.gsa-technology.ch\/fr\/gsa-technologie\/gsa-wv\/","title":{"rendered":"GSA-WV"},"content":{"rendered":"\n<div class=\"wp-block-media-text\"><figure class=\"wp-block-media-text__media\"><img decoding=\"async\" width=\"337\" height=\"242\" data-src=\"https:\/\/www.gsa-technology.ch\/wp-content\/uploads\/sites\/3\/2019\/09\/Skizze-GSA-WV.png\" alt=\"\" class=\"wp-image-583 size-full lazyload\" data-srcset=\"https:\/\/www.gsa-technology.ch\/fr\/wp-content\/uploads\/sites\/3\/2019\/09\/Skizze-GSA-WV.png 337w, https:\/\/www.gsa-technology.ch\/fr\/wp-content\/uploads\/sites\/3\/2019\/09\/Skizze-GSA-WV-300x215.png 300w\" data-sizes=\"(max-width: 337px) 100vw, 337px\" src=\"data:image\/svg+xml;base64,PHN2ZyB3aWR0aD0iMSIgaGVpZ2h0PSIxIiB4bWxucz0iaHR0cDovL3d3dy53My5vcmcvMjAwMC9zdmciPjwvc3ZnPg==\" style=\"--smush-placeholder-width: 337px; --smush-placeholder-aspect-ratio: 337\/242;\" \/><\/figure><div class=\"wp-block-media-text__content\">\n<p>Les raidisseurs en parois et en toiture servent \u00e0 la stabilisation spatiale des structures porteuses. Dans la plupart des cas, les poteaux et porteurs atteignent leur r\u00e9sistance maximale gr\u00e2ce \u00e0 ces \u00e9l\u00e9ments. Nos raidisseurs garantissent la stabilit\u00e9 ainsi que la r\u00e9sistance n\u00e9cessaire et sont faciles \u00e0 monter. Nos \u00abraidisseurs \u00e0 fiches\u00bb assurent leur fonction stabilisante par l\u2019insertion de seulement deux chevilles \u00e0 goupiller.<\/p>\n\n\n\n<p><\/p>\n<\/div><\/div>\n\n\n\n<p><a href=\"https:\/\/www.gsa-technology.ch\/fr\/wp-content\/uploads\/sites\/3\/2025\/03\/Produktdatenblatt_GSA-WV_FR.pdf\" data-type=\"URL\" data-id=\"\/fr\/wp-content\/uploads\/sites\/3\/2022\/02\/Produktdatenblatt_GSA-WV_FR.pdf\" target=\"_blank\" rel=\"noreferrer noopener\">Affiche GSA-WV<\/a><\/p>\n\n\n\n<figure class=\"wp-block-gallery has-nested-images columns-default is-cropped wp-block-gallery-1 is-layout-flex wp-block-gallery-is-layout-flex\">\n<figure class=\"wp-block-image size-large\"><a href=\"https:\/\/www.gsa-technology.ch\/fr\/wp-content\/uploads\/sites\/3\/2019\/09\/gsa-wv-1.jpg\" target=\"_blank\" rel=\"noopener\"><img decoding=\"async\" width=\"660\" height=\"450\" data-id=\"489\" data-src=\"https:\/\/www.gsa-technology.ch\/wp-content\/uploads\/sites\/3\/2019\/09\/gsa-wv-1.jpg\" alt=\"\" class=\"wp-image-489 lazyload\" data-srcset=\"https:\/\/www.gsa-technology.ch\/fr\/wp-content\/uploads\/sites\/3\/2019\/09\/gsa-wv-1.jpg 660w, https:\/\/www.gsa-technology.ch\/fr\/wp-content\/uploads\/sites\/3\/2019\/09\/gsa-wv-1-300x205.jpg 300w\" data-sizes=\"(max-width: 660px) 100vw, 660px\" src=\"data:image\/svg+xml;base64,PHN2ZyB3aWR0aD0iMSIgaGVpZ2h0PSIxIiB4bWxucz0iaHR0cDovL3d3dy53My5vcmcvMjAwMC9zdmciPjwvc3ZnPg==\" style=\"--smush-placeholder-width: 660px; --smush-placeholder-aspect-ratio: 660\/450;\" \/><\/a><\/figure>\n\n\n\n<figure class=\"wp-block-image size-large\"><a href=\"https:\/\/www.gsa-technology.ch\/fr\/wp-content\/uploads\/sites\/3\/2019\/09\/gsa-wv-2.jpg\" target=\"_blank\" rel=\"noopener\"><img decoding=\"async\" width=\"1024\" height=\"576\" data-id=\"490\" data-src=\"https:\/\/www.gsa-technology.ch\/wp-content\/uploads\/sites\/3\/2019\/09\/gsa-wv-2-1024x576.jpg\" alt=\"\" class=\"wp-image-490 lazyload\" data-srcset=\"https:\/\/www.gsa-technology.ch\/fr\/wp-content\/uploads\/sites\/3\/2019\/09\/gsa-wv-2-1024x576.jpg 1024w, https:\/\/www.gsa-technology.ch\/fr\/wp-content\/uploads\/sites\/3\/2019\/09\/gsa-wv-2-300x169.jpg 300w, https:\/\/www.gsa-technology.ch\/fr\/wp-content\/uploads\/sites\/3\/2019\/09\/gsa-wv-2-768x432.jpg 768w, https:\/\/www.gsa-technology.ch\/fr\/wp-content\/uploads\/sites\/3\/2019\/09\/gsa-wv-2.jpg 1920w\" data-sizes=\"(max-width: 1024px) 100vw, 1024px\" src=\"data:image\/svg+xml;base64,PHN2ZyB3aWR0aD0iMSIgaGVpZ2h0PSIxIiB4bWxucz0iaHR0cDovL3d3dy53My5vcmcvMjAwMC9zdmciPjwvc3ZnPg==\" style=\"--smush-placeholder-width: 1024px; --smush-placeholder-aspect-ratio: 1024\/576;\" \/><\/a><\/figure>\n\n\n\n<figure class=\"wp-block-image size-large\"><a href=\"https:\/\/www.gsa-technology.ch\/fr\/wp-content\/uploads\/sites\/3\/2019\/09\/gsa-wv-3.jpg\" target=\"_blank\" rel=\"noopener\"><img decoding=\"async\" width=\"1024\" height=\"576\" data-id=\"491\" data-src=\"https:\/\/www.gsa-technology.ch\/wp-content\/uploads\/sites\/3\/2019\/09\/gsa-wv-3-1024x576.jpg\" alt=\"\" class=\"wp-image-491 lazyload\" data-srcset=\"https:\/\/www.gsa-technology.ch\/fr\/wp-content\/uploads\/sites\/3\/2019\/09\/gsa-wv-3-1024x576.jpg 1024w, https:\/\/www.gsa-technology.ch\/fr\/wp-content\/uploads\/sites\/3\/2019\/09\/gsa-wv-3-300x169.jpg 300w, https:\/\/www.gsa-technology.ch\/fr\/wp-content\/uploads\/sites\/3\/2019\/09\/gsa-wv-3-768x432.jpg 768w, https:\/\/www.gsa-technology.ch\/fr\/wp-content\/uploads\/sites\/3\/2019\/09\/gsa-wv-3.jpg 1920w\" data-sizes=\"(max-width: 1024px) 100vw, 1024px\" src=\"data:image\/svg+xml;base64,PHN2ZyB3aWR0aD0iMSIgaGVpZ2h0PSIxIiB4bWxucz0iaHR0cDovL3d3dy53My5vcmcvMjAwMC9zdmciPjwvc3ZnPg==\" style=\"--smush-placeholder-width: 1024px; --smush-placeholder-aspect-ratio: 1024\/576;\" \/><\/a><\/figure>\n\n\n\n<figure class=\"wp-block-image size-large\"><a href=\"https:\/\/www.gsa-technology.ch\/fr\/wp-content\/uploads\/sites\/3\/2019\/09\/gsa-wv-4.jpg\" target=\"_blank\" rel=\"noopener\"><img decoding=\"async\" width=\"768\" height=\"1024\" data-id=\"492\" data-src=\"https:\/\/www.gsa-technology.ch\/wp-content\/uploads\/sites\/3\/2019\/09\/gsa-wv-4-768x1024.jpg\" alt=\"\" class=\"wp-image-492 lazyload\" data-srcset=\"https:\/\/www.gsa-technology.ch\/fr\/wp-content\/uploads\/sites\/3\/2019\/09\/gsa-wv-4-768x1024.jpg 768w, https:\/\/www.gsa-technology.ch\/fr\/wp-content\/uploads\/sites\/3\/2019\/09\/gsa-wv-4-225x300.jpg 225w, https:\/\/www.gsa-technology.ch\/fr\/wp-content\/uploads\/sites\/3\/2019\/09\/gsa-wv-4.jpg 1200w\" data-sizes=\"(max-width: 768px) 100vw, 768px\" src=\"data:image\/svg+xml;base64,PHN2ZyB3aWR0aD0iMSIgaGVpZ2h0PSIxIiB4bWxucz0iaHR0cDovL3d3dy53My5vcmcvMjAwMC9zdmciPjwvc3ZnPg==\" style=\"--smush-placeholder-width: 768px; --smush-placeholder-aspect-ratio: 768\/1024;\" \/><\/a><\/figure>\n\n\n\n<figure class=\"wp-block-image size-large\"><a href=\"https:\/\/www.gsa-technology.ch\/fr\/wp-content\/uploads\/sites\/3\/2019\/09\/gsa-wv-5.jpg\" target=\"_blank\" rel=\"noopener\"><img decoding=\"async\" width=\"1024\" height=\"576\" data-id=\"493\" data-src=\"https:\/\/www.gsa-technology.ch\/wp-content\/uploads\/sites\/3\/2019\/09\/gsa-wv-5-1024x576.jpg\" alt=\"\" class=\"wp-image-493 lazyload\" data-srcset=\"https:\/\/www.gsa-technology.ch\/fr\/wp-content\/uploads\/sites\/3\/2019\/09\/gsa-wv-5-1024x576.jpg 1024w, https:\/\/www.gsa-technology.ch\/fr\/wp-content\/uploads\/sites\/3\/2019\/09\/gsa-wv-5-300x169.jpg 300w, https:\/\/www.gsa-technology.ch\/fr\/wp-content\/uploads\/sites\/3\/2019\/09\/gsa-wv-5-768x432.jpg 768w, https:\/\/www.gsa-technology.ch\/fr\/wp-content\/uploads\/sites\/3\/2019\/09\/gsa-wv-5.jpg 1920w\" data-sizes=\"(max-width: 1024px) 100vw, 1024px\" src=\"data:image\/svg+xml;base64,PHN2ZyB3aWR0aD0iMSIgaGVpZ2h0PSIxIiB4bWxucz0iaHR0cDovL3d3dy53My5vcmcvMjAwMC9zdmciPjwvc3ZnPg==\" style=\"--smush-placeholder-width: 1024px; --smush-placeholder-aspect-ratio: 1024\/576;\" \/><\/a><\/figure>\n\n\n\n<figure class=\"wp-block-image size-large\"><a href=\"https:\/\/www.gsa-technology.ch\/fr\/wp-content\/uploads\/sites\/3\/2019\/09\/gsa-wv-6.jpg\" target=\"_blank\" rel=\"noopener\"><img decoding=\"async\" width=\"1024\" height=\"576\" data-id=\"494\" data-src=\"https:\/\/www.gsa-technology.ch\/wp-content\/uploads\/sites\/3\/2019\/09\/gsa-wv-6-1024x576.jpg\" alt=\"\" class=\"wp-image-494 lazyload\" data-srcset=\"https:\/\/www.gsa-technology.ch\/fr\/wp-content\/uploads\/sites\/3\/2019\/09\/gsa-wv-6-1024x576.jpg 1024w, https:\/\/www.gsa-technology.ch\/fr\/wp-content\/uploads\/sites\/3\/2019\/09\/gsa-wv-6-300x169.jpg 300w, https:\/\/www.gsa-technology.ch\/fr\/wp-content\/uploads\/sites\/3\/2019\/09\/gsa-wv-6-768x432.jpg 768w, https:\/\/www.gsa-technology.ch\/fr\/wp-content\/uploads\/sites\/3\/2019\/09\/gsa-wv-6.jpg 1920w\" data-sizes=\"(max-width: 1024px) 100vw, 1024px\" src=\"data:image\/svg+xml;base64,PHN2ZyB3aWR0aD0iMSIgaGVpZ2h0PSIxIiB4bWxucz0iaHR0cDovL3d3dy53My5vcmcvMjAwMC9zdmciPjwvc3ZnPg==\" style=\"--smush-placeholder-width: 1024px; --smush-placeholder-aspect-ratio: 1024\/576;\" \/><\/a><\/figure>\n\n\n\n<figure class=\"wp-block-image size-large\"><a href=\"https:\/\/www.gsa-technology.ch\/fr\/wp-content\/uploads\/sites\/3\/2019\/09\/gsa-wv-7.jpg\" target=\"_blank\" rel=\"noopener\"><img decoding=\"async\" width=\"1024\" height=\"576\" data-id=\"495\" data-src=\"https:\/\/www.gsa-technology.ch\/wp-content\/uploads\/sites\/3\/2019\/09\/gsa-wv-7-1024x576.jpg\" alt=\"\" class=\"wp-image-495 lazyload\" data-srcset=\"https:\/\/www.gsa-technology.ch\/fr\/wp-content\/uploads\/sites\/3\/2019\/09\/gsa-wv-7-1024x576.jpg 1024w, https:\/\/www.gsa-technology.ch\/fr\/wp-content\/uploads\/sites\/3\/2019\/09\/gsa-wv-7-300x169.jpg 300w, https:\/\/www.gsa-technology.ch\/fr\/wp-content\/uploads\/sites\/3\/2019\/09\/gsa-wv-7-768x432.jpg 768w, https:\/\/www.gsa-technology.ch\/fr\/wp-content\/uploads\/sites\/3\/2019\/09\/gsa-wv-7.jpg 1920w\" data-sizes=\"(max-width: 1024px) 100vw, 1024px\" src=\"data:image\/svg+xml;base64,PHN2ZyB3aWR0aD0iMSIgaGVpZ2h0PSIxIiB4bWxucz0iaHR0cDovL3d3dy53My5vcmcvMjAwMC9zdmciPjwvc3ZnPg==\" style=\"--smush-placeholder-width: 1024px; --smush-placeholder-aspect-ratio: 1024\/576;\" \/><\/a><\/figure>\n\n\n\n<figure class=\"wp-block-image size-large\"><a href=\"https:\/\/www.gsa-technology.ch\/fr\/wp-content\/uploads\/sites\/3\/2019\/09\/gsa-wv-8.jpg\" target=\"_blank\" rel=\"noopener\"><img decoding=\"async\" width=\"1024\" height=\"576\" data-id=\"496\" data-src=\"https:\/\/www.gsa-technology.ch\/wp-content\/uploads\/sites\/3\/2019\/09\/gsa-wv-8-1024x576.jpg\" alt=\"\" class=\"wp-image-496 lazyload\" data-srcset=\"https:\/\/www.gsa-technology.ch\/fr\/wp-content\/uploads\/sites\/3\/2019\/09\/gsa-wv-8-1024x576.jpg 1024w, https:\/\/www.gsa-technology.ch\/fr\/wp-content\/uploads\/sites\/3\/2019\/09\/gsa-wv-8-300x169.jpg 300w, https:\/\/www.gsa-technology.ch\/fr\/wp-content\/uploads\/sites\/3\/2019\/09\/gsa-wv-8-768x432.jpg 768w, https:\/\/www.gsa-technology.ch\/fr\/wp-content\/uploads\/sites\/3\/2019\/09\/gsa-wv-8.jpg 1920w\" data-sizes=\"(max-width: 1024px) 100vw, 1024px\" src=\"data:image\/svg+xml;base64,PHN2ZyB3aWR0aD0iMSIgaGVpZ2h0PSIxIiB4bWxucz0iaHR0cDovL3d3dy53My5vcmcvMjAwMC9zdmciPjwvc3ZnPg==\" style=\"--smush-placeholder-width: 1024px; --smush-placeholder-aspect-ratio: 1024\/576;\" \/><\/a><\/figure>\n<\/figure>\n","protected":false},"excerpt":{"rendered":"<p>Les raidisseurs en parois et en toiture servent \u00e0 la stabilisation spatiale des structures porteuses. Dans la plupart des cas, les poteaux et porteurs atteignent leur r\u00e9sistance maximale gr\u00e2ce \u00e0 ces \u00e9l\u00e9ments. Nos raidisseurs garantissent la stabilit\u00e9 ainsi que la r\u00e9sistance n\u00e9cessaire et sont faciles \u00e0 monter. Nos \u00abraidisseurs \u00e0 fiches\u00bb assurent leur fonction stabilisante [&hellip;]<\/p>\n","protected":false},"author":1,"featured_media":0,"parent":34,"menu_order":0,"comment_status":"closed","ping_status":"closed","template":"","meta":{"footnotes":""},"class_list":["post-67","page","type-page","status-publish","hentry"],"_links":{"self":[{"href":"https:\/\/www.gsa-technology.ch\/fr\/wp-json\/wp\/v2\/pages\/67","targetHints":{"allow":["GET"]}}],"collection":[{"href":"https:\/\/www.gsa-technology.ch\/fr\/wp-json\/wp\/v2\/pages"}],"about":[{"href":"https:\/\/www.gsa-technology.ch\/fr\/wp-json\/wp\/v2\/types\/page"}],"author":[{"embeddable":true,"href":"https:\/\/www.gsa-technology.ch\/fr\/wp-json\/wp\/v2\/users\/1"}],"replies":[{"embeddable":true,"href":"https:\/\/www.gsa-technology.ch\/fr\/wp-json\/wp\/v2\/comments?post=67"}],"version-history":[{"count":16,"href":"https:\/\/www.gsa-technology.ch\/fr\/wp-json\/wp\/v2\/pages\/67\/revisions"}],"predecessor-version":[{"id":1956,"href":"https:\/\/www.gsa-technology.ch\/fr\/wp-json\/wp\/v2\/pages\/67\/revisions\/1956"}],"up":[{"embeddable":true,"href":"https:\/\/www.gsa-technology.ch\/fr\/wp-json\/wp\/v2\/pages\/34"}],"wp:attachment":[{"href":"https:\/\/www.gsa-technology.ch\/fr\/wp-json\/wp\/v2\/media?parent=67"}],"curies":[{"name":"wp","href":"https:\/\/api.w.org\/{rel}","templated":true}]}}