{"id":71,"date":"2019-08-20T10:47:33","date_gmt":"2019-08-20T08:47:33","guid":{"rendered":"https:\/\/www.gsa-technology.ch\/?page_id=71"},"modified":"2025-03-27T08:37:15","modified_gmt":"2025-03-27T07:37:15","slug":"gsa-vgs","status":"publish","type":"page","link":"https:\/\/www.gsa-technology.ch\/fr\/gsa-technologie\/gsa-vgs\/","title":{"rendered":"GSA-VGS"},"content":{"rendered":"\n<div class=\"wp-block-media-text\"><figure class=\"wp-block-media-text__media\"><img decoding=\"async\" width=\"337\" height=\"90\" data-src=\"https:\/\/www.gsa-technology.ch\/wp-content\/uploads\/sites\/3\/2019\/09\/Skizze-GSA-VGS.png\" alt=\"\" class=\"wp-image-579 size-full lazyload\" data-srcset=\"https:\/\/www.gsa-technology.ch\/fr\/wp-content\/uploads\/sites\/3\/2019\/09\/Skizze-GSA-VGS.png 337w, https:\/\/www.gsa-technology.ch\/fr\/wp-content\/uploads\/sites\/3\/2019\/09\/Skizze-GSA-VGS-300x80.png 300w\" data-sizes=\"(max-width: 337px) 100vw, 337px\" src=\"data:image\/svg+xml;base64,PHN2ZyB3aWR0aD0iMSIgaGVpZ2h0PSIxIiB4bWxucz0iaHR0cDovL3d3dy53My5vcmcvMjAwMC9zdmciPjwvc3ZnPg==\" style=\"--smush-placeholder-width: 337px; --smush-placeholder-aspect-ratio: 337\/90;\" \/><\/figure><div class=\"wp-block-media-text__content\">\n<p>Lors d\u2019apponses avec des charges \u00e9lev\u00e9es ou une g\u00e9om\u00e9trie sp\u00e9ciale, la liaison par scellement avec GSA-VGS est utilis\u00e9e. C\u2019est \u00e9galement la solution optimale en cas de tol\u00e9rances dimensionnelles incontournables. Cet assemblage est r\u00e9alis\u00e9 sur chantier avec un mortier mis en place par nos sp\u00e9cialistes GSA. Vous nous transmettez simplement les efforts normaux, tranchants et les moments et nos ing\u00e9nieurs s\u2019occupent du dimensionnement.<\/p>\n\n\n\n<p><\/p>\n<\/div><\/div>\n\n\n\n<p><a href=\"https:\/\/www.gsa-technology.ch\/fr\/wp-content\/uploads\/sites\/3\/2025\/03\/Produktdatenblatt_GSA-VGS_FR.pdf\" data-type=\"URL\" data-id=\"\/fr\/wp-content\/uploads\/sites\/3\/2022\/02\/Produktdatenblatt_GSA-VGS_FR.pdf\" target=\"_blank\" rel=\"noreferrer noopener\">Affiche GSA<sup>&#8211;<\/sup>VGS<\/a><br><a href=\"\/fr\/wp-content\/uploads\/sites\/3\/2022\/02\/Ausschreibungstext-VGS.pdf\" data-type=\"URL\" data-id=\"\/fr\/wp-content\/uploads\/sites\/3\/2022\/02\/Ausschreibungstext-VGS.pdf\" target=\"_blank\" rel=\"noreferrer noopener\">Textes de soumission GSA-VGS<\/a> (en allemand)<\/p>\n\n\n\n<figure class=\"wp-block-gallery has-nested-images columns-default is-cropped wp-block-gallery-1 is-layout-flex wp-block-gallery-is-layout-flex\">\n<figure class=\"wp-block-image size-large\"><a href=\"https:\/\/www.gsa-technology.ch\/fr\/wp-content\/uploads\/sites\/3\/2019\/09\/gsa-vgs-1.jpg\" target=\"_blank\" rel=\"noopener\"><img decoding=\"async\" width=\"1024\" height=\"740\" data-id=\"477\" data-src=\"https:\/\/www.gsa-technology.ch\/wp-content\/uploads\/sites\/3\/2019\/09\/gsa-vgs-1-1024x740.jpg\" alt=\"\" class=\"wp-image-477 lazyload\" data-srcset=\"https:\/\/www.gsa-technology.ch\/fr\/wp-content\/uploads\/sites\/3\/2019\/09\/gsa-vgs-1-1024x740.jpg 1024w, https:\/\/www.gsa-technology.ch\/fr\/wp-content\/uploads\/sites\/3\/2019\/09\/gsa-vgs-1-300x217.jpg 300w, https:\/\/www.gsa-technology.ch\/fr\/wp-content\/uploads\/sites\/3\/2019\/09\/gsa-vgs-1-768x555.jpg 768w, https:\/\/www.gsa-technology.ch\/fr\/wp-content\/uploads\/sites\/3\/2019\/09\/gsa-vgs-1.jpg 1200w\" data-sizes=\"(max-width: 1024px) 100vw, 1024px\" src=\"data:image\/svg+xml;base64,PHN2ZyB3aWR0aD0iMSIgaGVpZ2h0PSIxIiB4bWxucz0iaHR0cDovL3d3dy53My5vcmcvMjAwMC9zdmciPjwvc3ZnPg==\" style=\"--smush-placeholder-width: 1024px; --smush-placeholder-aspect-ratio: 1024\/740;\" \/><\/a><\/figure>\n\n\n\n<figure class=\"wp-block-image size-large\"><a href=\"https:\/\/www.gsa-technology.ch\/fr\/wp-content\/uploads\/sites\/3\/2019\/09\/gsa-vgs-2.jpg\" target=\"_blank\" rel=\"noopener\"><img decoding=\"async\" width=\"1024\" height=\"576\" data-id=\"478\" data-src=\"https:\/\/www.gsa-technology.ch\/wp-content\/uploads\/sites\/3\/2019\/09\/gsa-vgs-2-1024x576.jpg\" alt=\"\" class=\"wp-image-478 lazyload\" data-srcset=\"https:\/\/www.gsa-technology.ch\/fr\/wp-content\/uploads\/sites\/3\/2019\/09\/gsa-vgs-2-1024x576.jpg 1024w, https:\/\/www.gsa-technology.ch\/fr\/wp-content\/uploads\/sites\/3\/2019\/09\/gsa-vgs-2-300x169.jpg 300w, https:\/\/www.gsa-technology.ch\/fr\/wp-content\/uploads\/sites\/3\/2019\/09\/gsa-vgs-2-768x432.jpg 768w, https:\/\/www.gsa-technology.ch\/fr\/wp-content\/uploads\/sites\/3\/2019\/09\/gsa-vgs-2.jpg 1920w\" data-sizes=\"(max-width: 1024px) 100vw, 1024px\" src=\"data:image\/svg+xml;base64,PHN2ZyB3aWR0aD0iMSIgaGVpZ2h0PSIxIiB4bWxucz0iaHR0cDovL3d3dy53My5vcmcvMjAwMC9zdmciPjwvc3ZnPg==\" style=\"--smush-placeholder-width: 1024px; --smush-placeholder-aspect-ratio: 1024\/576;\" \/><\/a><\/figure>\n\n\n\n<figure class=\"wp-block-image size-large\"><a href=\"https:\/\/www.gsa-technology.ch\/fr\/wp-content\/uploads\/sites\/3\/2019\/09\/gsa-vgs-4.jpg\" target=\"_blank\" rel=\"noopener\"><img decoding=\"async\" width=\"1024\" height=\"576\" data-id=\"480\" data-src=\"https:\/\/www.gsa-technology.ch\/wp-content\/uploads\/sites\/3\/2019\/09\/gsa-vgs-4-1024x576.jpg\" alt=\"\" class=\"wp-image-480 lazyload\" data-srcset=\"https:\/\/www.gsa-technology.ch\/fr\/wp-content\/uploads\/sites\/3\/2019\/09\/gsa-vgs-4-1024x576.jpg 1024w, https:\/\/www.gsa-technology.ch\/fr\/wp-content\/uploads\/sites\/3\/2019\/09\/gsa-vgs-4-300x169.jpg 300w, https:\/\/www.gsa-technology.ch\/fr\/wp-content\/uploads\/sites\/3\/2019\/09\/gsa-vgs-4-768x432.jpg 768w, https:\/\/www.gsa-technology.ch\/fr\/wp-content\/uploads\/sites\/3\/2019\/09\/gsa-vgs-4.jpg 1920w\" data-sizes=\"(max-width: 1024px) 100vw, 1024px\" src=\"data:image\/svg+xml;base64,PHN2ZyB3aWR0aD0iMSIgaGVpZ2h0PSIxIiB4bWxucz0iaHR0cDovL3d3dy53My5vcmcvMjAwMC9zdmciPjwvc3ZnPg==\" style=\"--smush-placeholder-width: 1024px; --smush-placeholder-aspect-ratio: 1024\/576;\" \/><\/a><\/figure>\n\n\n\n<figure class=\"wp-block-image size-large\"><a href=\"https:\/\/www.gsa-technology.ch\/fr\/wp-content\/uploads\/sites\/3\/2019\/09\/gsa-vgs-3.jpg\" target=\"_blank\" rel=\"noopener\"><img decoding=\"async\" width=\"1024\" height=\"576\" data-id=\"479\" data-src=\"https:\/\/www.gsa-technology.ch\/wp-content\/uploads\/sites\/3\/2019\/09\/gsa-vgs-3-1024x576.jpg\" alt=\"\" class=\"wp-image-479 lazyload\" data-srcset=\"https:\/\/www.gsa-technology.ch\/fr\/wp-content\/uploads\/sites\/3\/2019\/09\/gsa-vgs-3-1024x576.jpg 1024w, https:\/\/www.gsa-technology.ch\/fr\/wp-content\/uploads\/sites\/3\/2019\/09\/gsa-vgs-3-300x169.jpg 300w, https:\/\/www.gsa-technology.ch\/fr\/wp-content\/uploads\/sites\/3\/2019\/09\/gsa-vgs-3-768x432.jpg 768w, https:\/\/www.gsa-technology.ch\/fr\/wp-content\/uploads\/sites\/3\/2019\/09\/gsa-vgs-3.jpg 1920w\" data-sizes=\"(max-width: 1024px) 100vw, 1024px\" src=\"data:image\/svg+xml;base64,PHN2ZyB3aWR0aD0iMSIgaGVpZ2h0PSIxIiB4bWxucz0iaHR0cDovL3d3dy53My5vcmcvMjAwMC9zdmciPjwvc3ZnPg==\" style=\"--smush-placeholder-width: 1024px; --smush-placeholder-aspect-ratio: 1024\/576;\" \/><\/a><\/figure>\n\n\n\n<figure class=\"wp-block-image size-large\"><a href=\"https:\/\/www.gsa-technology.ch\/fr\/wp-content\/uploads\/sites\/3\/2019\/09\/gsa-vgs-5.jpg\" target=\"_blank\" rel=\"noopener\"><img decoding=\"async\" width=\"1024\" height=\"576\" data-id=\"481\" data-src=\"https:\/\/www.gsa-technology.ch\/wp-content\/uploads\/sites\/3\/2019\/09\/gsa-vgs-5-1024x576.jpg\" alt=\"\" class=\"wp-image-481 lazyload\" data-srcset=\"https:\/\/www.gsa-technology.ch\/fr\/wp-content\/uploads\/sites\/3\/2019\/09\/gsa-vgs-5-1024x576.jpg 1024w, https:\/\/www.gsa-technology.ch\/fr\/wp-content\/uploads\/sites\/3\/2019\/09\/gsa-vgs-5-300x169.jpg 300w, https:\/\/www.gsa-technology.ch\/fr\/wp-content\/uploads\/sites\/3\/2019\/09\/gsa-vgs-5-768x432.jpg 768w, https:\/\/www.gsa-technology.ch\/fr\/wp-content\/uploads\/sites\/3\/2019\/09\/gsa-vgs-5.jpg 1920w\" data-sizes=\"(max-width: 1024px) 100vw, 1024px\" src=\"data:image\/svg+xml;base64,PHN2ZyB3aWR0aD0iMSIgaGVpZ2h0PSIxIiB4bWxucz0iaHR0cDovL3d3dy53My5vcmcvMjAwMC9zdmciPjwvc3ZnPg==\" style=\"--smush-placeholder-width: 1024px; --smush-placeholder-aspect-ratio: 1024\/576;\" \/><\/a><\/figure>\n<\/figure>\n","protected":false},"excerpt":{"rendered":"<p>Lors d\u2019apponses avec des charges \u00e9lev\u00e9es ou une g\u00e9om\u00e9trie sp\u00e9ciale, la liaison par scellement avec GSA-VGS est utilis\u00e9e. C\u2019est \u00e9galement la solution optimale en cas de tol\u00e9rances dimensionnelles incontournables. Cet assemblage est r\u00e9alis\u00e9 sur chantier avec un mortier mis en place par nos sp\u00e9cialistes GSA. Vous nous transmettez simplement les efforts normaux, tranchants et les [&hellip;]<\/p>\n","protected":false},"author":1,"featured_media":0,"parent":34,"menu_order":0,"comment_status":"closed","ping_status":"closed","template":"","meta":{"footnotes":""},"class_list":["post-71","page","type-page","status-publish","hentry"],"_links":{"self":[{"href":"https:\/\/www.gsa-technology.ch\/fr\/wp-json\/wp\/v2\/pages\/71","targetHints":{"allow":["GET"]}}],"collection":[{"href":"https:\/\/www.gsa-technology.ch\/fr\/wp-json\/wp\/v2\/pages"}],"about":[{"href":"https:\/\/www.gsa-technology.ch\/fr\/wp-json\/wp\/v2\/types\/page"}],"author":[{"embeddable":true,"href":"https:\/\/www.gsa-technology.ch\/fr\/wp-json\/wp\/v2\/users\/1"}],"replies":[{"embeddable":true,"href":"https:\/\/www.gsa-technology.ch\/fr\/wp-json\/wp\/v2\/comments?post=71"}],"version-history":[{"count":26,"href":"https:\/\/www.gsa-technology.ch\/fr\/wp-json\/wp\/v2\/pages\/71\/revisions"}],"predecessor-version":[{"id":1952,"href":"https:\/\/www.gsa-technology.ch\/fr\/wp-json\/wp\/v2\/pages\/71\/revisions\/1952"}],"up":[{"embeddable":true,"href":"https:\/\/www.gsa-technology.ch\/fr\/wp-json\/wp\/v2\/pages\/34"}],"wp:attachment":[{"href":"https:\/\/www.gsa-technology.ch\/fr\/wp-json\/wp\/v2\/media?parent=71"}],"curies":[{"name":"wp","href":"https:\/\/api.w.org\/{rel}","templated":true}]}}