{"id":77,"date":"2019-08-20T10:48:17","date_gmt":"2019-08-20T08:48:17","guid":{"rendered":"https:\/\/www.gsa-technology.ch\/?page_id=77"},"modified":"2025-03-27T08:36:21","modified_gmt":"2025-03-27T07:36:21","slug":"gsa-san","status":"publish","type":"page","link":"https:\/\/www.gsa-technology.ch\/fr\/gsa-technologie\/gsa-san\/","title":{"rendered":"GSA-SAN"},"content":{"rendered":"\n<div class=\"wp-block-media-text is-stacked-on-mobile\"><figure class=\"wp-block-media-text__media\"><img decoding=\"async\" width=\"337\" height=\"157\" data-src=\"https:\/\/www.gsa-technology.ch\/wp-content\/uploads\/sites\/3\/2019\/09\/Skizze-GSA-SAN.png\" alt=\"\" class=\"wp-image-575 size-full lazyload\" data-srcset=\"https:\/\/www.gsa-technology.ch\/fr\/wp-content\/uploads\/sites\/3\/2019\/09\/Skizze-GSA-SAN.png 337w, https:\/\/www.gsa-technology.ch\/fr\/wp-content\/uploads\/sites\/3\/2019\/09\/Skizze-GSA-SAN-300x140.png 300w\" data-sizes=\"(max-width: 337px) 100vw, 337px\" src=\"data:image\/svg+xml;base64,PHN2ZyB3aWR0aD0iMSIgaGVpZ2h0PSIxIiB4bWxucz0iaHR0cDovL3d3dy53My5vcmcvMjAwMC9zdmciPjwvc3ZnPg==\" style=\"--smush-placeholder-width: 337px; --smush-placeholder-aspect-ratio: 337\/157;\" \/><\/figure><div class=\"wp-block-media-text__content\">\n<p>Assainir statiquement les structures porteuses en<br> bois existantes afin de r\u00e9tablir la s\u00e9curit\u00e9 exig\u00e9e. Pour cela, il est d\u2019abord n\u00e9cessaire \u2019\u00e9liminer les parties d\u00e9labr\u00e9es et de les remplacer gr\u00e2ce \u00e0 la technologie GSA par du neuf li\u00e9 statiquement aux \u00e9l\u00e9ments sains de l\u2019existant.<\/p>\n\n\n\n<p><\/p>\n<\/div><\/div>\n\n\n\n<p><a href=\"https:\/\/www.gsa-technology.ch\/fr\/wp-content\/uploads\/sites\/3\/2025\/03\/Produktdatenblatt_GSA-SAN_FR.pdf\" data-type=\"URL\" data-id=\"\/fr\/wp-content\/uploads\/sites\/3\/2022\/02\/Produktdatenblatt_GSA-SAN_FR.pdf\" target=\"_blank\" rel=\"noreferrer noopener\">Affiche GSA-SAN<\/a><\/p>\n\n\n\n<figure class=\"wp-block-gallery has-nested-images columns-default is-cropped wp-block-gallery-1 is-layout-flex wp-block-gallery-is-layout-flex\">\n<figure class=\"wp-block-image size-large\"><a href=\"https:\/\/www.gsa-technology.ch\/fr\/wp-content\/uploads\/sites\/3\/2019\/09\/gsa-san-1.jpg\" target=\"_blank\" rel=\"noopener\"><img decoding=\"async\" width=\"1024\" height=\"576\" data-id=\"456\" data-src=\"https:\/\/www.gsa-technology.ch\/wp-content\/uploads\/sites\/3\/2019\/09\/gsa-san-1-1024x576.jpg\" alt=\"\" class=\"wp-image-456 lazyload\" data-srcset=\"https:\/\/www.gsa-technology.ch\/fr\/wp-content\/uploads\/sites\/3\/2019\/09\/gsa-san-1-1024x576.jpg 1024w, https:\/\/www.gsa-technology.ch\/fr\/wp-content\/uploads\/sites\/3\/2019\/09\/gsa-san-1-300x169.jpg 300w, https:\/\/www.gsa-technology.ch\/fr\/wp-content\/uploads\/sites\/3\/2019\/09\/gsa-san-1-768x432.jpg 768w, https:\/\/www.gsa-technology.ch\/fr\/wp-content\/uploads\/sites\/3\/2019\/09\/gsa-san-1.jpg 1920w\" data-sizes=\"(max-width: 1024px) 100vw, 1024px\" src=\"data:image\/svg+xml;base64,PHN2ZyB3aWR0aD0iMSIgaGVpZ2h0PSIxIiB4bWxucz0iaHR0cDovL3d3dy53My5vcmcvMjAwMC9zdmciPjwvc3ZnPg==\" style=\"--smush-placeholder-width: 1024px; --smush-placeholder-aspect-ratio: 1024\/576;\" \/><\/a><\/figure>\n\n\n\n<figure class=\"wp-block-image size-large\"><a href=\"https:\/\/www.gsa-technology.ch\/fr\/wp-content\/uploads\/sites\/3\/2019\/09\/gsa-san-2.jpg\" target=\"_blank\" rel=\"noopener\"><img decoding=\"async\" width=\"768\" height=\"1024\" data-id=\"457\" data-src=\"https:\/\/www.gsa-technology.ch\/wp-content\/uploads\/sites\/3\/2019\/09\/gsa-san-2-768x1024.jpg\" alt=\"\" class=\"wp-image-457 lazyload\" data-srcset=\"https:\/\/www.gsa-technology.ch\/fr\/wp-content\/uploads\/sites\/3\/2019\/09\/gsa-san-2-768x1024.jpg 768w, https:\/\/www.gsa-technology.ch\/fr\/wp-content\/uploads\/sites\/3\/2019\/09\/gsa-san-2-225x300.jpg 225w, https:\/\/www.gsa-technology.ch\/fr\/wp-content\/uploads\/sites\/3\/2019\/09\/gsa-san-2.jpg 1440w\" data-sizes=\"(max-width: 768px) 100vw, 768px\" src=\"data:image\/svg+xml;base64,PHN2ZyB3aWR0aD0iMSIgaGVpZ2h0PSIxIiB4bWxucz0iaHR0cDovL3d3dy53My5vcmcvMjAwMC9zdmciPjwvc3ZnPg==\" style=\"--smush-placeholder-width: 768px; --smush-placeholder-aspect-ratio: 768\/1024;\" \/><\/a><\/figure>\n\n\n\n<figure class=\"wp-block-image size-large\"><a href=\"https:\/\/www.gsa-technology.ch\/fr\/wp-content\/uploads\/sites\/3\/2019\/09\/gsa-san-3.jpg\" target=\"_blank\" rel=\"noopener\"><img decoding=\"async\" width=\"768\" height=\"1024\" data-id=\"458\" data-src=\"https:\/\/www.gsa-technology.ch\/wp-content\/uploads\/sites\/3\/2019\/09\/gsa-san-3-768x1024.jpg\" alt=\"\" class=\"wp-image-458 lazyload\" data-srcset=\"https:\/\/www.gsa-technology.ch\/fr\/wp-content\/uploads\/sites\/3\/2019\/09\/gsa-san-3-768x1024.jpg 768w, https:\/\/www.gsa-technology.ch\/fr\/wp-content\/uploads\/sites\/3\/2019\/09\/gsa-san-3-225x300.jpg 225w, https:\/\/www.gsa-technology.ch\/fr\/wp-content\/uploads\/sites\/3\/2019\/09\/gsa-san-3.jpg 1440w\" data-sizes=\"(max-width: 768px) 100vw, 768px\" src=\"data:image\/svg+xml;base64,PHN2ZyB3aWR0aD0iMSIgaGVpZ2h0PSIxIiB4bWxucz0iaHR0cDovL3d3dy53My5vcmcvMjAwMC9zdmciPjwvc3ZnPg==\" style=\"--smush-placeholder-width: 768px; --smush-placeholder-aspect-ratio: 768\/1024;\" \/><\/a><\/figure>\n\n\n\n<figure class=\"wp-block-image size-large\"><a href=\"https:\/\/www.gsa-technology.ch\/fr\/wp-content\/uploads\/sites\/3\/2019\/09\/gsa-san-4.jpg\" target=\"_blank\" rel=\"noopener\"><img decoding=\"async\" width=\"606\" height=\"454\" data-id=\"459\" data-src=\"https:\/\/www.gsa-technology.ch\/wp-content\/uploads\/sites\/3\/2019\/09\/gsa-san-4.jpg\" alt=\"\" class=\"wp-image-459 lazyload\" data-srcset=\"https:\/\/www.gsa-technology.ch\/fr\/wp-content\/uploads\/sites\/3\/2019\/09\/gsa-san-4.jpg 606w, https:\/\/www.gsa-technology.ch\/fr\/wp-content\/uploads\/sites\/3\/2019\/09\/gsa-san-4-300x225.jpg 300w\" data-sizes=\"(max-width: 606px) 100vw, 606px\" src=\"data:image\/svg+xml;base64,PHN2ZyB3aWR0aD0iMSIgaGVpZ2h0PSIxIiB4bWxucz0iaHR0cDovL3d3dy53My5vcmcvMjAwMC9zdmciPjwvc3ZnPg==\" style=\"--smush-placeholder-width: 606px; --smush-placeholder-aspect-ratio: 606\/454;\" \/><\/a><\/figure>\n\n\n\n<figure class=\"wp-block-image size-large\"><a href=\"https:\/\/www.gsa-technology.ch\/fr\/wp-content\/uploads\/sites\/3\/2019\/09\/gsa-san-5.jpg\" target=\"_blank\" rel=\"noopener\"><img decoding=\"async\" width=\"1024\" height=\"576\" data-id=\"460\" data-src=\"https:\/\/www.gsa-technology.ch\/wp-content\/uploads\/sites\/3\/2019\/09\/gsa-san-5-1024x576.jpg\" alt=\"\" class=\"wp-image-460 lazyload\" data-srcset=\"https:\/\/www.gsa-technology.ch\/fr\/wp-content\/uploads\/sites\/3\/2019\/09\/gsa-san-5-1024x576.jpg 1024w, https:\/\/www.gsa-technology.ch\/fr\/wp-content\/uploads\/sites\/3\/2019\/09\/gsa-san-5-300x169.jpg 300w, https:\/\/www.gsa-technology.ch\/fr\/wp-content\/uploads\/sites\/3\/2019\/09\/gsa-san-5-768x432.jpg 768w, https:\/\/www.gsa-technology.ch\/fr\/wp-content\/uploads\/sites\/3\/2019\/09\/gsa-san-5.jpg 1920w\" data-sizes=\"(max-width: 1024px) 100vw, 1024px\" src=\"data:image\/svg+xml;base64,PHN2ZyB3aWR0aD0iMSIgaGVpZ2h0PSIxIiB4bWxucz0iaHR0cDovL3d3dy53My5vcmcvMjAwMC9zdmciPjwvc3ZnPg==\" style=\"--smush-placeholder-width: 1024px; --smush-placeholder-aspect-ratio: 1024\/576;\" \/><\/a><\/figure>\n<\/figure>\n","protected":false},"excerpt":{"rendered":"<p>Assainir statiquement les structures porteuses en bois existantes afin de r\u00e9tablir la s\u00e9curit\u00e9 exig\u00e9e. Pour cela, il est d\u2019abord n\u00e9cessaire \u2019\u00e9liminer les parties d\u00e9labr\u00e9es et de les remplacer gr\u00e2ce \u00e0 la technologie GSA par du neuf li\u00e9 statiquement aux \u00e9l\u00e9ments sains de l\u2019existant. Affiche GSA-SAN<\/p>\n","protected":false},"author":1,"featured_media":0,"parent":34,"menu_order":0,"comment_status":"closed","ping_status":"closed","template":"","meta":{"footnotes":""},"class_list":["post-77","page","type-page","status-publish","hentry"],"_links":{"self":[{"href":"https:\/\/www.gsa-technology.ch\/fr\/wp-json\/wp\/v2\/pages\/77","targetHints":{"allow":["GET"]}}],"collection":[{"href":"https:\/\/www.gsa-technology.ch\/fr\/wp-json\/wp\/v2\/pages"}],"about":[{"href":"https:\/\/www.gsa-technology.ch\/fr\/wp-json\/wp\/v2\/types\/page"}],"author":[{"embeddable":true,"href":"https:\/\/www.gsa-technology.ch\/fr\/wp-json\/wp\/v2\/users\/1"}],"replies":[{"embeddable":true,"href":"https:\/\/www.gsa-technology.ch\/fr\/wp-json\/wp\/v2\/comments?post=77"}],"version-history":[{"count":17,"href":"https:\/\/www.gsa-technology.ch\/fr\/wp-json\/wp\/v2\/pages\/77\/revisions"}],"predecessor-version":[{"id":1950,"href":"https:\/\/www.gsa-technology.ch\/fr\/wp-json\/wp\/v2\/pages\/77\/revisions\/1950"}],"up":[{"embeddable":true,"href":"https:\/\/www.gsa-technology.ch\/fr\/wp-json\/wp\/v2\/pages\/34"}],"wp:attachment":[{"href":"https:\/\/www.gsa-technology.ch\/fr\/wp-json\/wp\/v2\/media?parent=77"}],"curies":[{"name":"wp","href":"https:\/\/api.w.org\/{rel}","templated":true}]}}